{"id":26453,"date":"2025-02-20T22:28:18","date_gmt":"2025-02-20T22:28:18","guid":{"rendered":"http:\/\/olemosaic.com\/producto\/funda-de-telefono-para-iphone-11-tpu-abstracto-azul\/"},"modified":"2025-07-25T19:21:48","modified_gmt":"2025-07-25T17:21:48","slug":"capa-de-telemovel-para-iphone-11-tpu-abstrato-azul","status":"publish","type":"product","link":"https:\/\/olemosaic.com\/pt-pt\/produto\/capa-de-telemovel-para-iphone-11-tpu-abstrato-azul\/","title":{"rendered":"Capa de telem\u00f3vel para iPhone 11 (TPU). Abstrato. Azul"},"content":{"rendered":"<p>Descubra a nossa capa para iPhone 11, que capta a ess\u00eancia vibrante de Barcelona. Fabricada em TPU flex\u00edvel, esta capa destaca-se pelo seu design abstrato com uma explos\u00e3o de cores din\u00e2micas: azuis, amarelos, rosas e laranjas entrela\u00e7am-se numa dan\u00e7a visual cativante. No centro, o ic\u00f3nico nome &#8220;Barcelona&#8221; sobressai com letras brancas, criando um contraste chamativo que garante que o seu dispositivo reflita um estilo moderno e en\u00e9rgico. Al\u00e9m da sua est\u00e9tica, esta capa oferece uma prote\u00e7\u00e3o excecional, ajustando-se perfeitamente ao dispositivo e proporcionando durabilidade contra golpes e riscos.<\/p>\n<p>O design abstrato evoca as ruas coloridas e a vibrante cultura da cidade condal, tornando-a um excelente presente para turistas que procuram levar um peda\u00e7o de Barcelona. Esta capa n\u00e3o \u00e9 apenas um acess\u00f3rio \u00fatil, mas tamb\u00e9m uma recorda\u00e7\u00e3o aut\u00eantica que liga quem a utiliza \u00e0 rica heran\u00e7a art\u00edstica e cultural da regi\u00e3o. Na Ol\u00e9 Mosaic, como grossista de recorda\u00e7\u00f5es, garantimos que cada pe\u00e7a seja um reflexo da autenticidade e do esp\u00edrito da cidade, ideal para lojas de recorda\u00e7\u00f5es tur\u00edsticas que procuram produtos atrativos e representativos.<\/p>\n","protected":false},"excerpt":{"rendered":"<p>Capa de telem\u00f3vel para iPhone 11 fabricada em TPU, com um design abstrato e vibrante em tons de azul, amarelo, rosa e laranja. Destaca-se pela sua ilustra\u00e7\u00e3o moderna, que representa uma fus\u00e3o de cores din\u00e2micas, contrastando com o texto &#8220;Barcelona&#8221; em letras brancas. Ideal para quem procura proteger o seu dispositivo com estilo e levar um pouco da ess\u00eancia de Barcelona para todo o lado. O seu material flex\u00edvel oferece durabilidade e um ajuste perfeito.<\/p>\n","protected":false},"featured_media":12146,"template":"","meta":{"_acf_changed":false},"product_brand":[],"product_cat":[685],"product_tag":[],"class_list":{"0":"post-26453","1":"product","2":"type-product","3":"status-publish","4":"has-post-thumbnail","6":"product_cat-capas-para-telemoveis","7":"pa_ciudad-barcelona","8":"pa_motivo-resumo","9":"pa_pais-espana","11":"first","12":"instock","13":"shipping-taxable","14":"product-type-simple"},"acf":[],"_links":{"self":[{"href":"https:\/\/olemosaic.com\/pt-pt\/wp-json\/wp\/v2\/product\/26453","targetHints":{"allow":["GET"]}}],"collection":[{"href":"https:\/\/olemosaic.com\/pt-pt\/wp-json\/wp\/v2\/product"}],"about":[{"href":"https:\/\/olemosaic.com\/pt-pt\/wp-json\/wp\/v2\/types\/product"}],"wp:featuredmedia":[{"embeddable":true,"href":"https:\/\/olemosaic.com\/pt-pt\/wp-json\/wp\/v2\/media\/12146"}],"wp:attachment":[{"href":"https:\/\/olemosaic.com\/pt-pt\/wp-json\/wp\/v2\/media?parent=26453"}],"wp:term":[{"taxonomy":"product_brand","embeddable":true,"href":"https:\/\/olemosaic.com\/pt-pt\/wp-json\/wp\/v2\/product_brand?post=26453"},{"taxonomy":"product_cat","embeddable":true,"href":"https:\/\/olemosaic.com\/pt-pt\/wp-json\/wp\/v2\/product_cat?post=26453"},{"taxonomy":"product_tag","embeddable":true,"href":"https:\/\/olemosaic.com\/pt-pt\/wp-json\/wp\/v2\/product_tag?post=26453"}],"curies":[{"name":"wp","href":"https:\/\/api.w.org\/{rel}","templated":true}]}}