{"id":26407,"date":"2025-02-20T23:28:17","date_gmt":"2025-02-20T22:28:17","guid":{"rendered":"http:\/\/olemosaic.com\/producto\/botella-inox-350-ml-toro\/"},"modified":"2025-07-25T18:40:13","modified_gmt":"2025-07-25T16:40:13","slug":"garrafa-inox-350-ml-touro","status":"publish","type":"product","link":"https:\/\/olemosaic.com\/pt-pt\/produto\/garrafa-inox-350-ml-touro\/","title":{"rendered":"Garrafa inox. 350 ml. Touro."},"content":{"rendered":"<p>Descubra a nossa elegante garrafa de a\u00e7o inoxid\u00e1vel de 350 ml, adornada com um vibrante design de um touro, um s\u00edmbolo emblem\u00e1tico da cultura espanhola. Esta garrafa n\u00e3o s\u00f3 \u00e9 pr\u00e1tica para manter as suas bebidas frias, como tamb\u00e9m um aut\u00eantico souvenir que celebra a rica tradi\u00e7\u00e3o espanhola. O design apresenta um colorido mosaico, que combina tons brilhantes e formas geom\u00e9tricas, evocando a famosa t\u00e9cnica do trencad\u00eds, herdada da arte modernista de Gaud\u00ed. O touro, figura central desta decora\u00e7\u00e3o, representa a for\u00e7a e a paix\u00e3o da cultura taurina, presente em numerosas festividades por toda a Espanha. A garrafa, fabricada em a\u00e7o inoxid\u00e1vel, garante durabilidade e a conserva\u00e7\u00e3o da temperatura das suas bebidas, enquanto a sua apresenta\u00e7\u00e3o numa bonita caixa decorativa a torna um presente ideal. Este produto \u00e9 perfeito para turistas que procuram souvenirs aut\u00eanticos, funcionais e que representem a ess\u00eancia de Espanha. Na Ol\u00e9 Mosaic, orgulhamo-nos de distribuir produtos artesanais, como esta garrafa de touro que captura o esp\u00edrito do folclore espanhol, tornando-a uma op\u00e7\u00e3o irresist\u00edvel para lojas de presentes tur\u00edsticos.<\/p>\n","protected":false},"excerpt":{"rendered":"<p>Garrafa inox. de 350 ml, decorada com um vibrante design de um touro, s\u00edmbolo emblem\u00e1tico da cultura espanhola. Fabricada em a\u00e7o inoxid\u00e1vel, esta garrafa apresenta um colorido mosaico que captura a ess\u00eancia do folclore espanhol, combinando tons brilhantes e formas geom\u00e9tricas que evocam a tradi\u00e7\u00e3o art\u00edstica do trencad\u00eds. Ideal para manter as suas bebidas frias e um acess\u00f3rio chamativo para qualquer ocasi\u00e3o, apresenta-se numa bonita caixa decorativa.<\/p>\n","protected":false},"featured_media":11138,"template":"","meta":{"_acf_changed":false},"product_brand":[],"product_cat":[786],"product_tag":[516],"class_list":{"0":"post-26407","1":"product","2":"type-product","3":"status-publish","4":"has-post-thumbnail","6":"product_cat-garrafas-inox","7":"product_tag-animais","8":"pa_motivo-touros","10":"first","11":"instock","12":"shipping-taxable","13":"product-type-simple"},"acf":[],"_links":{"self":[{"href":"https:\/\/olemosaic.com\/pt-pt\/wp-json\/wp\/v2\/product\/26407","targetHints":{"allow":["GET"]}}],"collection":[{"href":"https:\/\/olemosaic.com\/pt-pt\/wp-json\/wp\/v2\/product"}],"about":[{"href":"https:\/\/olemosaic.com\/pt-pt\/wp-json\/wp\/v2\/types\/product"}],"wp:featuredmedia":[{"embeddable":true,"href":"https:\/\/olemosaic.com\/pt-pt\/wp-json\/wp\/v2\/media\/11138"}],"wp:attachment":[{"href":"https:\/\/olemosaic.com\/pt-pt\/wp-json\/wp\/v2\/media?parent=26407"}],"wp:term":[{"taxonomy":"product_brand","embeddable":true,"href":"https:\/\/olemosaic.com\/pt-pt\/wp-json\/wp\/v2\/product_brand?post=26407"},{"taxonomy":"product_cat","embeddable":true,"href":"https:\/\/olemosaic.com\/pt-pt\/wp-json\/wp\/v2\/product_cat?post=26407"},{"taxonomy":"product_tag","embeddable":true,"href":"https:\/\/olemosaic.com\/pt-pt\/wp-json\/wp\/v2\/product_tag?post=26407"}],"curies":[{"name":"wp","href":"https:\/\/api.w.org\/{rel}","templated":true}]}}