{"id":26405,"date":"2025-02-20T23:28:17","date_gmt":"2025-02-20T22:28:17","guid":{"rendered":"http:\/\/olemosaic.com\/producto\/botella-inox-500-ml-buho\/"},"modified":"2025-07-25T19:34:53","modified_gmt":"2025-07-25T17:34:53","slug":"garrafa-inox-500-ml-coruja","status":"publish","type":"product","link":"https:\/\/olemosaic.com\/pt-pt\/produto\/garrafa-inox-500-ml-coruja\/","title":{"rendered":"Garrafa inox. 500 ml. Coruja."},"content":{"rendered":"<p>Descubra a nossa garrafa de a\u00e7o inoxid\u00e1vel de 500 ml, uma pe\u00e7a \u00fanica que combina funcionalidade com um design vibrante inspirado na arte tradicional espanhola. Decorada com uma impressionante coruja em mosaico que se destaca em tons amarelos, vermelhos e azuis sobre um fundo branco com padr\u00f5es de mosaico, esta garrafa n\u00e3o s\u00f3 \u00e9 um acess\u00f3rio visualmente atraente, como tamb\u00e9m uma homenagem \u00e0 rica heran\u00e7a cultural de Espanha. O seu acabamento em a\u00e7o inoxid\u00e1vel garante durabilidade e um isolamento eficiente, ideal para manter as suas bebidas frias ou quentes em qualquer momento do dia.<\/p>\n<p>A coruja, s\u00edmbolo de sabedoria e mist\u00e9rio, torna-se a protagonista desta garrafa, atraindo a aten\u00e7\u00e3o de quem a v\u00ea e tornando-se uma excelente recorda\u00e7\u00e3o das diversas express\u00f5es art\u00edsticas que se encontram na pen\u00ednsula ib\u00e9rica. Com a sua pr\u00e1tica tampa de metal e um design ergon\u00f3mico, esta garrafa \u00e9 perfeita para quem procura um souvenir aut\u00eantico que represente o esp\u00edrito de Espanha e as suas tradi\u00e7\u00f5es. Na Ol\u00e9 Mosaic, orgulhamo-nos de oferecer souvenirs de alta qualidade por grosso, tornando esta garrafa um produto ideal para lojas de presentes tur\u00edsticos que procuram artigos atraentes e significativos.<\/p>\n","protected":false},"excerpt":{"rendered":"<p>Garrafa de a\u00e7o inoxid\u00e1vel de 500 ml, decorada com um vibrante design de uma coruja em mosaico que evoca a colorida arte tradicional espanhola. Com acabamento e tampa met\u00e1licos, esta garrafa garante durabilidade e isolamento. A coruja, pintada em tons amarelos, vermelhos e azuis, destaca-se sobre um fundo branco com padr\u00f5es de mosaico, ideal para quem procura um acess\u00f3rio sustent\u00e1vel e atraente. Perfeita para levar bebidas frias ou quentes.<\/p>\n","protected":false},"featured_media":9792,"template":"","meta":{"_acf_changed":false},"product_brand":[],"product_cat":[786],"product_tag":[516],"class_list":{"0":"post-26405","1":"product","2":"type-product","3":"status-publish","4":"has-post-thumbnail","6":"product_cat-garrafas-inox","7":"product_tag-animais","8":"pa_motivo-corujas","10":"first","11":"instock","12":"shipping-taxable","13":"product-type-simple"},"acf":[],"_links":{"self":[{"href":"https:\/\/olemosaic.com\/pt-pt\/wp-json\/wp\/v2\/product\/26405","targetHints":{"allow":["GET"]}}],"collection":[{"href":"https:\/\/olemosaic.com\/pt-pt\/wp-json\/wp\/v2\/product"}],"about":[{"href":"https:\/\/olemosaic.com\/pt-pt\/wp-json\/wp\/v2\/types\/product"}],"wp:featuredmedia":[{"embeddable":true,"href":"https:\/\/olemosaic.com\/pt-pt\/wp-json\/wp\/v2\/media\/9792"}],"wp:attachment":[{"href":"https:\/\/olemosaic.com\/pt-pt\/wp-json\/wp\/v2\/media?parent=26405"}],"wp:term":[{"taxonomy":"product_brand","embeddable":true,"href":"https:\/\/olemosaic.com\/pt-pt\/wp-json\/wp\/v2\/product_brand?post=26405"},{"taxonomy":"product_cat","embeddable":true,"href":"https:\/\/olemosaic.com\/pt-pt\/wp-json\/wp\/v2\/product_cat?post=26405"},{"taxonomy":"product_tag","embeddable":true,"href":"https:\/\/olemosaic.com\/pt-pt\/wp-json\/wp\/v2\/product_tag?post=26405"}],"curies":[{"name":"wp","href":"https:\/\/api.w.org\/{rel}","templated":true}]}}