{"id":26404,"date":"2025-02-20T23:28:17","date_gmt":"2025-02-20T22:28:17","guid":{"rendered":"http:\/\/olemosaic.com\/producto\/botella-inox-500-ml-gato-barcelona\/"},"modified":"2025-07-25T18:36:18","modified_gmt":"2025-07-25T16:36:18","slug":"garrafa-inox-500-ml-gato-barcelona","status":"publish","type":"product","link":"https:\/\/olemosaic.com\/pt-pt\/produto\/garrafa-inox-500-ml-gato-barcelona\/","title":{"rendered":"Garrafa inox. 500 ml. Gato. Barcelona."},"content":{"rendered":"<p>Descubra a nossa garrafa de a\u00e7o inoxid\u00e1vel de 500 ml, uma vibrante homenagem \u00e0 ess\u00eancia de Barcelona atrav\u00e9s de um design cativante. Ideal para manter as suas bebidas frias ou quentes, esta garrafa apresenta um elegante acabamento em a\u00e7o inoxid\u00e1vel, garantindo durabilidade e funcionalidade. O design art\u00edstico mostra uma s\u00e9rie de coloridos mosaicos de gatos, evocando o famoso estilo modernista que caracteriza a cidade. Os gatos, pintados em exuberantes tons vermelhos, verdes e azuis, ganham vida rodeados de borboletas, criando uma composi\u00e7\u00e3o visual que convida \u00e0 alegria. O nome &#8220;Barcelona&#8221; integra-se no design com um toque moderno, tornando-se parte integrante do seu apelo est\u00e9tico.<\/p>\n<p>Este produto n\u00e3o \u00e9 apenas funcional, mas tamb\u00e9m uma recorda\u00e7\u00e3o da vibrante cultura de Barcelona, o que o torna um souvenir perfeito para aqueles que desejam levar um peda\u00e7o da cidade consigo. A sua relev\u00e2ncia cultural, combinada com o seu apelo visual, torna-o uma excelente op\u00e7\u00e3o para lojas de presentes tur\u00edsticos que procuram produtos aut\u00eanticos e representativos. Na Ol\u00e9 Mosaic, orgulhamo-nos de oferecer souvenirs de qualidade, e esta garrafa n\u00e3o \u00e9 apenas um acess\u00f3rio, mas um s\u00edmbolo da arte e da criatividade que definem Barcelona. Como grossistas de garrafas, garantimos que cada pe\u00e7a \u00e9 um reflexo da cultura local e do artesanato.<\/p>\n","protected":false},"excerpt":{"rendered":"<p>Garrafa de a\u00e7o inoxid\u00e1vel de 500 ml, adornada com coloridos mosaicos de gatos que evocam a arte modernista de Barcelona. Este design exclusivo apresenta gatos em tons vibrantes de vermelho, verde e azul, rodeados de borboletas sobre um fundo de tonalidades suaves. Com o nome &#8220;Barcelona&#8221; serigrafado, a garrafa combina funcionalidade e est\u00e9tica, sendo perfeita para quem deseja levar um peda\u00e7o da cidade no seu dia a dia.<\/p>\n","protected":false},"featured_media":11630,"template":"","meta":{"_acf_changed":false},"product_brand":[],"product_cat":[786],"product_tag":[516],"class_list":{"0":"post-26404","1":"product","2":"type-product","3":"status-publish","4":"has-post-thumbnail","6":"product_cat-garrafas-inox","7":"product_tag-animais","8":"pa_ciudad-barcelona","9":"pa_motivo-gatos","10":"pa_pais-espana","12":"first","13":"instock","14":"shipping-taxable","15":"product-type-simple"},"acf":[],"_links":{"self":[{"href":"https:\/\/olemosaic.com\/pt-pt\/wp-json\/wp\/v2\/product\/26404","targetHints":{"allow":["GET"]}}],"collection":[{"href":"https:\/\/olemosaic.com\/pt-pt\/wp-json\/wp\/v2\/product"}],"about":[{"href":"https:\/\/olemosaic.com\/pt-pt\/wp-json\/wp\/v2\/types\/product"}],"wp:featuredmedia":[{"embeddable":true,"href":"https:\/\/olemosaic.com\/pt-pt\/wp-json\/wp\/v2\/media\/11630"}],"wp:attachment":[{"href":"https:\/\/olemosaic.com\/pt-pt\/wp-json\/wp\/v2\/media?parent=26404"}],"wp:term":[{"taxonomy":"product_brand","embeddable":true,"href":"https:\/\/olemosaic.com\/pt-pt\/wp-json\/wp\/v2\/product_brand?post=26404"},{"taxonomy":"product_cat","embeddable":true,"href":"https:\/\/olemosaic.com\/pt-pt\/wp-json\/wp\/v2\/product_cat?post=26404"},{"taxonomy":"product_tag","embeddable":true,"href":"https:\/\/olemosaic.com\/pt-pt\/wp-json\/wp\/v2\/product_tag?post=26404"}],"curies":[{"name":"wp","href":"https:\/\/api.w.org\/{rel}","templated":true}]}}