{"id":26403,"date":"2025-02-20T23:28:17","date_gmt":"2025-02-20T22:28:17","guid":{"rendered":"http:\/\/olemosaic.com\/producto\/botella-inox-500-ml-gato-2\/"},"modified":"2025-07-25T18:50:02","modified_gmt":"2025-07-25T16:50:02","slug":"garrafa-inox-500-ml-gato-2","status":"publish","type":"product","link":"https:\/\/olemosaic.com\/pt-pt\/produto\/garrafa-inox-500-ml-gato-2\/","title":{"rendered":"Garrafa inox. 500 ml. Gato."},"content":{"rendered":"<p>Descubra a nossa garrafa de a\u00e7o inoxid\u00e1vel de 500 ml, decorada com um vibrante design de gatos em mosaico, uma pe\u00e7a que funde funcionalidade e arte. Este atraente souvenir apresenta um fundo branco que real\u00e7a um padr\u00e3o cer\u00e2mico onde dois encantadores gatos, um num alegre tom amarelo e outro multicolor, se veem rodeados de coloridas borboletas. A representa\u00e7\u00e3o dos gatos, s\u00edmbolo de curiosidade e alegria, reflete o car\u00e1cter l\u00fadico e art\u00edstico da tradi\u00e7\u00e3o espanhola, muito apreciada na arte do mosaico.<\/p>\n<p>O cativante design n\u00e3o s\u00f3 a torna um objeto \u00fatil para manter as suas bebidas frias ou quentes, como tamb\u00e9m \u00e9 uma homenagem \u00e0 rica heran\u00e7a cultural de Espanha, onde a arte do mosaico \u00e9 uma forma de express\u00e3o visual muito valorizada. Ideal para turistas que procuram uma recorda\u00e7\u00e3o aut\u00eantica e representativa, esta garrafa de a\u00e7o inoxid\u00e1vel \u00e9 uma excelente op\u00e7\u00e3o para lojas de presentes tur\u00edsticos. Na Ol\u00e9 Mosaic, especializamo-nos na distribui\u00e7\u00e3o grossista de souvenirs de qualidade, como esta original garrafa que combina um estilo moderno com um car\u00e1cter profundamente enraizado na cultura local. Como grossistas, garantimos design exclusivo e autenticidade em cada uma das nossas pe\u00e7as, perfeitas para aquelas lojas que procuram atrair clientes em busca de recorda\u00e7\u00f5es \u00fanicas.<\/p>\n","protected":false},"excerpt":{"rendered":"<p>Garrafa de a\u00e7o inoxid\u00e1vel de 500 ml decorada com um vibrante design de mosaico com gatos. A garrafa, com fundo branco e um padr\u00e3o cer\u00e2mico, destaca as coloridas ilustra\u00e7\u00f5es de dois gatos, um amarelo e outro multicolor, rodeados de borboletas. Ideal para manter as suas bebidas frias ou quentes, combina funcionalidade e estilo, prestando homenagem \u00e0 rica tradi\u00e7\u00e3o art\u00edstica espanhola.<\/p>\n","protected":false},"featured_media":11629,"template":"","meta":{"_acf_changed":false},"product_brand":[],"product_cat":[786],"product_tag":[516],"class_list":{"0":"post-26403","1":"product","2":"type-product","3":"status-publish","4":"has-post-thumbnail","6":"product_cat-garrafas-inox","7":"product_tag-animais","8":"pa_motivo-gatos","10":"first","11":"instock","12":"shipping-taxable","13":"product-type-simple"},"acf":[],"_links":{"self":[{"href":"https:\/\/olemosaic.com\/pt-pt\/wp-json\/wp\/v2\/product\/26403","targetHints":{"allow":["GET"]}}],"collection":[{"href":"https:\/\/olemosaic.com\/pt-pt\/wp-json\/wp\/v2\/product"}],"about":[{"href":"https:\/\/olemosaic.com\/pt-pt\/wp-json\/wp\/v2\/types\/product"}],"wp:featuredmedia":[{"embeddable":true,"href":"https:\/\/olemosaic.com\/pt-pt\/wp-json\/wp\/v2\/media\/11629"}],"wp:attachment":[{"href":"https:\/\/olemosaic.com\/pt-pt\/wp-json\/wp\/v2\/media?parent=26403"}],"wp:term":[{"taxonomy":"product_brand","embeddable":true,"href":"https:\/\/olemosaic.com\/pt-pt\/wp-json\/wp\/v2\/product_brand?post=26403"},{"taxonomy":"product_cat","embeddable":true,"href":"https:\/\/olemosaic.com\/pt-pt\/wp-json\/wp\/v2\/product_cat?post=26403"},{"taxonomy":"product_tag","embeddable":true,"href":"https:\/\/olemosaic.com\/pt-pt\/wp-json\/wp\/v2\/product_tag?post=26403"}],"curies":[{"name":"wp","href":"https:\/\/api.w.org\/{rel}","templated":true}]}}