{"id":26387,"date":"2025-02-20T23:28:17","date_gmt":"2025-02-20T22:28:17","guid":{"rendered":"http:\/\/olemosaic.com\/producto\/botella-inox-350-ml-gato\/"},"modified":"2025-07-25T19:07:11","modified_gmt":"2025-07-25T17:07:11","slug":"garrafa-inox-350-ml-gato","status":"publish","type":"product","link":"https:\/\/olemosaic.com\/pt-pt\/produto\/garrafa-inox-350-ml-gato\/","title":{"rendered":"Garrafa inox. 350 ml. Gato."},"content":{"rendered":"<p>Descubra a nossa garrafa de a\u00e7o inoxid\u00e1vel de 350 ml, uma recorda\u00e7\u00e3o original que, al\u00e9m de ser funcional, \u00e9 uma celebra\u00e7\u00e3o da cultura mediterr\u00e2nica e da sua arte colorida. Decorada com um vibrante design de um gato, esta garrafa destaca-se por um espetacular mosaico com brilhantes tons azuis, verdes, amarelos e vermelhos, que lhe conferem uma est\u00e9tica alegre e distintiva. As borboletas em voo que acompanham o design adicionam um toque delicado e cheio de vida. O seu acabamento pintado \u00e0 m\u00e3o n\u00e3o s\u00f3 real\u00e7a o artesanato \u00fanico, como tamb\u00e9m lhe confere um ar moderno, ideal para os amantes dos animais e da arte. A garrafa \u00e9 entregue numa atraente caixa decorativa, o que a torna o presente perfeito para levar em qualquer aventura ou como uma encantadora recorda\u00e7\u00e3o da sua viagem. Esta recorda\u00e7\u00e3o n\u00e3o \u00e9 apenas um objeto \u00fatil, mas um s\u00edmbolo da beleza e da criatividade da regi\u00e3o mediterr\u00e2nica, ideal para turistas que procuram pe\u00e7as aut\u00eanticas e significativas. Na Ol\u00e9 Mosaic, como grossistas de presentes tur\u00edsticos, oferecemos produtos que combinam qualidade e relev\u00e2ncia cultural, concebidos para cativar qualquer montra.<\/p>\n","protected":false},"excerpt":{"rendered":"<p>Garrafa de a\u00e7o inoxid\u00e1vel de 350 ml decorada com um vibrante design de gato, ideal para os amantes dos animais e da cultura mediterr\u00e2nica. A garrafa apresenta um colorido mosaico com tons brilhantes de azul, verde, amarelo e vermelho, complementado por borboletas em voo. O seu acabamento de design artesanal, pintado \u00e0 m\u00e3o, real\u00e7a o artesanato \u00fanico e confere-lhe um toque moderno. Acompanhada pela sua caixa decorativa, \u00e9 perfeita para levar consigo em qualquer aventura.<\/p>\n","protected":false},"featured_media":11144,"template":"","meta":{"_acf_changed":false},"product_brand":[],"product_cat":[786],"product_tag":[516],"class_list":{"0":"post-26387","1":"product","2":"type-product","3":"status-publish","4":"has-post-thumbnail","6":"product_cat-garrafas-inox","7":"product_tag-animais","8":"pa_motivo-gatos","10":"first","11":"instock","12":"shipping-taxable","13":"product-type-simple"},"acf":[],"_links":{"self":[{"href":"https:\/\/olemosaic.com\/pt-pt\/wp-json\/wp\/v2\/product\/26387","targetHints":{"allow":["GET"]}}],"collection":[{"href":"https:\/\/olemosaic.com\/pt-pt\/wp-json\/wp\/v2\/product"}],"about":[{"href":"https:\/\/olemosaic.com\/pt-pt\/wp-json\/wp\/v2\/types\/product"}],"wp:featuredmedia":[{"embeddable":true,"href":"https:\/\/olemosaic.com\/pt-pt\/wp-json\/wp\/v2\/media\/11144"}],"wp:attachment":[{"href":"https:\/\/olemosaic.com\/pt-pt\/wp-json\/wp\/v2\/media?parent=26387"}],"wp:term":[{"taxonomy":"product_brand","embeddable":true,"href":"https:\/\/olemosaic.com\/pt-pt\/wp-json\/wp\/v2\/product_brand?post=26387"},{"taxonomy":"product_cat","embeddable":true,"href":"https:\/\/olemosaic.com\/pt-pt\/wp-json\/wp\/v2\/product_cat?post=26387"},{"taxonomy":"product_tag","embeddable":true,"href":"https:\/\/olemosaic.com\/pt-pt\/wp-json\/wp\/v2\/product_tag?post=26387"}],"curies":[{"name":"wp","href":"https:\/\/api.w.org\/{rel}","templated":true}]}}