{"id":26383,"date":"2025-02-20T23:28:16","date_gmt":"2025-02-20T22:28:16","guid":{"rendered":"http:\/\/olemosaic.com\/producto\/iman-de-madera-panoramica\/"},"modified":"2025-07-25T20:32:09","modified_gmt":"2025-07-25T18:32:09","slug":"iman-de-madeira-panoramica","status":"publish","type":"product","link":"https:\/\/olemosaic.com\/pt-pt\/produto\/iman-de-madeira-panoramica\/","title":{"rendered":"\u00cdman de madeira. Panor\u00e2mica."},"content":{"rendered":"<p>Descubra a ess\u00eancia vibrante de Espanha com este encantador \u00edman de madeira que representa uma colorida panor\u00e2mica do folclore espanhol. Este \u00edman, cuidadosamente pintado \u00e0 m\u00e3o, ilustra uma cena alegre onde se encontram um moleiro, um guitarrista e uma cativante bailarina de flamenco com o seu carater\u00edstico vestido de bolinhas. Cada elemento \u00e9 complementado por uma paisagem ensolarada e detalhes ic\u00f3nicos da cultura espanhola, como o famoso moinho de vento, que evoca as tradi\u00e7\u00f5es de Castela-Mancha, criando uma profunda liga\u00e7\u00e3o com a heran\u00e7a cultural do pa\u00eds.<\/p>\n<p>A palavra &#8220;ESPA\u00d1A&#8221;, em cores chamativas que atraem o olhar, ergue-se como uma recorda\u00e7\u00e3o constante da riqueza desta na\u00e7\u00e3o. O seu design panor\u00e2mico n\u00e3o s\u00f3 celebra as diversas express\u00f5es art\u00edsticas do pa\u00eds, como tamb\u00e9m converte este \u00edman num excelente souvenir para quem deseja levar um pedacinho de Espanha para casa. Ideal para turistas que procuram uma recorda\u00e7\u00e3o aut\u00eantica e representativa, este \u00edman de madeira destaca-se em qualquer frigor\u00edfico, somando um toque art\u00edstico e cultural ao seu lar.<\/p>\n<p>Na Ol\u00e9 Mosaic, orgulhamo-nos de oferecer souvenirs aut\u00eanticos que capturam a ess\u00eancia de cada regi\u00e3o. Este \u00edman de madeira \u00e9 uma op\u00e7\u00e3o ideal para lojas de presentes tur\u00edsticos que procuram oferecer produtos \u00fanicos e significativos que celebrem o patrim\u00f3nio espanhol.<\/p>\n","protected":false},"excerpt":{"rendered":"<p>\u00cdman de madeira que captura a ess\u00eancia de Espanha com uma colorida panor\u00e2mica. Este \u00edman apresenta uma cena vibrante com um moleiro, um guitarrista e uma bailarina de flamenco com um vestido de bolinhas, todos rodeados de elementos ic\u00f3nicos do folclore espanhol. Pintado com estilo artesanal, o design inclui detalhes de uma paisagem ensolarada e a palavra &#8220;ESPA\u00d1A&#8221; em cores chamativas, tornando-o uma preciosa recorda\u00e7\u00e3o da cultura espanhola.<\/p>\n","protected":false},"featured_media":9555,"template":"","meta":{"_acf_changed":false},"product_brand":[],"product_cat":[699],"product_tag":[],"class_list":{"0":"post-26383","1":"product","2":"type-product","3":"status-publish","4":"has-post-thumbnail","6":"product_cat-imanes","7":"pa_motivo-panoramas","9":"first","10":"instock","11":"shipping-taxable","12":"product-type-simple"},"acf":[],"_links":{"self":[{"href":"https:\/\/olemosaic.com\/pt-pt\/wp-json\/wp\/v2\/product\/26383","targetHints":{"allow":["GET"]}}],"collection":[{"href":"https:\/\/olemosaic.com\/pt-pt\/wp-json\/wp\/v2\/product"}],"about":[{"href":"https:\/\/olemosaic.com\/pt-pt\/wp-json\/wp\/v2\/types\/product"}],"wp:featuredmedia":[{"embeddable":true,"href":"https:\/\/olemosaic.com\/pt-pt\/wp-json\/wp\/v2\/media\/9555"}],"wp:attachment":[{"href":"https:\/\/olemosaic.com\/pt-pt\/wp-json\/wp\/v2\/media?parent=26383"}],"wp:term":[{"taxonomy":"product_brand","embeddable":true,"href":"https:\/\/olemosaic.com\/pt-pt\/wp-json\/wp\/v2\/product_brand?post=26383"},{"taxonomy":"product_cat","embeddable":true,"href":"https:\/\/olemosaic.com\/pt-pt\/wp-json\/wp\/v2\/product_cat?post=26383"},{"taxonomy":"product_tag","embeddable":true,"href":"https:\/\/olemosaic.com\/pt-pt\/wp-json\/wp\/v2\/product_tag?post=26383"}],"curies":[{"name":"wp","href":"https:\/\/api.w.org\/{rel}","templated":true}]}}