{"id":26342,"date":"2025-02-20T22:28:15","date_gmt":"2025-02-20T22:28:15","guid":{"rendered":"http:\/\/olemosaic.com\/producto\/funda-de-telefono-para-samsung-a12-tpu-mariposa-barcelona-blanco\/"},"modified":"2025-07-25T18:39:40","modified_gmt":"2025-07-25T16:39:40","slug":"capa-de-telemovel-para-samsung-a12-tpu-borboleta-barcelona-branco","status":"publish","type":"product","link":"https:\/\/olemosaic.com\/pt-pt\/produto\/capa-de-telemovel-para-samsung-a12-tpu-borboleta-barcelona-branco\/","title":{"rendered":"Capa de telem\u00f3vel para Samsung A12 (TPU). Borboleta. Barcelona. Branco"},"content":{"rendered":"<p>Descubra a capa para telem\u00f3vel Samsung A12, um acess\u00f3rio que funde a prote\u00e7\u00e3o moderna com a vibrante arte de Barcelona. Fabricada em TPU resistente, esta capa n\u00e3o s\u00f3 oferece uma defesa efetiva contra choques e quedas, como tamb\u00e9m se destaca pelo seu excecional design decorativo. Apresenta um fundo branco adornado com um mosaico estilizado que incorpora vibrantes tons vermelhos e azuis, evocando a ic\u00f3nica obra de Antoni Gaud\u00ed que adorna a cidade. No centro, encontram-se borboletas meticulosamente ilustradas em cores brilhantes como o laranja, azul e rosa, que acrescentam um toque de alegria e vitalidade ao seu dispositivo.<\/p>\n<p>Este produto n\u00e3o \u00e9 apenas um elemento pr\u00e1tico para os utilizadores de Samsung A12, mas tamb\u00e9m oferece um peda\u00e7o da rica cultura barcelonesa. As borboletas simbolizam a transforma\u00e7\u00e3o e a beleza, o que reflete a ess\u00eancia da cidade condal, famosa pela sua arquitetura e pela sua vibrante arte. Como souvenir representativo de Barcelona, esta capa \u00e9 uma escolha ideal para turistas e amantes da cidade que procuram recorda\u00e7\u00f5es aut\u00eanticas e carregadas de hist\u00f3ria. Na Ol\u00e9 Mosaic, orgulhamo-nos de ser distribuidores de souvenirs que captam a autenticidade de cada regi\u00e3o, e esta capa de telem\u00f3vel \u00e9 uma excelente op\u00e7\u00e3o para lojas de recorda\u00e7\u00f5es tur\u00edsticas que desejam oferecer produtos \u00fanicos e de qualidade.<\/p>\n","protected":false},"excerpt":{"rendered":"<p>Capa para telem\u00f3vel Samsung A12 fabricada em TPU, decorada com um vibrante design de borboletas que evoca a beleza de Barcelona. Apresenta um fundo branco com um estilizado mosaico colorido em tons vermelhos e azuis, que real\u00e7a borboletas ilustradas com detalhe em cores brilhantes como laranja, azul e rosa. Este acess\u00f3rio n\u00e3o s\u00f3 protege o seu dispositivo, como tamb\u00e9m acrescenta um toque art\u00edstico e cultural inspirado na arquitetura e na arte da Cidade Condal.<\/p>\n","protected":false},"featured_media":12485,"template":"","meta":{"_acf_changed":false},"product_brand":[],"product_cat":[685],"product_tag":[516],"class_list":{"0":"post-26342","1":"product","2":"type-product","3":"status-publish","4":"has-post-thumbnail","6":"product_cat-capas-para-telemoveis","7":"product_tag-animais","8":"pa_ciudad-barcelona","9":"pa_motivo-borboletas","10":"pa_pais-espana","12":"first","13":"instock","14":"shipping-taxable","15":"product-type-simple"},"acf":[],"_links":{"self":[{"href":"https:\/\/olemosaic.com\/pt-pt\/wp-json\/wp\/v2\/product\/26342","targetHints":{"allow":["GET"]}}],"collection":[{"href":"https:\/\/olemosaic.com\/pt-pt\/wp-json\/wp\/v2\/product"}],"about":[{"href":"https:\/\/olemosaic.com\/pt-pt\/wp-json\/wp\/v2\/types\/product"}],"wp:featuredmedia":[{"embeddable":true,"href":"https:\/\/olemosaic.com\/pt-pt\/wp-json\/wp\/v2\/media\/12485"}],"wp:attachment":[{"href":"https:\/\/olemosaic.com\/pt-pt\/wp-json\/wp\/v2\/media?parent=26342"}],"wp:term":[{"taxonomy":"product_brand","embeddable":true,"href":"https:\/\/olemosaic.com\/pt-pt\/wp-json\/wp\/v2\/product_brand?post=26342"},{"taxonomy":"product_cat","embeddable":true,"href":"https:\/\/olemosaic.com\/pt-pt\/wp-json\/wp\/v2\/product_cat?post=26342"},{"taxonomy":"product_tag","embeddable":true,"href":"https:\/\/olemosaic.com\/pt-pt\/wp-json\/wp\/v2\/product_tag?post=26342"}],"curies":[{"name":"wp","href":"https:\/\/api.w.org\/{rel}","templated":true}]}}