{"id":26340,"date":"2025-02-20T22:28:15","date_gmt":"2025-02-20T22:28:15","guid":{"rendered":"http:\/\/olemosaic.com\/producto\/funda-de-telefono-para-iphone-15-pro-tpu-sagrada-familia-barcelona-azul\/"},"modified":"2025-07-25T18:39:43","modified_gmt":"2025-07-25T16:39:43","slug":"capa-de-telemovel-para-iphone-15-pro-tpu-sagrada-familia-barcelona-azul","status":"publish","type":"product","link":"https:\/\/olemosaic.com\/pt-pt\/produto\/capa-de-telemovel-para-iphone-15-pro-tpu-sagrada-familia-barcelona-azul\/","title":{"rendered":"Capa de telem\u00f3vel para iPhone 15 Pro (TPU). Sagrada Fam\u00edlia. Barcelona. Azul"},"content":{"rendered":"<p>Descubra a capa para iPhone 15 Pro inspirada na emblem\u00e1tica Sagrada Fam\u00edlia de Barcelona, uma pe\u00e7a que funde funcionalidade e arte. Elaborada em TPU de alta qualidade, esta capa n\u00e3o s\u00f3 protege o seu dispositivo, como tamb\u00e9m o adorna com uma vibrante ilustra\u00e7\u00e3o que capta a majestosidade de um dos monumentos mais ic\u00f3nicos do mundo. O design destaca-se sobre um fundo azul que real\u00e7a as coloridas torres do templo, combinando tons quentes que evocam o famoso trencad\u00eds de Gaud\u00ed, um s\u00edmbolo do modernismo catal\u00e3o. A palavra &#8220;Barcelona&#8221; apresenta-se num elegante estilo tipogr\u00e1fico, acrescentando um toque sofisticado ao design global da capa, tornando-a uma op\u00e7\u00e3o perfeita para quem deseja levar um fragmento da cultura catal\u00e3 no seu dia a dia. Esta recorda\u00e7\u00e3o n\u00e3o \u00e9 apenas um acess\u00f3rio pr\u00e1tico, mas um lembrete constante da rica heran\u00e7a art\u00edstica de Barcelona. Como distribuidores de recorda\u00e7\u00f5es por grosso, na Ol\u00e9 Mosaic oferecemos produtos aut\u00eanticos que enaltecem a cultura local, o que faz desta capa uma excelente op\u00e7\u00e3o para lojas de recorda\u00e7\u00f5es tur\u00edsticas que procuram algo \u00fanico e representativo. Com esta capa da Sagrada Fam\u00edlia, n\u00e3o s\u00f3 protege o seu iPhone, como tamb\u00e9m celebra a ess\u00eancia de Barcelona todos os dias.<\/p>\n","protected":false},"excerpt":{"rendered":"<p>Capa para iPhone 15 Pro de TPU, com uma vibrante ilustra\u00e7\u00e3o da Sagrada Fam\u00edlia de Barcelona. Este acess\u00f3rio apresenta um fundo azul que real\u00e7a as coloridas torres do emblem\u00e1tico monumento, combinando detalhes em tons quentes com um acabamento que evoca o trencad\u00eds. A palavra &#8220;Barcelona&#8221; \u00e9 impressa com um estilo elegante, o que torna este produto uma op\u00e7\u00e3o ideal para quem deseja levar um peda\u00e7o de arte catal\u00e3 diariamente.<\/p>\n","protected":false},"featured_media":12453,"template":"","meta":{"_acf_changed":false},"product_brand":[],"product_cat":[685],"product_tag":[],"class_list":{"0":"post-26340","1":"product","2":"type-product","3":"status-publish","4":"has-post-thumbnail","6":"product_cat-capas-para-telemoveis","7":"pa_ciudad-barcelona","8":"pa_motivo-sagrada-familia","9":"pa_pais-espana","11":"first","12":"instock","13":"shipping-taxable","14":"product-type-simple"},"acf":[],"_links":{"self":[{"href":"https:\/\/olemosaic.com\/pt-pt\/wp-json\/wp\/v2\/product\/26340","targetHints":{"allow":["GET"]}}],"collection":[{"href":"https:\/\/olemosaic.com\/pt-pt\/wp-json\/wp\/v2\/product"}],"about":[{"href":"https:\/\/olemosaic.com\/pt-pt\/wp-json\/wp\/v2\/types\/product"}],"wp:featuredmedia":[{"embeddable":true,"href":"https:\/\/olemosaic.com\/pt-pt\/wp-json\/wp\/v2\/media\/12453"}],"wp:attachment":[{"href":"https:\/\/olemosaic.com\/pt-pt\/wp-json\/wp\/v2\/media?parent=26340"}],"wp:term":[{"taxonomy":"product_brand","embeddable":true,"href":"https:\/\/olemosaic.com\/pt-pt\/wp-json\/wp\/v2\/product_brand?post=26340"},{"taxonomy":"product_cat","embeddable":true,"href":"https:\/\/olemosaic.com\/pt-pt\/wp-json\/wp\/v2\/product_cat?post=26340"},{"taxonomy":"product_tag","embeddable":true,"href":"https:\/\/olemosaic.com\/pt-pt\/wp-json\/wp\/v2\/product_tag?post=26340"}],"curies":[{"name":"wp","href":"https:\/\/api.w.org\/{rel}","templated":true}]}}