{"id":26338,"date":"2025-02-20T22:28:15","date_gmt":"2025-02-20T22:28:15","guid":{"rendered":"http:\/\/olemosaic.com\/producto\/funda-de-telefono-para-iphone-14-tpu-mosaico-azul\/"},"modified":"2025-07-25T18:39:55","modified_gmt":"2025-07-25T16:39:55","slug":"capa-de-telemovel-para-iphone-14-tpu-mosaico-azul","status":"publish","type":"product","link":"https:\/\/olemosaic.com\/pt-pt\/produto\/capa-de-telemovel-para-iphone-14-tpu-mosaico-azul\/","title":{"rendered":"Capa de telem\u00f3vel para iPhone 14 (TPU). Mosaico. Azul"},"content":{"rendered":"<p>Descubra a capa de telem\u00f3vel para iPhone 14 de TPU, um acess\u00f3rio que funde na perfei\u00e7\u00e3o estilo e funcionalidade. Esta capa destaca-se pelo seu atraente padr\u00e3o de mosaico em tons azuis e brancos, que evoca a rica tradi\u00e7\u00e3o dos mosaicos andaluzes, reconhecidos pelas suas formas irregulares e pela sua disposi\u00e7\u00e3o art\u00edstica. Fabricada em TPU, esta capa n\u00e3o s\u00f3 \u00e9 leve e duradoura, como tamb\u00e9m oferece uma excelente prote\u00e7\u00e3o contra choques e quedas, garantindo a integridade do seu dispositivo.<\/p>\n<p>O seu design meticuloso apresenta um jogo de tons azuis que se entrela\u00e7am com o branco, criando um contraste visual impactante que atrair\u00e1 todos os olhares. Esta capa n\u00e3o \u00e9 apenas uma op\u00e7\u00e3o pr\u00e1tica, mas torna-se tamb\u00e9m uma declara\u00e7\u00e3o de estilo, permitindo aos utilizadores exibir o seu apre\u00e7o pela cultura e est\u00e9tica andaluzas.<\/p>\n<p>Como parte do cat\u00e1logo de souvenirs da Ol\u00e9 Mosaic, esta capa \u00e9 uma op\u00e7\u00e3o excecional tanto para turistas como para lojas de recorda\u00e7\u00f5es que procuram um artigo que represente a autenticidade da cultura espanhola. A capa de telem\u00f3vel para iPhone 14 \u00e9 o souvenir ideal que combina arte, cultura e praticidade, tornando-se um presente memor\u00e1vel que perdurar\u00e1 no tempo. Se procura capas por grosso que realcem tradi\u00e7\u00f5es art\u00edsticas, este modelo \u00e9 a op\u00e7\u00e3o perfeita para a sua oferta.<\/p>\n","protected":false},"excerpt":{"rendered":"<p>Capa de telem\u00f3vel para iPhone 14 de TPU, com um atraente design de mosaico em tons azuis e brancos. Este artigo leve e duradouro protege o seu dispositivo ao mesmo tempo que lhe confere um toque art\u00edstico. O design inspira-se nos mosaicos andaluzes tradicionais, com as suas formas irregulares e elegante disposi\u00e7\u00e3o. \u00c9 a forma perfeita de exibir estilo e cultura, ideal para quem valoriza a est\u00e9tica e a funcionalidade.<\/p>\n","protected":false},"featured_media":12364,"template":"","meta":{"_acf_changed":false},"product_brand":[],"product_cat":[685],"product_tag":[],"class_list":{"0":"post-26338","1":"product","2":"type-product","3":"status-publish","4":"has-post-thumbnail","6":"product_cat-capas-para-telemoveis","7":"pa_motivo-mosaico","9":"first","10":"instock","11":"shipping-taxable","12":"product-type-simple"},"acf":[],"_links":{"self":[{"href":"https:\/\/olemosaic.com\/pt-pt\/wp-json\/wp\/v2\/product\/26338","targetHints":{"allow":["GET"]}}],"collection":[{"href":"https:\/\/olemosaic.com\/pt-pt\/wp-json\/wp\/v2\/product"}],"about":[{"href":"https:\/\/olemosaic.com\/pt-pt\/wp-json\/wp\/v2\/types\/product"}],"wp:featuredmedia":[{"embeddable":true,"href":"https:\/\/olemosaic.com\/pt-pt\/wp-json\/wp\/v2\/media\/12364"}],"wp:attachment":[{"href":"https:\/\/olemosaic.com\/pt-pt\/wp-json\/wp\/v2\/media?parent=26338"}],"wp:term":[{"taxonomy":"product_brand","embeddable":true,"href":"https:\/\/olemosaic.com\/pt-pt\/wp-json\/wp\/v2\/product_brand?post=26338"},{"taxonomy":"product_cat","embeddable":true,"href":"https:\/\/olemosaic.com\/pt-pt\/wp-json\/wp\/v2\/product_cat?post=26338"},{"taxonomy":"product_tag","embeddable":true,"href":"https:\/\/olemosaic.com\/pt-pt\/wp-json\/wp\/v2\/product_tag?post=26338"}],"curies":[{"name":"wp","href":"https:\/\/api.w.org\/{rel}","templated":true}]}}