{"id":26333,"date":"2025-02-20T22:28:14","date_gmt":"2025-02-20T22:28:14","guid":{"rendered":"http:\/\/olemosaic.com\/producto\/libreta-de-80-hojas-punt-de-trobada-barcelona\/"},"modified":"2025-07-25T19:24:37","modified_gmt":"2025-07-25T17:24:37","slug":"caderno-de-80-folhas-punt-de-trobada-barcelona","status":"publish","type":"product","link":"https:\/\/olemosaic.com\/pt-pt\/produto\/caderno-de-80-folhas-punt-de-trobada-barcelona\/","title":{"rendered":"Caderno de 80 folhas. Punt de trobada. Barcelona."},"content":{"rendered":"<p>Descubra o encantador caderno &#8220;Punt de trobada&#8221; de Barcelona, uma homenagem \u00e0 obra inovadora do c\u00e9lebre arquiteto Antoni Gaud\u00ed. Com 80 folhas em branco, este caderno combina funcionalidade e estilo, tornando-se uma recorda\u00e7\u00e3o ideal para quem deseja levar consigo um peda\u00e7o da ess\u00eancia da Cidade Condal. A capa apresenta um mosaico vibrante com formas org\u00e2nicas em tonalidades vermelhas, azuis, amarelas e pretas, que evocam a criatividade e o dinamismo de Gaud\u00ed. Estas cores, dispostas de forma harmoniosa, captam a aten\u00e7\u00e3o instantaneamente e fazem de cada p\u00e1gina um espa\u00e7o inspirador para anota\u00e7\u00f5es e cria\u00e7\u00f5es pessoais.<\/p>\n<p>Equipado com um pr\u00e1tico fecho el\u00e1stico em vermelho, este design n\u00e3o s\u00f3 ajuda a manter as folhas seguras, como tamb\u00e9m acrescenta um toque de eleg\u00e2ncia a esta pe\u00e7a. O caderno \u00e9 perfeito tanto para turistas que procuram recorda\u00e7\u00f5es aut\u00eanticas como para locais que desejam celebrar o seu patrim\u00f3nio. Na Ol\u00e9 Mosaic, compreendemos a import\u00e2ncia de oferecer recorda\u00e7\u00f5es que falem de cultura e tradi\u00e7\u00e3o; este caderno \u00e9 um artigo representativo de Barcelona, ideal para presentes tur\u00edsticos. Como grossista de produtos culturais, garantimos que este caderno reflita a heran\u00e7a art\u00edstica e a autenticidade que os seus clientes esperam, tornando-o uma op\u00e7\u00e3o imprescind\u00edvel para lojas de recorda\u00e7\u00f5es.<\/p>\n","protected":false},"excerpt":{"rendered":"<p>Caderno de 80 folhas com um design inspirado no famoso &#8220;Punt de trobada&#8221; de Barcelona. A sua capa apresenta um colorido mosaico de formas org\u00e2nicas em tons vermelhos, azuis, amarelos e pretos, evocando o estilo do c\u00e9lebre arquiteto Antoni Gaud\u00ed. Com um pr\u00e1tico fecho el\u00e1stico vermelho, este caderno combina funcionalidade e arte, tornando-se uma recorda\u00e7\u00e3o perfeita para rememorar a criatividade e o encanto da cidade condal.<\/p>\n","protected":false},"featured_media":9369,"template":"","meta":{"_acf_changed":false},"product_brand":[],"product_cat":[808],"product_tag":[],"class_list":{"0":"post-26333","1":"product","2":"type-product","3":"status-publish","4":"has-post-thumbnail","6":"product_cat-cadernos","7":"pa_ciudad-barcelona","8":"pa_motivo-punt-de-trobada","9":"pa_pais-espana","11":"first","12":"instock","13":"shipping-taxable","14":"product-type-simple"},"acf":[],"_links":{"self":[{"href":"https:\/\/olemosaic.com\/pt-pt\/wp-json\/wp\/v2\/product\/26333","targetHints":{"allow":["GET"]}}],"collection":[{"href":"https:\/\/olemosaic.com\/pt-pt\/wp-json\/wp\/v2\/product"}],"about":[{"href":"https:\/\/olemosaic.com\/pt-pt\/wp-json\/wp\/v2\/types\/product"}],"wp:featuredmedia":[{"embeddable":true,"href":"https:\/\/olemosaic.com\/pt-pt\/wp-json\/wp\/v2\/media\/9369"}],"wp:attachment":[{"href":"https:\/\/olemosaic.com\/pt-pt\/wp-json\/wp\/v2\/media?parent=26333"}],"wp:term":[{"taxonomy":"product_brand","embeddable":true,"href":"https:\/\/olemosaic.com\/pt-pt\/wp-json\/wp\/v2\/product_brand?post=26333"},{"taxonomy":"product_cat","embeddable":true,"href":"https:\/\/olemosaic.com\/pt-pt\/wp-json\/wp\/v2\/product_cat?post=26333"},{"taxonomy":"product_tag","embeddable":true,"href":"https:\/\/olemosaic.com\/pt-pt\/wp-json\/wp\/v2\/product_tag?post=26333"}],"curies":[{"name":"wp","href":"https:\/\/api.w.org\/{rel}","templated":true}]}}