{"id":26322,"date":"2025-02-20T22:28:14","date_gmt":"2025-02-20T22:28:14","guid":{"rendered":"http:\/\/olemosaic.com\/producto\/funda-de-telefono-para-iphone-15-pro-tpu-salamandra-negro\/"},"modified":"2025-07-25T19:40:24","modified_gmt":"2025-07-25T17:40:24","slug":"capa-de-telemovel-para-iphone-15-pro-tpu-salamandra-preto","status":"publish","type":"product","link":"https:\/\/olemosaic.com\/pt-pt\/produto\/capa-de-telemovel-para-iphone-15-pro-tpu-salamandra-preto\/","title":{"rendered":"Capa de telem\u00f3vel para iPhone 15 Pro (TPU). Salamandra. Preto"},"content":{"rendered":"<p>Descubra a encantadora capa para iPhone 15 Pro, uma aut\u00eantica pe\u00e7a de arte funcional que combina prote\u00e7\u00e3o e um design vibrante. Fabricada em TPU, esta capa destaca-se pelo seu atraente fundo preto que real\u00e7a o intrincado design de salamandras multicoloridas. As salamandras, emblem\u00e1ticas da rica biodiversidade e fauna da pen\u00ednsula ib\u00e9rica, apresentam-se em padr\u00f5es geom\u00e9tricos brilhantes em tons de vermelho, azul e verde, criando uma sinfonia de cor que atrair\u00e1 todos os olhares. Al\u00e9m disso, os detalhes de pequenas flores em cores festivas conferem um toque de alegria e frescura \u00e0 capa, transformando-a num verdadeiro objeto de desejo.<\/p>\n<p>Esta capa n\u00e3o s\u00f3 oferece uma prote\u00e7\u00e3o superior para o seu dispositivo, como tamb\u00e9m celebra a vibrante natureza da regi\u00e3o, tornando-se uma recorda\u00e7\u00e3o ideal para turistas que desejem levar consigo um peda\u00e7o da ess\u00eancia cultural e natural de Espanha. Na Ol\u00e9 Mosaic, especializamo-nos na distribui\u00e7\u00e3o de recorda\u00e7\u00f5es por grosso, e esta capa \u00e9 uma op\u00e7\u00e3o perfeita para lojas de presentes tur\u00edsticos que procuram destacar-se na sua oferta. Ofere\u00e7a um produto aut\u00eantico e relevante que ligar\u00e1 com aqueles que procuram recorda\u00e7\u00f5es \u00fanicas e originais.<\/p>\n","protected":false},"excerpt":{"rendered":"<p>Capa para iPhone 15 Pro fabricada em TPU com um design vibrante de salamandras multicoloridas. Este acess\u00f3rio apresenta uma base preta que real\u00e7a os motivos decorativos de salamandras com padr\u00f5es geom\u00e9tricos em tons brilhantes de vermelho, azul e verde, acompanhados de pequenas flores de cores alegres. Ideal para quem procura proteger o seu dispositivo com um toque art\u00edstico e cultural, evocando a rica biodiversidade representada neste encantador adorno.<\/p>\n","protected":false},"featured_media":13032,"template":"","meta":{"_acf_changed":false},"product_brand":[],"product_cat":[685],"product_tag":[516],"class_list":{"0":"post-26322","1":"product","2":"type-product","3":"status-publish","4":"has-post-thumbnail","6":"product_cat-capas-para-telemoveis","7":"product_tag-animais","8":"pa_motivo-salamandras","10":"first","11":"instock","12":"shipping-taxable","13":"product-type-simple"},"acf":[],"_links":{"self":[{"href":"https:\/\/olemosaic.com\/pt-pt\/wp-json\/wp\/v2\/product\/26322","targetHints":{"allow":["GET"]}}],"collection":[{"href":"https:\/\/olemosaic.com\/pt-pt\/wp-json\/wp\/v2\/product"}],"about":[{"href":"https:\/\/olemosaic.com\/pt-pt\/wp-json\/wp\/v2\/types\/product"}],"wp:featuredmedia":[{"embeddable":true,"href":"https:\/\/olemosaic.com\/pt-pt\/wp-json\/wp\/v2\/media\/13032"}],"wp:attachment":[{"href":"https:\/\/olemosaic.com\/pt-pt\/wp-json\/wp\/v2\/media?parent=26322"}],"wp:term":[{"taxonomy":"product_brand","embeddable":true,"href":"https:\/\/olemosaic.com\/pt-pt\/wp-json\/wp\/v2\/product_brand?post=26322"},{"taxonomy":"product_cat","embeddable":true,"href":"https:\/\/olemosaic.com\/pt-pt\/wp-json\/wp\/v2\/product_cat?post=26322"},{"taxonomy":"product_tag","embeddable":true,"href":"https:\/\/olemosaic.com\/pt-pt\/wp-json\/wp\/v2\/product_tag?post=26322"}],"curies":[{"name":"wp","href":"https:\/\/api.w.org\/{rel}","templated":true}]}}