{"id":26320,"date":"2025-02-20T23:28:13","date_gmt":"2025-02-20T22:28:13","guid":{"rendered":"http:\/\/olemosaic.com\/producto\/4-bols-de-coco-de-13-x-6-cm-isla-tenerife\/"},"modified":"2025-07-25T18:39:57","modified_gmt":"2025-07-25T16:39:57","slug":"4-tacas-de-coco-de-13-x-6-cm-ilha-tenerife","status":"publish","type":"product","link":"https:\/\/olemosaic.com\/pt-pt\/produto\/4-tacas-de-coco-de-13-x-6-cm-ilha-tenerife\/","title":{"rendered":"4 Ta\u00e7as de coco de 13 x 6 cm. Ilha de Tenerife."},"content":{"rendered":"<p>Descubra estas encantadoras ta\u00e7as de coco decoradas, uma representa\u00e7\u00e3o \u00fanica da ilha de Tenerife, perfeitas como recorda\u00e7\u00f5es aut\u00eanticas. Cada ta\u00e7a, de 13 x 6 cm, destaca-se pelo seu design elaborado, que combina a textura natural do coco com as cores vibrantes do mosaico. Os tons azul, marfim, terracota e dourado criam um contraste impressionante, que real\u00e7a a beleza dos motivos pintados \u00e0 m\u00e3o. Com padr\u00f5es geom\u00e9tricos e cora\u00e7\u00f5es nas bordas, cada ta\u00e7a \u00e9 uma obra de arte em si mesma, incorporando uma delicada representa\u00e7\u00e3o de Tenerife no centro.<\/p>\n<p>Este conjunto de quatro ta\u00e7as n\u00e3o s\u00f3 \u00e9 funcional, como tamb\u00e9m atua como uma pe\u00e7a decorativa apelativa, ideal para qualquer casa que deseje adicionar um toque can\u00e1rio. A t\u00e9cnica artesanal empregue na cria\u00e7\u00e3o destas ta\u00e7as torna-as uma recorda\u00e7\u00e3o excecional, que captura a ess\u00eancia cultural de Tenerife e a sua rica tradi\u00e7\u00e3o cer\u00e2mica.<\/p>\n<p>Como distribuidores de recorda\u00e7\u00f5es por grosso, na Ol\u00e9 Mosaic oferecemos produtos aut\u00eanticos que real\u00e7am a cultura e a arte locais. Estas ta\u00e7as de coco, perfeitas para lojas de presentes tur\u00edsticos, s\u00e3o uma excelente op\u00e7\u00e3o para quem procura recorda\u00e7\u00f5es representativas da sua visita \u00e0s Can\u00e1rias. Com a sua singularidade e encanto, constituir\u00e3o um presente memor\u00e1vel que cada comprador apreciar\u00e1.<\/p>\n","protected":false},"excerpt":{"rendered":"<p>Quatro ta\u00e7as de coco de 13 x 6 cm, decoradas com belos mosaicos que representam a ilha de Tenerife. Cada ta\u00e7a exibe um design \u00fanico, com cores como o azul, marfim, terracota e dourado que contrastam com a textura natural do coco. Os motivos decorativos, pintados \u00e0 m\u00e3o, incluem cora\u00e7\u00f5es e padr\u00f5es geom\u00e9tricos. No centro de cada ta\u00e7a, uma delicada representa\u00e7\u00e3o de Tenerife torna-as um objeto ideal para decora\u00e7\u00e3o ou como presente.<\/p>\n","protected":false},"featured_media":10694,"template":"","meta":{"_acf_changed":false},"product_brand":[],"product_cat":[513],"product_tag":[],"class_list":{"0":"post-26320","1":"product","2":"type-product","3":"status-publish","4":"has-post-thumbnail","6":"product_cat-bols","7":"pa_ciudad-tenerife","8":"pa_motivo-ilhas","9":"pa_pais-espana","11":"first","12":"instock","13":"shipping-taxable","14":"product-type-simple"},"acf":[],"_links":{"self":[{"href":"https:\/\/olemosaic.com\/pt-pt\/wp-json\/wp\/v2\/product\/26320","targetHints":{"allow":["GET"]}}],"collection":[{"href":"https:\/\/olemosaic.com\/pt-pt\/wp-json\/wp\/v2\/product"}],"about":[{"href":"https:\/\/olemosaic.com\/pt-pt\/wp-json\/wp\/v2\/types\/product"}],"wp:featuredmedia":[{"embeddable":true,"href":"https:\/\/olemosaic.com\/pt-pt\/wp-json\/wp\/v2\/media\/10694"}],"wp:attachment":[{"href":"https:\/\/olemosaic.com\/pt-pt\/wp-json\/wp\/v2\/media?parent=26320"}],"wp:term":[{"taxonomy":"product_brand","embeddable":true,"href":"https:\/\/olemosaic.com\/pt-pt\/wp-json\/wp\/v2\/product_brand?post=26320"},{"taxonomy":"product_cat","embeddable":true,"href":"https:\/\/olemosaic.com\/pt-pt\/wp-json\/wp\/v2\/product_cat?post=26320"},{"taxonomy":"product_tag","embeddable":true,"href":"https:\/\/olemosaic.com\/pt-pt\/wp-json\/wp\/v2\/product_tag?post=26320"}],"curies":[{"name":"wp","href":"https:\/\/api.w.org\/{rel}","templated":true}]}}