{"id":26319,"date":"2025-02-20T23:28:13","date_gmt":"2025-02-20T22:28:13","guid":{"rendered":"http:\/\/olemosaic.com\/producto\/iman-de-resina-punt-de-trobada-barcelona-9-cm\/"},"modified":"2025-07-25T18:48:18","modified_gmt":"2025-07-25T16:48:18","slug":"iman-de-resina-punt-de-trobada-barcelona-9-cm-pt-pt","status":"publish","type":"product","link":"https:\/\/olemosaic.com\/pt-pt\/produto\/iman-de-resina-punt-de-trobada-barcelona-9-cm-pt-pt\/","title":{"rendered":"\u00cdman de resina. Punt de trobada. Barcelona. 9 cm."},"content":{"rendered":"<p>Descubra este magn\u00edfico \u00edman de resina de 9 cm que captura a vibrante ess\u00eancia de Barcelona atrav\u00e9s de um design inspirado no c\u00e9lebre mosaico de Joan Mir\u00f3. Este colorido \u00edman apresenta uma cole\u00e7\u00e3o de formas geom\u00e9tricas em tons de vermelho, azul, verde e amarelo, elegantemente dispostas sobre um fundo branco que evoca a t\u00e9cnica do trencad\u00eds, emblem\u00e1tica da arquitetura modernista da cidade. A palavra &#8220;Barcelona&#8221; destaca-se com uma tipografia distintiva que acrescenta um toque de modernidade ao design, convertendo esta recorda\u00e7\u00e3o numa pe\u00e7a ideal para recordar a criatividade e a arte que caracterizam a metr\u00f3pole catal\u00e3.<\/p>\n<p>A liga\u00e7\u00e3o cultural deste \u00edman vai al\u00e9m da sua est\u00e9tica; \u00e9 uma homenagem a um dos artistas mais influentes de Espanha, cuja obra est\u00e1 presente em murais e esculturas ao longo da cidade, convidando os visitantes a explorar e celebrar a arte que envolve Barcelona. Este \u00edman n\u00e3o \u00e9 apenas um acess\u00f3rio decorativo, mas uma recorda\u00e7\u00e3o aut\u00eantica que revive o esp\u00edrito da cidade. Na Ol\u00e9 Mosaic, especializamo-nos na distribui\u00e7\u00e3o de recorda\u00e7\u00f5es por grosso, e este \u00edman de Barcelona \u00e9 uma excelente op\u00e7\u00e3o para lojas de presentes tur\u00edsticos que procuram produtos com uma forte liga\u00e7\u00e3o cultural e um design atrativo. Como grossistas de recorda\u00e7\u00f5es, garantimos a qualidade e autenticidade em cada cria\u00e7\u00e3o.<\/p>\n","protected":false},"excerpt":{"rendered":"<p>\u00cdman de 9 cm que captura a ess\u00eancia de Barcelona atrav\u00e9s de um design vibrante inspirado no famoso mosaico de Joan Mir\u00f3. Este colorido \u00edman apresenta diversas formas geom\u00e9tricas em tons de vermelho, azul, verde e amarelo sobre um fundo branco que recorda a t\u00e9cnica do trencad\u00eds. O nome &#8220;Barcelona&#8221; destaca-se com uma tipografia distintiva, convertendo esta recorda\u00e7\u00e3o numa pe\u00e7a ideal para evocar a criatividade e a arte da cidade.<\/p>\n","protected":false},"featured_media":9321,"template":"","meta":{"_acf_changed":false},"product_brand":[],"product_cat":[699],"product_tag":[],"class_list":{"0":"post-26319","1":"product","2":"type-product","3":"status-publish","4":"has-post-thumbnail","6":"product_cat-imanes","7":"pa_ciudad-barcelona","8":"pa_motivo-punt-de-trobada","9":"pa_pais-espana","11":"first","12":"instock","13":"shipping-taxable","14":"product-type-simple"},"acf":[],"_links":{"self":[{"href":"https:\/\/olemosaic.com\/pt-pt\/wp-json\/wp\/v2\/product\/26319","targetHints":{"allow":["GET"]}}],"collection":[{"href":"https:\/\/olemosaic.com\/pt-pt\/wp-json\/wp\/v2\/product"}],"about":[{"href":"https:\/\/olemosaic.com\/pt-pt\/wp-json\/wp\/v2\/types\/product"}],"wp:featuredmedia":[{"embeddable":true,"href":"https:\/\/olemosaic.com\/pt-pt\/wp-json\/wp\/v2\/media\/9321"}],"wp:attachment":[{"href":"https:\/\/olemosaic.com\/pt-pt\/wp-json\/wp\/v2\/media?parent=26319"}],"wp:term":[{"taxonomy":"product_brand","embeddable":true,"href":"https:\/\/olemosaic.com\/pt-pt\/wp-json\/wp\/v2\/product_brand?post=26319"},{"taxonomy":"product_cat","embeddable":true,"href":"https:\/\/olemosaic.com\/pt-pt\/wp-json\/wp\/v2\/product_cat?post=26319"},{"taxonomy":"product_tag","embeddable":true,"href":"https:\/\/olemosaic.com\/pt-pt\/wp-json\/wp\/v2\/product_tag?post=26319"}],"curies":[{"name":"wp","href":"https:\/\/api.w.org\/{rel}","templated":true}]}}