{"id":26302,"date":"2025-02-20T23:28:12","date_gmt":"2025-02-20T22:28:12","guid":{"rendered":"http:\/\/olemosaic.com\/producto\/iman-de-ceramica-patio-blanco\/"},"modified":"2025-07-25T18:43:39","modified_gmt":"2025-07-25T16:43:39","slug":"iman-de-ceramica-patio-branco","status":"publish","type":"product","link":"https:\/\/olemosaic.com\/pt-pt\/produto\/iman-de-ceramica-patio-branco\/","title":{"rendered":"\u00cdman de cer\u00e2mica. P\u00e1tio. Branco."},"content":{"rendered":"<p>Descubra este encantador \u00edman de cer\u00e2mica com forma de colher, uma pe\u00e7a \u00fanica que captura a vibrante ess\u00eancia da cultura espanhola. Decorado com uma colorida cena de um p\u00e1tio espanhol tradicional, este \u00edman torna-se uma recorda\u00e7\u00e3o inesquec\u00edvel. A ilustra\u00e7\u00e3o destaca uma bailarina de flamenco com um impactante vestido vermelho, acompanhada por um cavalheiro elegantemente vestido, tudo emoldurado por flores e lanternas que evocam um ambiente festivo e acolhedor.<\/p>\n<p>O fundo branco da cer\u00e2mica real\u00e7a as cores vivas da cena, oferecendo um apelo visual que revive a alegria e o ritmo das festas espanholas. Al\u00e9m disso, a palavra &#8220;Espa\u00f1a&#8221; impressa na parte superior acrescenta um selo distintivo que refor\u00e7a o seu valor como souvenir representativo. Este \u00edman n\u00e3o \u00e9 apenas um objeto decorativo, mas uma celebra\u00e7\u00e3o da rica tradi\u00e7\u00e3o folcl\u00f3rica espanhola, perfeito para quem deseja levar um pedacinho de Espanha para casa.<\/p>\n<p>Ideal para turistas que procuram souvenirs aut\u00eanticos e originais, este \u00edman de cer\u00e2mica \u00e9 tamb\u00e9m uma excelente op\u00e7\u00e3o para lojas de presentes tur\u00edsticos. Na Ol\u00e9 Mosaic, como grossista de souvenirs, oferecemos produtos que refletem a autenticidade e o artesanato espanhol, garantindo que cada pe\u00e7a tenha um valor cultural significativo. Este \u00edman de cer\u00e2mica \u00e9, sem d\u00favida, uma recorda\u00e7\u00e3o encantadora da sua visita a Espanha.<\/p>\n","protected":false},"excerpt":{"rendered":"<p>\u00cdman de cer\u00e2mica com forma de colher, decorado com uma colorida cena de um p\u00e1tio espanhol. Este atraente \u00edman mostra uma bailarina de flamenco com um vestido vermelho e um homem vestido de preto, ambos rodeados de flores e lanternas, evocando um ambiente festivo. Pintado com estilo artesanal, o fundo branco real\u00e7a as cores vivas, enquanto a palavra &#8220;Espa\u00f1a&#8221; refor\u00e7a o seu car\u00e1cter \u00fanico, ideal para recordar a ess\u00eancia da cultura espanhola.<\/p>\n","protected":false},"featured_media":8511,"template":"","meta":{"_acf_changed":false},"product_brand":[],"product_cat":[699],"product_tag":[515],"class_list":{"0":"post-26302","1":"product","2":"type-product","3":"status-publish","4":"has-post-thumbnail","6":"product_cat-imanes","7":"product_tag-ceramica","8":"pa_motivo-patios","10":"first","11":"instock","12":"shipping-taxable","13":"product-type-simple"},"acf":[],"_links":{"self":[{"href":"https:\/\/olemosaic.com\/pt-pt\/wp-json\/wp\/v2\/product\/26302","targetHints":{"allow":["GET"]}}],"collection":[{"href":"https:\/\/olemosaic.com\/pt-pt\/wp-json\/wp\/v2\/product"}],"about":[{"href":"https:\/\/olemosaic.com\/pt-pt\/wp-json\/wp\/v2\/types\/product"}],"wp:featuredmedia":[{"embeddable":true,"href":"https:\/\/olemosaic.com\/pt-pt\/wp-json\/wp\/v2\/media\/8511"}],"wp:attachment":[{"href":"https:\/\/olemosaic.com\/pt-pt\/wp-json\/wp\/v2\/media?parent=26302"}],"wp:term":[{"taxonomy":"product_brand","embeddable":true,"href":"https:\/\/olemosaic.com\/pt-pt\/wp-json\/wp\/v2\/product_brand?post=26302"},{"taxonomy":"product_cat","embeddable":true,"href":"https:\/\/olemosaic.com\/pt-pt\/wp-json\/wp\/v2\/product_cat?post=26302"},{"taxonomy":"product_tag","embeddable":true,"href":"https:\/\/olemosaic.com\/pt-pt\/wp-json\/wp\/v2\/product_tag?post=26302"}],"curies":[{"name":"wp","href":"https:\/\/api.w.org\/{rel}","templated":true}]}}