{"id":26301,"date":"2025-02-20T23:28:12","date_gmt":"2025-02-20T22:28:12","guid":{"rendered":"http:\/\/olemosaic.com\/producto\/bol-de-coco-rojo-tortuga-barcelona\/"},"modified":"2025-07-25T19:54:05","modified_gmt":"2025-07-25T17:54:05","slug":"taca-de-coco-vermelha-tartaruga-barcelona","status":"publish","type":"product","link":"https:\/\/olemosaic.com\/pt-pt\/produto\/taca-de-coco-vermelha-tartaruga-barcelona\/","title":{"rendered":"Ta\u00e7a de coco vermelha. Tartaruga com grava\u00e7\u00e3o Barcelona."},"content":{"rendered":"<p>Descubra esta encantadora ta\u00e7a de coco vermelha decorada com uma tartaruga, uma pe\u00e7a \u00fanica que encapsula a ess\u00eancia vibrante de Barcelona. Esta atraente ta\u00e7a, fabricada com material de coco, destaca-se pelo seu acabamento brilhante e texturizado, o que a torna um elemento visualmente cativante. No centro, uma tartaruga cuidadosamente desenhada \u00e9 complementada pela palavra &#8220;Barcelona&#8221; impressa, simbolizando o mar Mediterr\u00e2neo e a vida marinha que rodeia a cidade. A borda da ta\u00e7a \u00e9 adornada com cora\u00e7\u00f5es em tons vibrantes, acrescentando um toque de calor e cor que ressoar\u00e1 com os visitantes e amantes desta bela cidade.<\/p>\n<p>Esta ta\u00e7a n\u00e3o s\u00f3 \u00e9 ideal como pe\u00e7a decorativa, mas tamb\u00e9m \u00e9 funcional, perfeita para servir pequenos aperitivos ou para exibir em qualquer espa\u00e7o. O seu design real\u00e7a a cultura local e representa a liga\u00e7\u00e3o de Barcelona com o mar e as suas tradi\u00e7\u00f5es mediterr\u00e2nicas, o que a torna uma excelente recorda\u00e7\u00e3o para turistas que procuram levar um pedacinho da cidade. Na Ol\u00e9 Mosaic, somos especialistas na distribui\u00e7\u00e3o de souvenirs por grosso, oferecendo produtos aut\u00eanticos que celebram o patrim\u00f3nio cultural espanhol, o que faz desta ta\u00e7a de coco vermelha uma op\u00e7\u00e3o atraente para lojas de presentes tur\u00edsticos. Ideal para quem procura autenticidade e beleza nas suas recorda\u00e7\u00f5es.<\/p>\n","protected":false},"excerpt":{"rendered":"<p>Ta\u00e7a de coco vermelha decorada com uma tartaruga, que representa a ess\u00eancia de Barcelona. Esta atraente ta\u00e7a apresenta um acabamento brilhante e texturizado, com um design muito especial de uma tartaruga no centro e a palavra &#8220;Barcelona&#8221; gravada. A sua borda \u00e9 adornada com cora\u00e7\u00f5es de cores vibrantes, criando um efeito visual apelativo. Fabricada em coco, \u00e9 ideal como pe\u00e7a decorativa ou para servir pequenos aperitivos, combinando funcionalidade e arte.<\/p>\n","protected":false},"featured_media":10276,"template":"","meta":{"_acf_changed":false},"product_brand":[],"product_cat":[513],"product_tag":[516],"class_list":{"0":"post-26301","1":"product","2":"type-product","3":"status-publish","4":"has-post-thumbnail","6":"product_cat-bols","7":"product_tag-animais","8":"pa_ciudad-barcelona","9":"pa_motivo-tartarugas","10":"pa_pais-espana","12":"first","13":"instock","14":"shipping-taxable","15":"product-type-simple"},"acf":[],"_links":{"self":[{"href":"https:\/\/olemosaic.com\/pt-pt\/wp-json\/wp\/v2\/product\/26301","targetHints":{"allow":["GET"]}}],"collection":[{"href":"https:\/\/olemosaic.com\/pt-pt\/wp-json\/wp\/v2\/product"}],"about":[{"href":"https:\/\/olemosaic.com\/pt-pt\/wp-json\/wp\/v2\/types\/product"}],"wp:featuredmedia":[{"embeddable":true,"href":"https:\/\/olemosaic.com\/pt-pt\/wp-json\/wp\/v2\/media\/10276"}],"wp:attachment":[{"href":"https:\/\/olemosaic.com\/pt-pt\/wp-json\/wp\/v2\/media?parent=26301"}],"wp:term":[{"taxonomy":"product_brand","embeddable":true,"href":"https:\/\/olemosaic.com\/pt-pt\/wp-json\/wp\/v2\/product_brand?post=26301"},{"taxonomy":"product_cat","embeddable":true,"href":"https:\/\/olemosaic.com\/pt-pt\/wp-json\/wp\/v2\/product_cat?post=26301"},{"taxonomy":"product_tag","embeddable":true,"href":"https:\/\/olemosaic.com\/pt-pt\/wp-json\/wp\/v2\/product_tag?post=26301"}],"curies":[{"name":"wp","href":"https:\/\/api.w.org\/{rel}","templated":true}]}}