{"id":26299,"date":"2025-02-20T22:28:12","date_gmt":"2025-02-20T22:28:12","guid":{"rendered":"http:\/\/olemosaic.com\/producto\/libreta-de-80-hojas-salamandra-lanzarote\/"},"modified":"2025-07-25T18:46:16","modified_gmt":"2025-07-25T16:46:16","slug":"caderno-de-80-folhas-salamandra-lanzarote","status":"publish","type":"product","link":"https:\/\/olemosaic.com\/pt-pt\/produto\/caderno-de-80-folhas-salamandra-lanzarote\/","title":{"rendered":"Caderno de 80 folhas. Salamandra. Lanzarote."},"content":{"rendered":"<p>Descubra este requintado caderno de 80 folhas decorado com uma vibrante ilustra\u00e7\u00e3o de salamandras, inspirada na fauna singular de Lanzarote. O seu design captura a ess\u00eancia do ambiente vulc\u00e2nico da ilha, com duas salamandras estilizadas em tons brilhantes e coloridos que contrastam com um fundo escuro. Rodeadas de flores vermelhas e azuis, estas salamandras evocam a rica e diversa paisagem natural de Lanzarote, tornando este objeto uma recorda\u00e7\u00e3o visualmente impactante que real\u00e7a a beleza da natureza can\u00e1ria.<\/p>\n<p>O caderno, al\u00e9m de ser art\u00edstico, \u00e9 funcional. Conta com uma pr\u00e1tica banda el\u00e1stica vermelha que segura o seu conte\u00fado, o que o torna ideal para tomar notas, fazer esbo\u00e7os e refletir. Com o seu design atraente e cativante, este caderno \u00e9 perfeito para turistas e residentes que desejem plasmar os seus pensamentos e inspira\u00e7\u00f5es enquanto mergulham na rica cultura e nas paisagens de Lanzarote.<\/p>\n<p>A Ol\u00e9 Mosaic posiciona-se como distribuidor de souvenirs aut\u00eanticos e culturais, oferecendo produtos que celebram a heran\u00e7a das suas regi\u00f5es. Este caderno, como souvenir de Lanzarote, \u00e9 uma excelente op\u00e7\u00e3o para lojas de presentes tur\u00edsticos que procurem qualidade e design atraente nos seus produtos. Com o caderno de salamandras, n\u00e3o s\u00f3 adquire um acess\u00f3rio \u00fatil, mas tamb\u00e9m uma pe\u00e7a que reflete a ess\u00eancia de uma ilha \u00fanica no mundo.<\/p>\n","protected":false},"excerpt":{"rendered":"<p>Caderno de 80 folhas decorado com uma vibrante ilustra\u00e7\u00e3o de salamandras, inspirada na fauna de Lanzarote. O design apresenta duas salamandras coloridas e estilizadas sobre um fundo escuro, rodeadas de flores vermelhas e azuis que evocam a paisagem vulc\u00e2nica da ilha. Incorpora uma pr\u00e1tica banda el\u00e1stica vermelha para segurar o seu conte\u00fado, tornando-o um acess\u00f3rio ideal para tomar notas, fazer esbo\u00e7os e refletir.<\/p>\n","protected":false},"featured_media":12015,"template":"","meta":{"_acf_changed":false},"product_brand":[],"product_cat":[808],"product_tag":[516],"class_list":{"0":"post-26299","1":"product","2":"type-product","3":"status-publish","4":"has-post-thumbnail","6":"product_cat-cadernos","7":"product_tag-animais","8":"pa_ciudad-lanzarote","9":"pa_motivo-salamandras","10":"pa_pais-espana","12":"first","13":"instock","14":"shipping-taxable","15":"product-type-simple"},"acf":[],"_links":{"self":[{"href":"https:\/\/olemosaic.com\/pt-pt\/wp-json\/wp\/v2\/product\/26299","targetHints":{"allow":["GET"]}}],"collection":[{"href":"https:\/\/olemosaic.com\/pt-pt\/wp-json\/wp\/v2\/product"}],"about":[{"href":"https:\/\/olemosaic.com\/pt-pt\/wp-json\/wp\/v2\/types\/product"}],"wp:featuredmedia":[{"embeddable":true,"href":"https:\/\/olemosaic.com\/pt-pt\/wp-json\/wp\/v2\/media\/12015"}],"wp:attachment":[{"href":"https:\/\/olemosaic.com\/pt-pt\/wp-json\/wp\/v2\/media?parent=26299"}],"wp:term":[{"taxonomy":"product_brand","embeddable":true,"href":"https:\/\/olemosaic.com\/pt-pt\/wp-json\/wp\/v2\/product_brand?post=26299"},{"taxonomy":"product_cat","embeddable":true,"href":"https:\/\/olemosaic.com\/pt-pt\/wp-json\/wp\/v2\/product_cat?post=26299"},{"taxonomy":"product_tag","embeddable":true,"href":"https:\/\/olemosaic.com\/pt-pt\/wp-json\/wp\/v2\/product_tag?post=26299"}],"curies":[{"name":"wp","href":"https:\/\/api.w.org\/{rel}","templated":true}]}}