{"id":26298,"date":"2025-02-20T23:28:12","date_gmt":"2025-02-20T22:28:12","guid":{"rendered":"http:\/\/olemosaic.com\/producto\/taza-de-ceramica-bailaora-sevilla-beige\/"},"modified":"2025-07-25T18:38:28","modified_gmt":"2025-07-25T16:38:28","slug":"chavena-de-ceramica-bailarina-sevilha-bege","status":"publish","type":"product","link":"https:\/\/olemosaic.com\/pt-pt\/produto\/chavena-de-ceramica-bailarina-sevilha-bege\/","title":{"rendered":"Ch\u00e1vena de cer\u00e2mica. Bailarina de flamenco. Sevilha. Bege."},"content":{"rendered":"<p>Descubra esta encantadora ch\u00e1vena de cer\u00e2mica decorada com uma elegante bailarina de flamenco, inspirada na vibrante cultura sevilhana. O seu design, em tons suaves de bege, destaca-se pela representa\u00e7\u00e3o da bailarina vestida com um exuberante traje de folhos vermelhos que captura a ess\u00eancia da arte flamenca. Junto ao design, a palavra &#8220;SEVILLA&#8221; \u00e9 adornada com uma delicada flor de cravo, simbolizando o esp\u00edrito andaluz e a sua rica tradi\u00e7\u00e3o cultural. Esta ch\u00e1vena n\u00e3o \u00e9 apenas funcional, mas tamb\u00e9m uma obra de arte que celebra a heran\u00e7a flamenca da regi\u00e3o. Al\u00e9m disso, inclui uma pr\u00e1tica colher verde, que combina perfeitamente com a est\u00e9tica do conjunto, conferindo um toque de cor e funcionalidade. Os detalhes luminosos que adornam a ch\u00e1vena acrescentam um ar de sofistica\u00e7\u00e3o e autenticidade, tornando este artigo um souvenir de destaque e representativo de Sevilha. Ideal para turistas que procuram recorda\u00e7\u00f5es aut\u00eanticas e de qualidade, esta ch\u00e1vena de cer\u00e2mica torna-se um presente perfeito que evoca os momentos vividos na cidade. Na Ol\u00e9 Mosaic, oferecemos uma vasta gama de souvenirs de cer\u00e2mica que enaltecem a cultura andaluza, garantindo qualidade e esmero em cada pe\u00e7a.<\/p>\n","protected":false},"excerpt":{"rendered":"<p>Ch\u00e1vena de cer\u00e2mica decorada com uma elegante bailarina de flamenco, inspirada na cultura sevilhana. Este encantador design em tons de bege real\u00e7a a bailarina, vestida com um vibrante traje de folhos vermelhos, e complementa o texto &#8220;SEVILLA&#8221; junto a uma flor de cravo. A ch\u00e1vena inclui uma pr\u00e1tica colher verde e apresenta detalhes luminosos, o que a torna uma recorda\u00e7\u00e3o maravilhosa que celebra a tradi\u00e7\u00e3o flamenca andaluza.<\/p>\n","protected":false},"featured_media":6897,"template":"","meta":{"_acf_changed":false},"product_brand":[],"product_cat":[833],"product_tag":[515],"class_list":{"0":"post-26298","1":"product","2":"type-product","3":"status-publish","4":"has-post-thumbnail","6":"product_cat-canecas","7":"product_tag-ceramica","8":"pa_ciudad-sevilla","9":"pa_motivo-dancarinos","10":"pa_pais-espana","12":"first","13":"instock","14":"shipping-taxable","15":"product-type-simple"},"acf":[],"_links":{"self":[{"href":"https:\/\/olemosaic.com\/pt-pt\/wp-json\/wp\/v2\/product\/26298","targetHints":{"allow":["GET"]}}],"collection":[{"href":"https:\/\/olemosaic.com\/pt-pt\/wp-json\/wp\/v2\/product"}],"about":[{"href":"https:\/\/olemosaic.com\/pt-pt\/wp-json\/wp\/v2\/types\/product"}],"wp:featuredmedia":[{"embeddable":true,"href":"https:\/\/olemosaic.com\/pt-pt\/wp-json\/wp\/v2\/media\/6897"}],"wp:attachment":[{"href":"https:\/\/olemosaic.com\/pt-pt\/wp-json\/wp\/v2\/media?parent=26298"}],"wp:term":[{"taxonomy":"product_brand","embeddable":true,"href":"https:\/\/olemosaic.com\/pt-pt\/wp-json\/wp\/v2\/product_brand?post=26298"},{"taxonomy":"product_cat","embeddable":true,"href":"https:\/\/olemosaic.com\/pt-pt\/wp-json\/wp\/v2\/product_cat?post=26298"},{"taxonomy":"product_tag","embeddable":true,"href":"https:\/\/olemosaic.com\/pt-pt\/wp-json\/wp\/v2\/product_tag?post=26298"}],"curies":[{"name":"wp","href":"https:\/\/api.w.org\/{rel}","templated":true}]}}