{"id":26254,"date":"2025-02-20T23:28:11","date_gmt":"2025-02-20T22:28:11","guid":{"rendered":"http:\/\/olemosaic.com\/producto\/4-bols-de-coco-de-13-x-6-cm-tortuga-gran-canaria\/"},"modified":"2025-07-25T18:49:58","modified_gmt":"2025-07-25T16:49:58","slug":"4-tacas-de-coco-de-13-x-6-cm-tartaruga-gran-canaria","status":"publish","type":"product","link":"https:\/\/olemosaic.com\/pt-pt\/produto\/4-tacas-de-coco-de-13-x-6-cm-tartaruga-gran-canaria\/","title":{"rendered":"4 Ta\u00e7as de coco de 13 x 6 cm. Tartaruga. Ilha. Gran Canaria."},"content":{"rendered":"<p>Descubra o encantador conjunto de 4 ta\u00e7as de coco, de 13 x 6 cm, decoradas com motivos de tartarugas, que representam a rica biodiversidade de Gran Canaria. Cada ta\u00e7a apresenta um acabamento vibrante em cores como azul, vermelho, laranja e f\u00facsia, cuidadosamente elaboradas para real\u00e7ar o seu apelo visual. No centro de cada ta\u00e7a, o texto &#8220;Gran Canaria&#8221; \u00e9 acompanhado por um alegre design de cora\u00e7\u00f5es nas bordas, que acrescenta um toque l\u00fadico e alegre a cada pe\u00e7a.<\/p>\n<p>Estas ta\u00e7as n\u00e3o s\u00e3o apenas ideais para conter pequenas por\u00e7\u00f5es ou aperitivos, mas tamb\u00e9m servem como elementos decorativos \u00fanicos, que conferem um toque divertido e aut\u00eantico a qualquer espa\u00e7o, seja no lar ou num ambiente comercial. A tartaruga \u00e9 um s\u00edmbolo da fauna marinha da ilha, e a sua representa\u00e7\u00e3o nestas ta\u00e7as serve como um lembrete da beleza natural que Gran Canaria tem para oferecer.<\/p>\n<p>Na Ol\u00e9 Mosaic, especializamo-nos na distribui\u00e7\u00e3o de recorda\u00e7\u00f5es por grosso, e este conjunto de ta\u00e7as de coco \u00e9 uma excelente op\u00e7\u00e3o para lojas de presentes tur\u00edsticos que procurem oferecer produtos aut\u00eanticos e representativos da cultura can\u00e1ria. Cada ta\u00e7a \u00e9 uma bonita recorda\u00e7\u00e3o que encapsula a ess\u00eancia de Gran Canaria, o que as torna uma recorda\u00e7\u00e3o perfeita para os turistas que desejam levar um pedacinho da ilha para casa.<\/p>\n","protected":false},"excerpt":{"rendered":"<p>Conjunto de 4 ta\u00e7as de coco de 13 x 6 cm, decoradas com motivos de tartarugas, que representam a riqueza natural de Gran Canaria. Cada ta\u00e7a apresenta uma cor vibrante, desde azul e vermelho at\u00e9 laranja e f\u00facsia, com um design de cora\u00e7\u00f5es na borda e o texto \u201cGran Canaria\u201d no centro. Estas ta\u00e7as s\u00e3o ideais para conter pequenas por\u00e7\u00f5es ou como elemento decorativo, conferindo um toque divertido e aut\u00eantico a qualquer espa\u00e7o.<\/p>\n","protected":false},"featured_media":10683,"template":"","meta":{"_acf_changed":false},"product_brand":[],"product_cat":[513],"product_tag":[516],"class_list":{"0":"post-26254","1":"product","2":"type-product","3":"status-publish","4":"has-post-thumbnail","6":"product_cat-bols","7":"product_tag-animais","8":"pa_ciudad-gran-canaria","9":"pa_motivo-tartarugas","10":"pa_pais-espana","12":"first","13":"instock","14":"shipping-taxable","15":"product-type-simple"},"acf":[],"_links":{"self":[{"href":"https:\/\/olemosaic.com\/pt-pt\/wp-json\/wp\/v2\/product\/26254","targetHints":{"allow":["GET"]}}],"collection":[{"href":"https:\/\/olemosaic.com\/pt-pt\/wp-json\/wp\/v2\/product"}],"about":[{"href":"https:\/\/olemosaic.com\/pt-pt\/wp-json\/wp\/v2\/types\/product"}],"wp:featuredmedia":[{"embeddable":true,"href":"https:\/\/olemosaic.com\/pt-pt\/wp-json\/wp\/v2\/media\/10683"}],"wp:attachment":[{"href":"https:\/\/olemosaic.com\/pt-pt\/wp-json\/wp\/v2\/media?parent=26254"}],"wp:term":[{"taxonomy":"product_brand","embeddable":true,"href":"https:\/\/olemosaic.com\/pt-pt\/wp-json\/wp\/v2\/product_brand?post=26254"},{"taxonomy":"product_cat","embeddable":true,"href":"https:\/\/olemosaic.com\/pt-pt\/wp-json\/wp\/v2\/product_cat?post=26254"},{"taxonomy":"product_tag","embeddable":true,"href":"https:\/\/olemosaic.com\/pt-pt\/wp-json\/wp\/v2\/product_tag?post=26254"}],"curies":[{"name":"wp","href":"https:\/\/api.w.org\/{rel}","templated":true}]}}