{"id":26252,"date":"2025-02-20T23:28:10","date_gmt":"2025-02-20T22:28:10","guid":{"rendered":"http:\/\/olemosaic.com\/producto\/bol-de-coco-caballito-de-mar-mallorca\/"},"modified":"2025-07-25T20:08:59","modified_gmt":"2025-07-25T18:08:59","slug":"taca-de-coco-cavalo-marinho-maiorca","status":"publish","type":"product","link":"https:\/\/olemosaic.com\/pt-pt\/produto\/taca-de-coco-cavalo-marinho-maiorca\/","title":{"rendered":"Ta\u00e7a de coco. Cavalo-marinho. Ilha. Maiorca."},"content":{"rendered":"<p>Descubra a encantadora ta\u00e7a de coco decorada com um vibrante mosaico que captura a ess\u00eancia de Maiorca. Esta preciosa ta\u00e7a destaca-se pelo seu design pintado \u00e0 m\u00e3o, onde um simp\u00e1tico cavalo-marinho se situa no centro, rodeado de pequenos azulejos de diversas cores que criam um efeito visual espetacular. Os alegres tons rosa, azul, amarelo e laranja combinam-se na perfei\u00e7\u00e3o, evocando o ambiente ensolarado e alegre da ilha balear. A palavra &#8220;MALLORCA&#8221; sobressai num tom quente na base da ta\u00e7a, acrescentando um toque de identidade local.<\/p>\n<p>Esta ta\u00e7a n\u00e3o \u00e9 apenas uma pe\u00e7a decorativa, mas tamb\u00e9m um s\u00edmbolo da rica heran\u00e7a cultural de Maiorca, onde o design em mosaico \u00e9 uma tradi\u00e7\u00e3o profundamente enraizada. Ideal como recorda\u00e7\u00e3o, oferece aos turistas um pedacinho do Mediterr\u00e2neo que podem levar para casa, perfeito para dar um toque de frescura e personalidade a qualquer lar. Na Ol\u00e9 Mosaic, as nossas ta\u00e7as de coco representam a autenticidade e o artesanato t\u00edpicos da regi\u00e3o, tornando-as uma excelente op\u00e7\u00e3o para lojas de presentes tur\u00edsticos que procuram recorda\u00e7\u00f5es de qualidade e culturalmente relevantes. Converta esta ta\u00e7a de coco numa joia da sua cole\u00e7\u00e3o de recorda\u00e7\u00f5es na sua loja.<\/p>\n","protected":false},"excerpt":{"rendered":"<p>Ta\u00e7a de coco decorada com um mosaico colorido que inclui um encantador cavalo-marinho, reflexo da ess\u00eancia de Maiorca. Esta preciosa ta\u00e7a apresenta um design artesanal, pintado \u00e0 m\u00e3o, com pequenas tesselas de diversas cores, que criam um efeito vibrante e atraente. No centro, destaca-se a palavra &#8220;MALLORCA&#8221; num tom quente, que complementa a paleta crom\u00e1tica. Perfeita como recorda\u00e7\u00e3o ou para dar um toque mediterr\u00e2nico a qualquer lar.<\/p>\n","protected":false},"featured_media":11814,"template":"","meta":{"_acf_changed":false},"product_brand":[],"product_cat":[513],"product_tag":[516],"class_list":{"0":"post-26252","1":"product","2":"type-product","3":"status-publish","4":"has-post-thumbnail","6":"product_cat-bols","7":"product_tag-animais","8":"pa_ciudad-mallorca","9":"pa_motivo-cavalos-marinhos","10":"pa_pais-espana","12":"first","13":"instock","14":"shipping-taxable","15":"product-type-simple"},"acf":[],"_links":{"self":[{"href":"https:\/\/olemosaic.com\/pt-pt\/wp-json\/wp\/v2\/product\/26252","targetHints":{"allow":["GET"]}}],"collection":[{"href":"https:\/\/olemosaic.com\/pt-pt\/wp-json\/wp\/v2\/product"}],"about":[{"href":"https:\/\/olemosaic.com\/pt-pt\/wp-json\/wp\/v2\/types\/product"}],"wp:featuredmedia":[{"embeddable":true,"href":"https:\/\/olemosaic.com\/pt-pt\/wp-json\/wp\/v2\/media\/11814"}],"wp:attachment":[{"href":"https:\/\/olemosaic.com\/pt-pt\/wp-json\/wp\/v2\/media?parent=26252"}],"wp:term":[{"taxonomy":"product_brand","embeddable":true,"href":"https:\/\/olemosaic.com\/pt-pt\/wp-json\/wp\/v2\/product_brand?post=26252"},{"taxonomy":"product_cat","embeddable":true,"href":"https:\/\/olemosaic.com\/pt-pt\/wp-json\/wp\/v2\/product_cat?post=26252"},{"taxonomy":"product_tag","embeddable":true,"href":"https:\/\/olemosaic.com\/pt-pt\/wp-json\/wp\/v2\/product_tag?post=26252"}],"curies":[{"name":"wp","href":"https:\/\/api.w.org\/{rel}","templated":true}]}}