{"id":26251,"date":"2025-02-20T23:28:10","date_gmt":"2025-02-20T22:28:10","guid":{"rendered":"http:\/\/olemosaic.com\/producto\/bol-de-coco-azul-caballito-de-mar\/"},"modified":"2025-07-25T19:22:01","modified_gmt":"2025-07-25T17:22:01","slug":"taca-de-coco-azul-cavalo-marinho","status":"publish","type":"product","link":"https:\/\/olemosaic.com\/pt-pt\/produto\/taca-de-coco-azul-cavalo-marinho\/","title":{"rendered":"Ta\u00e7a de coco azul. Cavalo-marinho. Detalhes branco e cobre."},"content":{"rendered":"<p>Descubra a encantadora ta\u00e7a de coco azul decorada com um elegante cavalo-marinho, uma pe\u00e7a artesanal que captura a ess\u00eancia do oceano. Esta requintada ta\u00e7a apresenta um design ovalado, com tons azuis e brancos que recordam as ondas do mar, tornando cada olhar uma experi\u00eancia visual refrescante. A base da pe\u00e7a, com o seu acabamento brilhante e polido, real\u00e7a a ilus\u00e3o de profundidade e movimento que caracteriza a \u00e1gua. No centro, destaca-se a figura do cavalo-marinho, num atraente tom cobre, que confere um toque de sofistica\u00e7\u00e3o e calor \u00e0 decora\u00e7\u00e3o.<\/p>\n<p>Esta ta\u00e7a n\u00e3o \u00e9 apenas uma pe\u00e7a decorativa; \u00e9 uma representa\u00e7\u00e3o aut\u00eantica da vida marinha e uma manifesta\u00e7\u00e3o art\u00edstica da tradi\u00e7\u00e3o artesanal. Ideal para guardar pequenos objetos ou simplesmente como um atraente elemento decorativo, esta ta\u00e7a de coco azul \u00e9 uma recorda\u00e7\u00e3o perfeita que evoca a beleza da costa e a sua rica biodiversidade. Na Ol\u00e9 Mosaic, somos distribuidores de recorda\u00e7\u00f5es por grosso, e esta ta\u00e7a \u00e9 uma excelente op\u00e7\u00e3o para lojas de presentes tur\u00edsticos que procuram oferecer produtos \u00fanicos e relevantes. Uma recorda\u00e7\u00e3o que n\u00e3o s\u00f3 adorna, mas tamb\u00e9m narra a hist\u00f3ria e a cultura do ambiente marinho, tornando cada compra uma experi\u00eancia memor\u00e1vel para os turistas.<\/p>\n","protected":false},"excerpt":{"rendered":"<p>Ta\u00e7a de coco azul decorada com um elegante cavalo-marinho, que representa a beleza do oceano. Esta ta\u00e7a artesanal apresenta um design de formas ovaladas em tons azuis e brancos, com detalhes que evocam as ondas do mar. A figura do cavalo-marinho, em tom cobre, destaca-se no centro, complementando o acabamento brilhante e polido da ta\u00e7a. Ideal como pe\u00e7a decorativa ou para guardar pequenos objetos, captura a ess\u00eancia marinha da costa.<\/p>\n","protected":false},"featured_media":11837,"template":"","meta":{"_acf_changed":false},"product_brand":[],"product_cat":[513],"product_tag":[516],"class_list":{"0":"post-26251","1":"product","2":"type-product","3":"status-publish","4":"has-post-thumbnail","6":"product_cat-bols","7":"product_tag-animais","8":"pa_motivo-cavalos-marinhos","10":"first","11":"instock","12":"shipping-taxable","13":"product-type-simple"},"acf":[],"_links":{"self":[{"href":"https:\/\/olemosaic.com\/pt-pt\/wp-json\/wp\/v2\/product\/26251","targetHints":{"allow":["GET"]}}],"collection":[{"href":"https:\/\/olemosaic.com\/pt-pt\/wp-json\/wp\/v2\/product"}],"about":[{"href":"https:\/\/olemosaic.com\/pt-pt\/wp-json\/wp\/v2\/types\/product"}],"wp:featuredmedia":[{"embeddable":true,"href":"https:\/\/olemosaic.com\/pt-pt\/wp-json\/wp\/v2\/media\/11837"}],"wp:attachment":[{"href":"https:\/\/olemosaic.com\/pt-pt\/wp-json\/wp\/v2\/media?parent=26251"}],"wp:term":[{"taxonomy":"product_brand","embeddable":true,"href":"https:\/\/olemosaic.com\/pt-pt\/wp-json\/wp\/v2\/product_brand?post=26251"},{"taxonomy":"product_cat","embeddable":true,"href":"https:\/\/olemosaic.com\/pt-pt\/wp-json\/wp\/v2\/product_cat?post=26251"},{"taxonomy":"product_tag","embeddable":true,"href":"https:\/\/olemosaic.com\/pt-pt\/wp-json\/wp\/v2\/product_tag?post=26251"}],"curies":[{"name":"wp","href":"https:\/\/api.w.org\/{rel}","templated":true}]}}