{"id":26250,"date":"2025-02-20T22:28:10","date_gmt":"2025-02-20T22:28:10","guid":{"rendered":"http:\/\/olemosaic.com\/producto\/bol-de-coco-beige-isla-menorca\/"},"modified":"2025-07-25T20:16:39","modified_gmt":"2025-07-25T18:16:39","slug":"taca-de-coco-bege-ilha-menorca","status":"publish","type":"product","link":"https:\/\/olemosaic.com\/pt-pt\/produto\/taca-de-coco-bege-ilha-menorca\/","title":{"rendered":"Ta\u00e7a de coco bege. Ilha. Menorca."},"content":{"rendered":"<p>Descubra a elegante ta\u00e7a de coco bege, uma aut\u00eantica representa\u00e7\u00e3o da beleza de Menorca. Esta atraente ta\u00e7a, elaborada com casca de coco reciclada, oferece um design sofisticado que combina tradi\u00e7\u00e3o e estilo contempor\u00e2neo. A sua superf\u00edcie suave, adornada com tonalidades bege e brilhos discretos, cria um acabamento visualmente impressionante, ideal para se destacar em qualquer decora\u00e7\u00e3o. No centro da ta\u00e7a, sobressai a silhueta da ilha de Menorca, que desenha os seus contornos de forma subtil mas impactante, tornando-a uma recorda\u00e7\u00e3o significativa deste para\u00edso mediterr\u00e2nico.<\/p>\n<p>Esta ta\u00e7a n\u00e3o s\u00f3 \u00e9 funcional, como tamb\u00e9m serve como uma pe\u00e7a decorativa encantadora, perfeita para servir pequenas iguarias ou para adornar qualquer espa\u00e7o do lar. O seu design inspirado na natureza transmite a ess\u00eancia de Menorca, uma ilha famosa pela sua beleza natural e pela sua rica tradi\u00e7\u00e3o artesanal. Ao escolher esta ta\u00e7a de coco bege, est\u00e1 a optar por uma recorda\u00e7\u00e3o aut\u00eantica, ideal para os turistas que procuram levar um peda\u00e7o de Menorca consigo. Na Ol\u00e9 Mosaic, oferecemos esta maravilhosa ta\u00e7a de coco como parte da nossa cole\u00e7\u00e3o de souvenirs representativos, perfeitos para lojas de presentes tur\u00edsticos que valorizam a autenticidade e a qualidade. Com os nossos produtos por grosso, garantimos que cada recorda\u00e7\u00e3o reflita a riqueza cultural de Espanha.<\/p>\n","protected":false},"excerpt":{"rendered":"<p>Ta\u00e7a de coco bege, inspirada na beleza de Menorca. Esta atraente ta\u00e7a, elaborada a partir de casca de coco, apresenta um design elegante com uma superf\u00edcie suave adornada com tonalidades bege e reflexos brilhantes. No centro, exibe a silhueta da ilha de Menorca, destacando os seus contornos. Ideal para decorar espa\u00e7os ou para servir pequenas iguarias, combina a tradi\u00e7\u00e3o insular com um estilo contempor\u00e2neo.<\/p>\n","protected":false},"featured_media":11899,"template":"","meta":{"_acf_changed":false},"product_brand":[],"product_cat":[513],"product_tag":[],"class_list":{"0":"post-26250","1":"product","2":"type-product","3":"status-publish","4":"has-post-thumbnail","6":"product_cat-bols","7":"pa_ciudad-menorca","8":"pa_motivo-ilhas","9":"pa_pais-espana","11":"first","12":"instock","13":"shipping-taxable","14":"product-type-simple"},"acf":[],"_links":{"self":[{"href":"https:\/\/olemosaic.com\/pt-pt\/wp-json\/wp\/v2\/product\/26250","targetHints":{"allow":["GET"]}}],"collection":[{"href":"https:\/\/olemosaic.com\/pt-pt\/wp-json\/wp\/v2\/product"}],"about":[{"href":"https:\/\/olemosaic.com\/pt-pt\/wp-json\/wp\/v2\/types\/product"}],"wp:featuredmedia":[{"embeddable":true,"href":"https:\/\/olemosaic.com\/pt-pt\/wp-json\/wp\/v2\/media\/11899"}],"wp:attachment":[{"href":"https:\/\/olemosaic.com\/pt-pt\/wp-json\/wp\/v2\/media?parent=26250"}],"wp:term":[{"taxonomy":"product_brand","embeddable":true,"href":"https:\/\/olemosaic.com\/pt-pt\/wp-json\/wp\/v2\/product_brand?post=26250"},{"taxonomy":"product_cat","embeddable":true,"href":"https:\/\/olemosaic.com\/pt-pt\/wp-json\/wp\/v2\/product_cat?post=26250"},{"taxonomy":"product_tag","embeddable":true,"href":"https:\/\/olemosaic.com\/pt-pt\/wp-json\/wp\/v2\/product_tag?post=26250"}],"curies":[{"name":"wp","href":"https:\/\/api.w.org\/{rel}","templated":true}]}}