{"id":26246,"date":"2025-02-20T23:28:10","date_gmt":"2025-02-20T22:28:10","guid":{"rendered":"http:\/\/olemosaic.com\/producto\/bol-de-coco-azul-tortuga-gran-canaria\/"},"modified":"2025-07-25T18:55:20","modified_gmt":"2025-07-25T16:55:20","slug":"taca-de-coco-azul-tartaruga-gran-canaria","status":"publish","type":"product","link":"https:\/\/olemosaic.com\/pt-pt\/produto\/taca-de-coco-azul-tartaruga-gran-canaria\/","title":{"rendered":"Ta\u00e7a de coco azul. Tartaruga. Ilha. Gran Canaria."},"content":{"rendered":"<p>Descubra a Ta\u00e7a de Coco Azul de Gran Canaria, uma requintada pe\u00e7a decorativa que presta homenagem \u00e0 rica fauna marinha do arquip\u00e9lago das Can\u00e1rias. Elaborada a partir de casca de coco natural, esta ta\u00e7a apresenta um design sofisticado e vibrante que destaca uma bela tartaruga no centro, evocando a liga\u00e7\u00e3o de Gran Canaria com o oceano. O interior da ta\u00e7a combina magn\u00edficos tons dourados e azuis, criando um contraste brilhante e elegante que real\u00e7a os seus padr\u00f5es org\u00e2nicos, dando vida a cada detalhe art\u00edstico.<\/p>\n<p>Este artigo \u00e9 ideal tanto para uso funcional como decorativo, conferindo um toque ex\u00f3tico a qualquer ambiente. O seu acabamento brilhante n\u00e3o s\u00f3 real\u00e7a a beleza da ta\u00e7a, mas tamb\u00e9m garante a sua durabilidade, tornando-a uma recorda\u00e7\u00e3o memor\u00e1vel e aut\u00eantica de Gran Canaria para os turistas que procuram capturar a ess\u00eancia do local. Ao escolher esta ta\u00e7a como souvenir, os visitantes n\u00e3o s\u00f3 adquirem um objeto de qualidade, mas tamb\u00e9m um peda\u00e7o da cultura can\u00e1ria e da sua beleza natural.<\/p>\n<p>Na Ol\u00e9 Mosaic, especializamo-nos na distribui\u00e7\u00e3o de souvenirs por grosso, oferecendo produtos \u00fanicos que refletem a autenticidade cultural de Espanha. Esta ta\u00e7a de coco \u00e9 uma excelente op\u00e7\u00e3o para lojas de presentes tur\u00edsticos que procuram artigos distintivos e representativos da rica heran\u00e7a de Gran Canaria. Como grossistas de souvenirs, garantimos qualidade e artesanato em cada pe\u00e7a, ideal para aqueles que desejam levar para casa uma recorda\u00e7\u00e3o significativa e estilizada.<\/p>\n","protected":false},"excerpt":{"rendered":"<p>Ta\u00e7a de coco azul decorada com um design que evoca a fauna marinha de Gran Canaria, com uma tartaruga decorativa no centro. O interior da ta\u00e7a combina tons dourados e azuis, com um acabamento brilhante que real\u00e7a os seus elegantes padr\u00f5es org\u00e2nicos. Feita a partir de casca de coco natural, este artigo \u00e9 ideal como pe\u00e7a decorativa ou para uso funcional no lar, oferecendo um toque ex\u00f3tico e cultural.<\/p>\n","protected":false},"featured_media":10159,"template":"","meta":{"_acf_changed":false},"product_brand":[],"product_cat":[513],"product_tag":[516],"class_list":{"0":"post-26246","1":"product","2":"type-product","3":"status-publish","4":"has-post-thumbnail","6":"product_cat-bols","7":"product_tag-animais","8":"pa_ciudad-gran-canaria","9":"pa_motivo-tartarugas","10":"pa_pais-espana","12":"first","13":"instock","14":"shipping-taxable","15":"product-type-simple"},"acf":[],"_links":{"self":[{"href":"https:\/\/olemosaic.com\/pt-pt\/wp-json\/wp\/v2\/product\/26246","targetHints":{"allow":["GET"]}}],"collection":[{"href":"https:\/\/olemosaic.com\/pt-pt\/wp-json\/wp\/v2\/product"}],"about":[{"href":"https:\/\/olemosaic.com\/pt-pt\/wp-json\/wp\/v2\/types\/product"}],"wp:featuredmedia":[{"embeddable":true,"href":"https:\/\/olemosaic.com\/pt-pt\/wp-json\/wp\/v2\/media\/10159"}],"wp:attachment":[{"href":"https:\/\/olemosaic.com\/pt-pt\/wp-json\/wp\/v2\/media?parent=26246"}],"wp:term":[{"taxonomy":"product_brand","embeddable":true,"href":"https:\/\/olemosaic.com\/pt-pt\/wp-json\/wp\/v2\/product_brand?post=26246"},{"taxonomy":"product_cat","embeddable":true,"href":"https:\/\/olemosaic.com\/pt-pt\/wp-json\/wp\/v2\/product_cat?post=26246"},{"taxonomy":"product_tag","embeddable":true,"href":"https:\/\/olemosaic.com\/pt-pt\/wp-json\/wp\/v2\/product_tag?post=26246"}],"curies":[{"name":"wp","href":"https:\/\/api.w.org\/{rel}","templated":true}]}}