{"id":26240,"date":"2025-02-20T23:28:09","date_gmt":"2025-02-20T22:28:09","guid":{"rendered":"http:\/\/olemosaic.com\/producto\/dedal-de-ceramica-salamandra-y-flores-mallorca-blanco\/"},"modified":"2025-07-25T18:37:40","modified_gmt":"2025-07-25T16:37:40","slug":"dedal-de-ceramica-salamandra-e-flores-maiorca-branco","status":"publish","type":"product","link":"https:\/\/olemosaic.com\/pt-pt\/produto\/dedal-de-ceramica-salamandra-e-flores-maiorca-branco\/","title":{"rendered":"Dedal de cer\u00e2mica. Salamandra e flores. Maiorca. Branco"},"content":{"rendered":"<p>Dedal de cer\u00e2mica decorado com uma colorida ilustra\u00e7\u00e3o de uma salamandra e flores, que representa a riqueza natural de Maiorca. Este dedal, meticulosamente elaborado em cer\u00e2mica branca, \u00e9 uma pe\u00e7a \u00fanica que se destaca pelo seu design pintado \u00e0 m\u00e3o, onde cada detalhe ganha vida gra\u00e7as a uma vibrante paleta de cores. A salamandra, s\u00edmbolo da biodiversidade das Ilhas Baleares, \u00e9 mostrada no dedal rodeada de flores, evocando a flora silvestre que adorna a paisagem de Maiorca. O nome &#8220;Maiorca&#8221; est\u00e1 elegantemente inscrito numa lateral, refor\u00e7ando a sua identidade como uma aut\u00eantica recorda\u00e7\u00e3o da regi\u00e3o. Este dedal n\u00e3o s\u00f3 \u00e9 funcional para a costura, como tamb\u00e9m se apresenta como uma recorda\u00e7\u00e3o encantadora da sua visita, ideal para colecionadores e amantes do artesanato. Com a sua estrutura resistente e o seu design atraente, este dedal de cer\u00e2mica \u00e9 uma excelente op\u00e7\u00e3o para os turistas que desejem levar um peda\u00e7o da tradi\u00e7\u00e3o cultural de Maiorca. Na Ol\u00e9 Mosaic, oferecemos este delicado souvenir, tornando-nos o seu distribuidor de confian\u00e7a de recorda\u00e7\u00f5es aut\u00eanticas e de qualidade, perfeitos para lojas de presentes tur\u00edsticos e amantes da cultura balear.<\/p>\n","protected":false},"excerpt":{"rendered":"<p>Dedal de cer\u00e2mica decorado com uma colorida ilustra\u00e7\u00e3o de uma salamandra e flores, que representa a riqueza natural de Maiorca. Este dedal, em tons brancos, destaca-se pelo seu design artesanal, pintado \u00e0 m\u00e3o, com motivos vibrantes e o nome &#8220;Maiorca&#8221; numa lateral. Ideal para colecionadores e amantes do artesanato, esta pequena recorda\u00e7\u00e3o combina a funcionalidade com a tradi\u00e7\u00e3o cultural das Ilhas Baleares.<\/p>\n","protected":false},"featured_media":8038,"template":"","meta":{"_acf_changed":false},"product_brand":[],"product_cat":[599],"product_tag":[516,515],"class_list":{"0":"post-26240","1":"product","2":"type-product","3":"status-publish","4":"has-post-thumbnail","6":"product_cat-dedais","7":"product_tag-animais","8":"product_tag-ceramica","9":"pa_ciudad-mallorca","10":"pa_motivo-salamandras","11":"pa_pais-espana","13":"first","14":"instock","15":"shipping-taxable","16":"product-type-simple"},"acf":[],"_links":{"self":[{"href":"https:\/\/olemosaic.com\/pt-pt\/wp-json\/wp\/v2\/product\/26240","targetHints":{"allow":["GET"]}}],"collection":[{"href":"https:\/\/olemosaic.com\/pt-pt\/wp-json\/wp\/v2\/product"}],"about":[{"href":"https:\/\/olemosaic.com\/pt-pt\/wp-json\/wp\/v2\/types\/product"}],"wp:featuredmedia":[{"embeddable":true,"href":"https:\/\/olemosaic.com\/pt-pt\/wp-json\/wp\/v2\/media\/8038"}],"wp:attachment":[{"href":"https:\/\/olemosaic.com\/pt-pt\/wp-json\/wp\/v2\/media?parent=26240"}],"wp:term":[{"taxonomy":"product_brand","embeddable":true,"href":"https:\/\/olemosaic.com\/pt-pt\/wp-json\/wp\/v2\/product_brand?post=26240"},{"taxonomy":"product_cat","embeddable":true,"href":"https:\/\/olemosaic.com\/pt-pt\/wp-json\/wp\/v2\/product_cat?post=26240"},{"taxonomy":"product_tag","embeddable":true,"href":"https:\/\/olemosaic.com\/pt-pt\/wp-json\/wp\/v2\/product_tag?post=26240"}],"curies":[{"name":"wp","href":"https:\/\/api.w.org\/{rel}","templated":true}]}}