{"id":26239,"date":"2025-02-20T23:28:09","date_gmt":"2025-02-20T22:28:09","guid":{"rendered":"http:\/\/olemosaic.com\/producto\/cucharon-de-ceramica-marbella-azul\/"},"modified":"2025-07-25T19:03:05","modified_gmt":"2025-07-25T17:03:05","slug":"concha-de-ceramica-marbella-azul","status":"publish","type":"product","link":"https:\/\/olemosaic.com\/pt-pt\/produto\/concha-de-ceramica-marbella-azul\/","title":{"rendered":"Concha de cer\u00e2mica. Marbella. Azul."},"content":{"rendered":"<p>Concha de cer\u00e2mica pintada \u00e0 m\u00e3o, inspirada na beleza de Marbella. Este colorido utens\u00edlio \u00e9 uma pe\u00e7a exclusiva que combina funcionalidade e est\u00e9tica. Meticulosamente desenhado, apresenta uma ilustra\u00e7\u00e3o vibrante que captura uma paisagem t\u00edpica andaluza: casas brancas com telhados vermelhos, um ambiente verde e jardins que convidam a desfrutar do sol do Mediterr\u00e2neo. O fundo azul da concha, juntamente com os detalhes art\u00edsticos em mosaico, evoca o car\u00e1ter alegre e o calor desta famosa cidade costeira, enquanto o texto &#8220;Marbella&#8221; est\u00e1 elegantemente integrado no design.<\/p>\n<p>Fabricada em cer\u00e2mica de alta qualidade, esta concha n\u00e3o s\u00f3 \u00e9 ideal para a cozinha, como tamb\u00e9m se destaca como um elemento decorativo encantador para qualquer lar. O seu design contempor\u00e2neo e colorido torna-a uma excelente recorda\u00e7\u00e3o de Marbella, perfeita para os turistas que procuram um souvenir aut\u00eantico e representativo da sua visita. Na Ol\u00e9 Mosaic, como distribuidores de souvenirs por grosso, oferecemos esta concha e outros produtos que celebram a riqueza cultural de Espanha, ideais para lojas de presentes tur\u00edsticos em busca de artigos \u00fanicos e memor\u00e1veis.<\/p>\n","protected":false},"excerpt":{"rendered":"<p>Concha de cer\u00e2mica com design artesanal, pintada \u00e0 m\u00e3o, inspirada na beleza de Marbella. Este colorido utens\u00edlio apresenta uma ilustra\u00e7\u00e3o vibrante de uma paisagem t\u00edpica, com casas caiadas, detalhes azuis e toques de cor que evocam o calor do Mediterr\u00e2neo. Ao longo do seu design, aprecia-se um mosaico que lhe confere um toque art\u00edstico, complementado com a inscri\u00e7\u00e3o \u00abMarbella\u00bb. Ideal tanto para uso culin\u00e1rio como para decorar a cozinha.<\/p>\n","protected":false},"featured_media":9918,"template":"","meta":{"_acf_changed":false},"product_brand":[],"product_cat":[804],"product_tag":[515],"class_list":{"0":"post-26239","1":"product","2":"type-product","3":"status-publish","4":"has-post-thumbnail","6":"product_cat-conchas","7":"product_tag-ceramica","8":"pa_ciudad-marbella","9":"pa_pais-espana","11":"first","12":"instock","13":"shipping-taxable","14":"product-type-simple"},"acf":[],"_links":{"self":[{"href":"https:\/\/olemosaic.com\/pt-pt\/wp-json\/wp\/v2\/product\/26239","targetHints":{"allow":["GET"]}}],"collection":[{"href":"https:\/\/olemosaic.com\/pt-pt\/wp-json\/wp\/v2\/product"}],"about":[{"href":"https:\/\/olemosaic.com\/pt-pt\/wp-json\/wp\/v2\/types\/product"}],"wp:featuredmedia":[{"embeddable":true,"href":"https:\/\/olemosaic.com\/pt-pt\/wp-json\/wp\/v2\/media\/9918"}],"wp:attachment":[{"href":"https:\/\/olemosaic.com\/pt-pt\/wp-json\/wp\/v2\/media?parent=26239"}],"wp:term":[{"taxonomy":"product_brand","embeddable":true,"href":"https:\/\/olemosaic.com\/pt-pt\/wp-json\/wp\/v2\/product_brand?post=26239"},{"taxonomy":"product_cat","embeddable":true,"href":"https:\/\/olemosaic.com\/pt-pt\/wp-json\/wp\/v2\/product_cat?post=26239"},{"taxonomy":"product_tag","embeddable":true,"href":"https:\/\/olemosaic.com\/pt-pt\/wp-json\/wp\/v2\/product_tag?post=26239"}],"curies":[{"name":"wp","href":"https:\/\/api.w.org\/{rel}","templated":true}]}}