{"id":26236,"date":"2025-02-20T23:28:09","date_gmt":"2025-02-20T22:28:09","guid":{"rendered":"http:\/\/olemosaic.com\/producto\/cucharon-de-ceramica-panoramica-madrid-beige\/"},"modified":"2025-07-25T18:36:33","modified_gmt":"2025-07-25T16:36:33","slug":"concha-de-ceramica-panoramica-madrid-bege","status":"publish","type":"product","link":"https:\/\/olemosaic.com\/pt-pt\/produto\/concha-de-ceramica-panoramica-madrid-bege\/","title":{"rendered":"Concha de cer\u00e2mica. Panor\u00e2mica. Madrid. Bege"},"content":{"rendered":"<p>Concha de cer\u00e2mica decorada com uma encantadora panor\u00e2mica de Madrid. Este elegante utens\u00edlio combina funcionalidade com a arte t\u00edpica da cer\u00e2mica espanhola. A pe\u00e7a apresenta um fundo bege que suaviza a vista, enquanto a sua vibrante borda vermelha confere um toque de cor que real\u00e7a o seu apelo visual. Na superf\u00edcie, destacam-se \u00edcones emblem\u00e1ticos da capital espanhola, como a majestosa Puerta de Alcal\u00e1 e a famosa est\u00e1tua do Urso e do Medronheiro, representados com detalhes brilhantes em cores que ganham vida gra\u00e7as a um meticuloso design pintado \u00e0 m\u00e3o. Esta concha n\u00e3o s\u00f3 \u00e9 ideal para servir, como tamb\u00e9m atua como um belo objeto decorativo que apaixonar\u00e1 todos os amantes da cultura madrilena.<\/p>\n<p>A cer\u00e2mica madrilena \u00e9 famosa pela sua qualidade e tradi\u00e7\u00e3o, e esta concha \u00e9 um reflexo claro dessa heran\u00e7a cultural, o que a torna um souvenir perfeito para quem procura levar um peda\u00e7o da cidade. Como distribuidores de souvenirs por grosso, na Ol\u00e9 Mosaic oferecemos esta concha de cer\u00e2mica aut\u00eantica, que simboliza a ess\u00eancia de Madrid e a sua rica hist\u00f3ria. Uma excelente op\u00e7\u00e3o para lojas de presentes tur\u00edsticos, este produto adiciona um toque distintivo e cultural a qualquer cole\u00e7\u00e3o de souvenirs.<\/p>\n","protected":false},"excerpt":{"rendered":"<p>Concha de cer\u00e2mica com uma encantadora panor\u00e2mica de Madrid. Este atraente utens\u00edlio, de cor bege e com uma borda vermelha vibrante, mostra \u00edcones emblem\u00e1ticos da cidade, como a Puerta de Alcal\u00e1 e a famosa est\u00e1tua do Urso e do Medronheiro. Com detalhes em cores vivas e um design artesanal, pintado \u00e0 m\u00e3o, esta concha \u00e9 uma pe\u00e7a decorativa perfeita para os amantes da cultura madrilena e uma excelente recorda\u00e7\u00e3o.<\/p>\n","protected":false},"featured_media":7532,"template":"","meta":{"_acf_changed":false},"product_brand":[],"product_cat":[804],"product_tag":[515],"class_list":{"0":"post-26236","1":"product","2":"type-product","3":"status-publish","4":"has-post-thumbnail","6":"product_cat-conchas","7":"product_tag-ceramica","8":"pa_ciudad-madrid","9":"pa_motivo-panoramas","10":"pa_pais-espana","12":"first","13":"instock","14":"shipping-taxable","15":"product-type-simple"},"acf":[],"_links":{"self":[{"href":"https:\/\/olemosaic.com\/pt-pt\/wp-json\/wp\/v2\/product\/26236","targetHints":{"allow":["GET"]}}],"collection":[{"href":"https:\/\/olemosaic.com\/pt-pt\/wp-json\/wp\/v2\/product"}],"about":[{"href":"https:\/\/olemosaic.com\/pt-pt\/wp-json\/wp\/v2\/types\/product"}],"wp:featuredmedia":[{"embeddable":true,"href":"https:\/\/olemosaic.com\/pt-pt\/wp-json\/wp\/v2\/media\/7532"}],"wp:attachment":[{"href":"https:\/\/olemosaic.com\/pt-pt\/wp-json\/wp\/v2\/media?parent=26236"}],"wp:term":[{"taxonomy":"product_brand","embeddable":true,"href":"https:\/\/olemosaic.com\/pt-pt\/wp-json\/wp\/v2\/product_brand?post=26236"},{"taxonomy":"product_cat","embeddable":true,"href":"https:\/\/olemosaic.com\/pt-pt\/wp-json\/wp\/v2\/product_cat?post=26236"},{"taxonomy":"product_tag","embeddable":true,"href":"https:\/\/olemosaic.com\/pt-pt\/wp-json\/wp\/v2\/product_tag?post=26236"}],"curies":[{"name":"wp","href":"https:\/\/api.w.org\/{rel}","templated":true}]}}