{"id":26235,"date":"2025-02-20T23:28:08","date_gmt":"2025-02-20T22:28:08","guid":{"rendered":"http:\/\/olemosaic.com\/producto\/cucharon-de-ceramica-patio-blanco\/"},"modified":"2025-07-25T20:17:44","modified_gmt":"2025-07-25T18:17:44","slug":"concha-de-ceramica-patio-andaluz-branco","status":"publish","type":"product","link":"https:\/\/olemosaic.com\/pt-pt\/produto\/concha-de-ceramica-patio-andaluz-branco\/","title":{"rendered":"Concha de cer\u00e2mica. P\u00e1tio andaluz. Branco"},"content":{"rendered":"<p>Concha de cer\u00e2mica decorada com um vibrante p\u00e1tio andaluz. Esta elegante concha branca \u00e9 uma aut\u00eantica obra de arte, adornada com uma ilustra\u00e7\u00e3o que captura a ess\u00eancia do flamenco. No design, um casal dan\u00e7a flamenco rodeado de flores vermelhas e com um fundo que evoca os tradicionais azulejos andaluzes. Com o seu acabamento cuidado, os detalhes pintados \u00e0 m\u00e3o refletem a rica cultura espanhola e a alegria do folclore local, enquanto as decora\u00e7\u00f5es florais e o candeeiro acrescentam um encanto aut\u00eantico e festivo.<\/p>\n<p>Esta concha n\u00e3o \u00e9 apenas um utens\u00edlio funcional perfeito para qualquer cozinha, mas tamb\u00e9m se destaca como um objeto decorativo que evoca a tradi\u00e7\u00e3o andaluza, transformando qualquer espa\u00e7o num recanto de Espanha. Ideal para quem procura uma recorda\u00e7\u00e3o memor\u00e1vel da sua visita \u00e0 Andaluzia, este souvenir \u00e9 um testemunho da habilidade artesanal e da paix\u00e3o que caracteriza esta regi\u00e3o.<\/p>\n<p>Na Ol\u00e9 Mosaic, especializamo-nos na distribui\u00e7\u00e3o de souvenirs por grosso, e esta concha \u00e9 uma excelente op\u00e7\u00e3o para lojas de presentes tur\u00edsticos que desejem oferecer produtos aut\u00eanticos e representativos. Como grossistas de artigos de cer\u00e2mica, garantimos a qualidade e autenticidade em cada pe\u00e7a, assegurando que os nossos clientes possam oferecer aos seus compradores recorda\u00e7\u00f5es que celebrem a cultura espanhola.<\/p>\n","protected":false},"excerpt":{"rendered":"<p>Concha de cer\u00e2mica decorada com um vibrante p\u00e1tio andaluz. Esta elegante concha branca apresenta uma colorida ilustra\u00e7\u00e3o de um casal a dan\u00e7ar flamenco, rodeado de flores vermelhas e um fundo de azulejos. Os detalhes pintados \u00e0 m\u00e3o real\u00e7am a rica cultura espanhola, enquanto as decora\u00e7\u00f5es florais e o candeeiro acrescentam um toque aut\u00eantico e festivo. Ideal como utens\u00edlio de cozinha ou como objeto decorativo que evoca a tradi\u00e7\u00e3o e o folclore da Andaluzia.<\/p>\n","protected":false},"featured_media":8496,"template":"","meta":{"_acf_changed":false},"product_brand":[],"product_cat":[804],"product_tag":[515],"class_list":{"0":"post-26235","1":"product","2":"type-product","3":"status-publish","4":"has-post-thumbnail","6":"product_cat-conchas","7":"product_tag-ceramica","8":"pa_motivo-patios","10":"first","11":"instock","12":"shipping-taxable","13":"product-type-simple"},"acf":[],"_links":{"self":[{"href":"https:\/\/olemosaic.com\/pt-pt\/wp-json\/wp\/v2\/product\/26235","targetHints":{"allow":["GET"]}}],"collection":[{"href":"https:\/\/olemosaic.com\/pt-pt\/wp-json\/wp\/v2\/product"}],"about":[{"href":"https:\/\/olemosaic.com\/pt-pt\/wp-json\/wp\/v2\/types\/product"}],"wp:featuredmedia":[{"embeddable":true,"href":"https:\/\/olemosaic.com\/pt-pt\/wp-json\/wp\/v2\/media\/8496"}],"wp:attachment":[{"href":"https:\/\/olemosaic.com\/pt-pt\/wp-json\/wp\/v2\/media?parent=26235"}],"wp:term":[{"taxonomy":"product_brand","embeddable":true,"href":"https:\/\/olemosaic.com\/pt-pt\/wp-json\/wp\/v2\/product_brand?post=26235"},{"taxonomy":"product_cat","embeddable":true,"href":"https:\/\/olemosaic.com\/pt-pt\/wp-json\/wp\/v2\/product_cat?post=26235"},{"taxonomy":"product_tag","embeddable":true,"href":"https:\/\/olemosaic.com\/pt-pt\/wp-json\/wp\/v2\/product_tag?post=26235"}],"curies":[{"name":"wp","href":"https:\/\/api.w.org\/{rel}","templated":true}]}}