{"id":26234,"date":"2025-02-20T22:28:08","date_gmt":"2025-02-20T22:28:08","guid":{"rendered":"http:\/\/olemosaic.com\/producto\/cucharon-de-ceramica-toro-madrid-beige\/"},"modified":"2025-07-25T18:48:27","modified_gmt":"2025-07-25T16:48:27","slug":"concha-de-ceramica-touro-madrid-bege","status":"publish","type":"product","link":"https:\/\/olemosaic.com\/pt-pt\/produto\/concha-de-ceramica-touro-madrid-bege\/","title":{"rendered":"Concha de cer\u00e2mica. Touro. Madrid. Bege"},"content":{"rendered":"<p>Concha de cer\u00e2mica com um design emblem\u00e1tico de um touro de Madrid, uma pe\u00e7a \u00fanica que combina funcionalidade e arte. Este atraente utens\u00edlio \u00e9 elaborado em cer\u00e2mica de alta qualidade e apresenta uma forma alongada que facilita a sua utiliza\u00e7\u00e3o na cozinha. A figura do touro, s\u00edmbolo da cultura madrilena e da tradi\u00e7\u00e3o taurom\u00e1quica, destaca-se num vibrante mosaico de cores que inclui matizes vermelhos, verdes e amarelos, criando um efeito visual cativante. Rodeando o touro, apreciam-se delicadas flores vermelhas e verdes que acrescentam um toque alegre e distintivo, transformando a concha num verdadeiro objeto decorativo.<\/p>\n<p>O seu acabamento em tons bege real\u00e7a a riqueza das cores do touro e das flores, fazendo desta concha uma excelente recorda\u00e7\u00e3o que captura a ess\u00eancia da tradi\u00e7\u00e3o espanhola. Al\u00e9m de ser um utens\u00edlio pr\u00e1tico, o seu design art\u00edstico torna-a uma pe\u00e7a ideal para decorar qualquer cozinha ou mesa. Esta concha de cer\u00e2mica representa a autenticidade de Madrid e \u00e9 um presente perfeito para turistas que procuram recorda\u00e7\u00f5es \u00fanicas e significativas. Na Ol\u00e9 Mosaic, somos distribuidores de recorda\u00e7\u00f5es de cer\u00e2mica e garantimos a qualidade e o design excecional que esta concha oferece, destacando a sua relev\u00e2ncia cultural como um s\u00edmbolo representativo da riqueza patrimonial espanhola.<\/p>\n","protected":false},"excerpt":{"rendered":"<p>Concha de cer\u00e2mica decorada com um emblem\u00e1tico touro, s\u00edmbolo da cultura madrilena. Este atraente utens\u00edlio apresenta um design vibrante com mosaicos de cores que real\u00e7am a figura do touro, rodeada de flores vermelhas e verdes que conferem um toque alegre e distintivo. O seu acabamento em tons bege e a caracter\u00edstica forma alongada da concha tornam-na um artigo funcional e decorativo, ideal para os amantes da tradi\u00e7\u00e3o espanhola.<\/p>\n","protected":false},"featured_media":7044,"template":"","meta":{"_acf_changed":false},"product_brand":[],"product_cat":[804],"product_tag":[516,515],"class_list":{"0":"post-26234","1":"product","2":"type-product","3":"status-publish","4":"has-post-thumbnail","6":"product_cat-conchas","7":"product_tag-animais","8":"product_tag-ceramica","9":"pa_ciudad-madrid","10":"pa_motivo-touros","11":"pa_pais-espana","13":"first","14":"instock","15":"shipping-taxable","16":"product-type-simple"},"acf":[],"_links":{"self":[{"href":"https:\/\/olemosaic.com\/pt-pt\/wp-json\/wp\/v2\/product\/26234","targetHints":{"allow":["GET"]}}],"collection":[{"href":"https:\/\/olemosaic.com\/pt-pt\/wp-json\/wp\/v2\/product"}],"about":[{"href":"https:\/\/olemosaic.com\/pt-pt\/wp-json\/wp\/v2\/types\/product"}],"wp:featuredmedia":[{"embeddable":true,"href":"https:\/\/olemosaic.com\/pt-pt\/wp-json\/wp\/v2\/media\/7044"}],"wp:attachment":[{"href":"https:\/\/olemosaic.com\/pt-pt\/wp-json\/wp\/v2\/media?parent=26234"}],"wp:term":[{"taxonomy":"product_brand","embeddable":true,"href":"https:\/\/olemosaic.com\/pt-pt\/wp-json\/wp\/v2\/product_brand?post=26234"},{"taxonomy":"product_cat","embeddable":true,"href":"https:\/\/olemosaic.com\/pt-pt\/wp-json\/wp\/v2\/product_cat?post=26234"},{"taxonomy":"product_tag","embeddable":true,"href":"https:\/\/olemosaic.com\/pt-pt\/wp-json\/wp\/v2\/product_tag?post=26234"}],"curies":[{"name":"wp","href":"https:\/\/api.w.org\/{rel}","templated":true}]}}