{"id":26232,"date":"2025-02-20T23:28:08","date_gmt":"2025-02-20T22:28:08","guid":{"rendered":"http:\/\/olemosaic.com\/producto\/cucharilla-de-metal-salamandra-barcelona\/"},"modified":"2025-07-25T22:23:44","modified_gmt":"2025-07-25T20:23:44","slug":"colher-de-metal-salamandra-barcelona","status":"publish","type":"product","link":"https:\/\/olemosaic.com\/pt-pt\/produto\/colher-de-metal-salamandra-barcelona\/","title":{"rendered":"Colher de metal. Salamandra. Barcelona."},"content":{"rendered":"<p>Colher decorativa de metal com um requintado design de salamandra, perfeita para levar um pedacinho de Barcelona para casa. Esta elegante pe\u00e7a n\u00e3o \u00e9 apenas um utens\u00edlio funcional, mas tamb\u00e9m uma obra de arte inspirada na rica cultura da cidade, famosa pela sua arquitetura modernista, especialmente pelas ic\u00f3nicas obras de Antoni Gaud\u00ed. A parte superior da colher apresenta uma colorida ilustra\u00e7\u00e3o em mosaico, que combina vibrantes tons azuis, verdes e cor de laranja, evocando o estilo \u00fanico de Gaud\u00ed que se aprecia em locais como o Parque G\u00fcell.<\/p>\n<p>A palavra &#8220;Barcelona&#8221; est\u00e1 delicadamente gravada na parte frontal da colher, o que torna este produto uma recorda\u00e7\u00e3o perfeitamente representativa da cidade. \u00c9 ideal para quem procura um souvenir aut\u00eantico que combine arte e funcionalidade. A salamandra, um s\u00edmbolo de boa sorte e prote\u00e7\u00e3o, acrescenta um toque cultural que liga diretamente \u00e0 vibrante vida de Barcelona e \u00e0 sua rica hist\u00f3ria. Na Ol\u00e9 Mosaic dedicamo-nos \u00e0 distribui\u00e7\u00e3o de souvenirs por grosso, e esta colher \u00e9 uma excelente op\u00e7\u00e3o para lojas de presentes tur\u00edsticos que desejem oferecer produtos \u00fanicos e significativos aos seus clientes. Com o seu design atraente e a sua relev\u00e2ncia cultural, esta colher de salamandra \u00e9 um presente perfeito para os apaixonados por Barcelona.<\/p>\n","protected":false},"excerpt":{"rendered":"<p>Colher de metal com um design muito especial de salamandra, um s\u00edmbolo da rica cultura barcelonesa. Este elegante acess\u00f3rio de cozinha apresenta uma colorida ilustra\u00e7\u00e3o em mosaico, com vivos tons azuis, verdes e cor de laranja, inspirada no estilo arquitet\u00f3nico de Antoni Gaud\u00ed. A palavra &#8220;Barcelona&#8221; est\u00e1 gravada na parte frontal, o que a torna uma recorda\u00e7\u00e3o ideal que combina funcionalidade e arte, perfeita para os amantes da cidade e da arte moderna.<\/p>\n","protected":false},"featured_media":6804,"template":"","meta":{"_acf_changed":false},"product_brand":[],"product_cat":[799],"product_tag":[516],"class_list":{"0":"post-26232","1":"product","2":"type-product","3":"status-publish","4":"has-post-thumbnail","6":"product_cat-colheres","7":"product_tag-animais","8":"pa_ciudad-barcelona","9":"pa_motivo-salamandras","10":"pa_pais-espana","12":"first","13":"instock","14":"shipping-taxable","15":"product-type-simple"},"acf":[],"_links":{"self":[{"href":"https:\/\/olemosaic.com\/pt-pt\/wp-json\/wp\/v2\/product\/26232","targetHints":{"allow":["GET"]}}],"collection":[{"href":"https:\/\/olemosaic.com\/pt-pt\/wp-json\/wp\/v2\/product"}],"about":[{"href":"https:\/\/olemosaic.com\/pt-pt\/wp-json\/wp\/v2\/types\/product"}],"wp:featuredmedia":[{"embeddable":true,"href":"https:\/\/olemosaic.com\/pt-pt\/wp-json\/wp\/v2\/media\/6804"}],"wp:attachment":[{"href":"https:\/\/olemosaic.com\/pt-pt\/wp-json\/wp\/v2\/media?parent=26232"}],"wp:term":[{"taxonomy":"product_brand","embeddable":true,"href":"https:\/\/olemosaic.com\/pt-pt\/wp-json\/wp\/v2\/product_brand?post=26232"},{"taxonomy":"product_cat","embeddable":true,"href":"https:\/\/olemosaic.com\/pt-pt\/wp-json\/wp\/v2\/product_cat?post=26232"},{"taxonomy":"product_tag","embeddable":true,"href":"https:\/\/olemosaic.com\/pt-pt\/wp-json\/wp\/v2\/product_tag?post=26232"}],"curies":[{"name":"wp","href":"https:\/\/api.w.org\/{rel}","templated":true}]}}