{"id":26214,"date":"2025-02-20T23:28:08","date_gmt":"2025-02-20T22:28:08","guid":{"rendered":"http:\/\/olemosaic.com\/producto\/funda-de-telefono-para-iphone-15-promax-tpu-panoramica-barcelona-azul\/"},"modified":"2025-07-25T21:20:21","modified_gmt":"2025-07-25T19:20:21","slug":"capa-de-telemovel-para-iphone-15-pro-max-tpu-panoramica-barcelona-azul","status":"publish","type":"product","link":"https:\/\/olemosaic.com\/pt-pt\/produto\/capa-de-telemovel-para-iphone-15-pro-max-tpu-panoramica-barcelona-azul\/","title":{"rendered":"Capa de telem\u00f3vel para iPhone 15 Pro Max (TPU). Panor\u00e2mica. Barcelona. Estilo Gaud\u00ed. Azul"},"content":{"rendered":"<p>Descubra a nossa inovadora capa para iPhone 15 Pro Max, uma fus\u00e3o perfeita de prote\u00e7\u00e3o e estilo que captura a ess\u00eancia vibrante de Barcelona. Fabricada em TPU de alta qualidade, esta capa garante a m\u00e1xima durabilidade, enquanto o seu design panor\u00e2mico exibe um colorido mosaico em tons azuis, evocando as obras-primas do ic\u00f3nico arquiteto Antoni Gaud\u00ed. A ilustra\u00e7\u00e3o apresenta elementos emblem\u00e1ticos da cidade, como a Sagrada Fam\u00edlia e o Parque G\u00fcell, representados com tra\u00e7os din\u00e2micos e coloridos que prestam homenagem ao car\u00e1cter art\u00edstico de Barcelona.<\/p>\n<p>Esta capa n\u00e3o s\u00f3 protege o seu dispositivo, como tamb\u00e9m atua como uma aut\u00eantica recorda\u00e7\u00e3o de Barcelona, ideal para turistas e amantes da cultura espanhola. O seu design l\u00fadico e contempor\u00e2neo cria uma ponte entre a funcionalidade e a arte, tornando-a um objeto decorativo que se destaca em qualquer lugar. A liga\u00e7\u00e3o cultural reside n\u00e3o s\u00f3 na sua est\u00e9tica, mas tamb\u00e9m na sua homenagem \u00e0 rica heran\u00e7a art\u00edstica da Cidade Condal, o que faz deste produto uma escolha excecional para quem procura uma recorda\u00e7\u00e3o aut\u00eantica e significativa.<\/p>\n<p>Na Ol\u00e9 Mosaic, especializamo-nos na distribui\u00e7\u00e3o de souvenirs por grosso, oferecendo produtos que representam a diversidade e a beleza de Espanha. Esta capa \u00e9 uma op\u00e7\u00e3o atraente para lojas de presentes tur\u00edsticos que desejem oferecer artigos aut\u00eanticos e de qualidade, simbolizando Barcelona em cada detalhe.<\/p>\n","protected":false},"excerpt":{"rendered":"<p>Capa para iPhone 15 Pro Max fabricada em TPU, decorada com uma vibrante panor\u00e2mica de Barcelona em tons azuis e cores vivas. O design inclui elementos ic\u00f3nicos da cidade, como a Sagrada Fam\u00edlia e o Park G\u00fcell, combinados com mosaicos que evocam o estilo de Gaud\u00ed. Um produto ideal para quem deseja proteger o seu dispositivo enquanto mostra o seu amor por esta bela cidade espanhola.<\/p>\n","protected":false},"featured_media":12472,"template":"","meta":{"_acf_changed":false},"product_brand":[],"product_cat":[685],"product_tag":[],"class_list":{"0":"post-26214","1":"product","2":"type-product","3":"status-publish","4":"has-post-thumbnail","6":"product_cat-capas-para-telemoveis","7":"pa_ciudad-barcelona","8":"pa_motivo-panoramas","9":"pa_pais-espana","11":"first","12":"instock","13":"shipping-taxable","14":"product-type-simple"},"acf":[],"_links":{"self":[{"href":"https:\/\/olemosaic.com\/pt-pt\/wp-json\/wp\/v2\/product\/26214","targetHints":{"allow":["GET"]}}],"collection":[{"href":"https:\/\/olemosaic.com\/pt-pt\/wp-json\/wp\/v2\/product"}],"about":[{"href":"https:\/\/olemosaic.com\/pt-pt\/wp-json\/wp\/v2\/types\/product"}],"wp:featuredmedia":[{"embeddable":true,"href":"https:\/\/olemosaic.com\/pt-pt\/wp-json\/wp\/v2\/media\/12472"}],"wp:attachment":[{"href":"https:\/\/olemosaic.com\/pt-pt\/wp-json\/wp\/v2\/media?parent=26214"}],"wp:term":[{"taxonomy":"product_brand","embeddable":true,"href":"https:\/\/olemosaic.com\/pt-pt\/wp-json\/wp\/v2\/product_brand?post=26214"},{"taxonomy":"product_cat","embeddable":true,"href":"https:\/\/olemosaic.com\/pt-pt\/wp-json\/wp\/v2\/product_cat?post=26214"},{"taxonomy":"product_tag","embeddable":true,"href":"https:\/\/olemosaic.com\/pt-pt\/wp-json\/wp\/v2\/product_tag?post=26214"}],"curies":[{"name":"wp","href":"https:\/\/api.w.org\/{rel}","templated":true}]}}