{"id":26213,"date":"2025-02-20T23:28:08","date_gmt":"2025-02-20T22:28:08","guid":{"rendered":"http:\/\/olemosaic.com\/producto\/6-vasos-de-chupito-de-vidrio-metalizado\/"},"modified":"2025-07-25T19:23:36","modified_gmt":"2025-07-25T17:23:36","slug":"6-copos-de-shot-de-vidro-metalizado","status":"publish","type":"product","link":"https:\/\/olemosaic.com\/pt-pt\/produto\/6-copos-de-shot-de-vidro-metalizado\/","title":{"rendered":"6 copos de shot de vidro metalizado. Barcelona."},"content":{"rendered":"<p>Conjunto de 6 copos de shot de vidro metalizado inspirados na vibrante cidade de Barcelona. Este conjunto \u00e9 uma celebra\u00e7\u00e3o do patrim\u00f3nio arquitet\u00f3nico e cultural da cidade, com ilustra\u00e7\u00f5es \u00fanicas de monumentos emblem\u00e1ticos como a majestosa Sagrada Fam\u00edlia e o colorido Parque G\u00fcell, que destacam a sua beleza com detalhes arquitet\u00f3nicos meticulosamente elaborados em cada copo. Os vibrantes tons metalizados em verde, roxo, azul, amarelo, vermelho e turquesa n\u00e3o s\u00f3 conferem um toque festivo, como tamb\u00e9m refletem a energia e a diversidade da cidade condal, criando o ambiente ideal para qualquer celebra\u00e7\u00e3o. A inscri\u00e7\u00e3o &#8220;Barcelona&#8221; destaca-se em cada copo, refor\u00e7ando a sua liga\u00e7\u00e3o com a identidade local e tornando-o uma pe\u00e7a perfeita para recordar os momentos vividos nesta ic\u00f3nica metr\u00f3pole. Este conjunto de copos de shot n\u00e3o \u00e9 apenas uma excelente op\u00e7\u00e3o para os turistas que procuram souvenirs aut\u00eanticos de Barcelona, mas tamb\u00e9m representa uma recorda\u00e7\u00e3o pr\u00e1tica e encantadora que trar\u00e1 um peda\u00e7o da cidade para as suas reuni\u00f5es. Na Ol\u00e9 Mosaic, somos especialistas na distribui\u00e7\u00e3o de souvenirs por grosso, oferecendo produtos que n\u00e3o s\u00e3o apenas decorativos, mas que tamb\u00e9m evocam a rica hist\u00f3ria cultural de Espanha. Ideal para lojas de presentes tur\u00edsticos que procuram artigos com significado e autenticidade, estes copos s\u00e3o um tesouro representativo de Barcelona.<\/p>\n","protected":false},"excerpt":{"rendered":"<p>Conjunto de seis copos de shot de vidro metalizado, inspirados na vibrante cidade de Barcelona. Cada copo apresenta ilustra\u00e7\u00f5es coloridas e distintivas de monumentos emblem\u00e1ticos, como a Sagrada Fam\u00edlia e o Parque G\u00fcell, real\u00e7ando a sua beleza arquitet\u00f3nica. Os tons metalizados em verde, roxo, azul, amarelo, vermelho e turquesa conferem um toque festivo, enquanto a palavra &#8220;Barcelona&#8221; se destaca em cada design. S\u00e3o ideais para levar um peda\u00e7o da cidade para qualquer celebra\u00e7\u00e3o.<\/p>\n","protected":false},"featured_media":11187,"template":"","meta":{"_acf_changed":false},"product_brand":[],"product_cat":[815],"product_tag":[],"class_list":{"0":"post-26213","1":"product","2":"type-product","3":"status-publish","4":"has-post-thumbnail","6":"product_cat-copos-de-shot","7":"pa_ciudad-barcelona","8":"pa_motivo-panoramas","9":"pa_pais-espana","11":"first","12":"instock","13":"shipping-taxable","14":"product-type-simple"},"acf":[],"_links":{"self":[{"href":"https:\/\/olemosaic.com\/pt-pt\/wp-json\/wp\/v2\/product\/26213","targetHints":{"allow":["GET"]}}],"collection":[{"href":"https:\/\/olemosaic.com\/pt-pt\/wp-json\/wp\/v2\/product"}],"about":[{"href":"https:\/\/olemosaic.com\/pt-pt\/wp-json\/wp\/v2\/types\/product"}],"wp:featuredmedia":[{"embeddable":true,"href":"https:\/\/olemosaic.com\/pt-pt\/wp-json\/wp\/v2\/media\/11187"}],"wp:attachment":[{"href":"https:\/\/olemosaic.com\/pt-pt\/wp-json\/wp\/v2\/media?parent=26213"}],"wp:term":[{"taxonomy":"product_brand","embeddable":true,"href":"https:\/\/olemosaic.com\/pt-pt\/wp-json\/wp\/v2\/product_brand?post=26213"},{"taxonomy":"product_cat","embeddable":true,"href":"https:\/\/olemosaic.com\/pt-pt\/wp-json\/wp\/v2\/product_cat?post=26213"},{"taxonomy":"product_tag","embeddable":true,"href":"https:\/\/olemosaic.com\/pt-pt\/wp-json\/wp\/v2\/product_tag?post=26213"}],"curies":[{"name":"wp","href":"https:\/\/api.w.org\/{rel}","templated":true}]}}