{"id":26212,"date":"2025-02-20T23:28:07","date_gmt":"2025-02-20T22:28:07","guid":{"rendered":"http:\/\/olemosaic.com\/producto\/colgante-de-madera-ancla\/"},"modified":"2025-07-25T19:28:55","modified_gmt":"2025-07-25T17:28:55","slug":"pendente-de-madeira-ancora","status":"publish","type":"product","link":"https:\/\/olemosaic.com\/pt-pt\/produto\/pendente-de-madeira-ancora\/","title":{"rendered":"Pendente de madeira. \u00c2ncora."},"content":{"rendered":"<p>Pendente decorativo de madeira com forma de \u00e2ncora, perfeito para adicionar um toque marinheiro a qualquer espa\u00e7o. Este atraente pendente \u00e9 meticulosamente elaborado com troncos de madeira dispostos de forma equilibrada, e destaca-se pelo seu design pintado numa refrescante combina\u00e7\u00e3o de tons azul e branco que evoca a ess\u00eancia do mar. A base em forma de \u00e2ncora, com a sua simbologia de liga\u00e7\u00e3o \u00e0 vida mar\u00edtima, n\u00e3o \u00e9 apenas um elemento decorativo, mas tamb\u00e9m representa a rica tradi\u00e7\u00e3o das comunidades costeiras de Espanha e Portugal.<\/p>\n<p>A estrutura do pendente inclui um gancho superior para facilitar a sua instala\u00e7\u00e3o, permitindo pendur\u00e1-lo em qualquer lugar, desde uma parede de uma casa junto ao mar at\u00e9 \u00e0 entrada de um lar, criando uma atmosfera de praia e acolhedora. Decorado artesanalmente com aten\u00e7\u00e3o ao detalhe, cada pe\u00e7a \u00e9 \u00fanica, lo que real\u00e7a a sua autenticidade como recorda\u00e7\u00e3o da costa. Este pendente \u00e9 perfeito para os turistas que desejam levar para casa um fragmento do mar e da cultura costeira.<\/p>\n<p>Na Ol\u00e9 Mosaic, oferecemos produtos concebidos para capturar o esp\u00edrito dos destinos tur\u00edsticos, e este pendente de madeira \u00e9 uma excelente op\u00e7\u00e3o para as lojas que procuram souvenirs aut\u00eanticos e de qualidade. Com a sua atraente est\u00e9tica e significado cultural, \u00e9 um presente ideal que encantar\u00e1 quem procura uma liga\u00e7\u00e3o com a vida marinha e a arte artesanal.<\/p>\n","protected":false},"excerpt":{"rendered":"<p>Pendente decorativo de madeira com forma de \u00e2ncora, perfeito para dar um toque marinheiro a qualquer espa\u00e7o. Esta pe\u00e7a artesanal apresenta um design pintado em tons azuis e brancos, que evocam a frescura do mar. Composto por troncos de madeira dispostos de forma equilibrada, o pendente completa-se com uma base em forma de \u00e2ncora decorada, que simboliza a liga\u00e7\u00e3o com a vida mar\u00edtima. Ideal para lares costeiros ou como recorda\u00e7\u00e3o de uma escapadela \u00e0 praia.<\/p>\n","protected":false},"featured_media":9633,"template":"","meta":{"_acf_changed":false},"product_brand":[],"product_cat":[794],"product_tag":[],"class_list":{"0":"post-26212","1":"product","2":"type-product","3":"status-publish","4":"has-post-thumbnail","6":"product_cat-pendentes","7":"pa_motivo-ancoras","9":"first","10":"instock","11":"shipping-taxable","12":"product-type-simple"},"acf":[],"_links":{"self":[{"href":"https:\/\/olemosaic.com\/pt-pt\/wp-json\/wp\/v2\/product\/26212","targetHints":{"allow":["GET"]}}],"collection":[{"href":"https:\/\/olemosaic.com\/pt-pt\/wp-json\/wp\/v2\/product"}],"about":[{"href":"https:\/\/olemosaic.com\/pt-pt\/wp-json\/wp\/v2\/types\/product"}],"wp:featuredmedia":[{"embeddable":true,"href":"https:\/\/olemosaic.com\/pt-pt\/wp-json\/wp\/v2\/media\/9633"}],"wp:attachment":[{"href":"https:\/\/olemosaic.com\/pt-pt\/wp-json\/wp\/v2\/media?parent=26212"}],"wp:term":[{"taxonomy":"product_brand","embeddable":true,"href":"https:\/\/olemosaic.com\/pt-pt\/wp-json\/wp\/v2\/product_brand?post=26212"},{"taxonomy":"product_cat","embeddable":true,"href":"https:\/\/olemosaic.com\/pt-pt\/wp-json\/wp\/v2\/product_cat?post=26212"},{"taxonomy":"product_tag","embeddable":true,"href":"https:\/\/olemosaic.com\/pt-pt\/wp-json\/wp\/v2\/product_tag?post=26212"}],"curies":[{"name":"wp","href":"https:\/\/api.w.org\/{rel}","templated":true}]}}