{"id":26189,"date":"2025-02-20T23:28:07","date_gmt":"2025-02-20T22:28:07","guid":{"rendered":"http:\/\/olemosaic.com\/producto\/cenicero-de-ceramica-de-9-cm-flores-blanco\/"},"modified":"2025-07-25T19:46:40","modified_gmt":"2025-07-25T17:46:40","slug":"cinzeiro-de-ceramica-de-9-cm-flores-branco","status":"publish","type":"product","link":"https:\/\/olemosaic.com\/pt-pt\/produto\/cinzeiro-de-ceramica-de-9-cm-flores-branco\/","title":{"rendered":"Cinzeiro de cer\u00e2mica de 9 cm. Flores. Branco"},"content":{"rendered":"<p>Cinzeiro de cer\u00e2mica decorado com vibrantes flores em tons de vermelho, azul, amarelo e preto. Este elegante cinzeiro, com um di\u00e2metro de 9 cm, captura a ess\u00eancia da arte do mosaico t\u00edpico de Espanha, levando a beleza da tradi\u00e7\u00e3o cer\u00e2mica diretamente para o seu lar. A sua forma redonda oferece uma est\u00e9tica cl\u00e1ssica, enquanto o acabamento brilhante real\u00e7a os detalhes pintados \u00e0 m\u00e3o, garantindo que cada pe\u00e7a seja realmente \u00fanica. Os motivos florais que adornam a sua superf\u00edcie n\u00e3o s\u00f3 conferem um toque art\u00edstico, como tamb\u00e9m refletem a rica biodiversidade e a vibrante cultura da pen\u00ednsula ib\u00e9rica.<\/p>\n<p>Este cinzeiro \u00e9 o acess\u00f3rio ideal que combina funcionalidade e estilo, adicionando um toque cultural e colorido a qualquer ambiente. O seu design, inspirado nos mosaicos que embelezam muitos dos monumentos espanh\u00f3is, como os p\u00e1tios andaluzes e as obras de Gaud\u00ed, torna-o um souvenir representativo e aut\u00eantico. Na Ol\u00e9 Mosaic, somos especialistas na distribui\u00e7\u00e3o de souvenirs por grosso e este cinzeiro de cer\u00e2mica \u00e9 uma excelente op\u00e7\u00e3o para lojas de presentes tur\u00edsticos que procuram produtos que capturem a ess\u00eancia de Espanha. Destaca-se pela sua qualidade artesanal, tornando-o uma recorda\u00e7\u00e3o ideal para aqueles que desejam levar um pedacinho da arte e da cultura espanhola.<\/p>\n","protected":false},"excerpt":{"rendered":"<p>Cinzeiro de cer\u00e2mica de 9 cm, decorado com um vibrante design floral em tons de vermelho, azul, amarelo e preto. Este elegante cinzeiro, com acabamento brilhante e design artesanal, pintado \u00e0 m\u00e3o, evoca o colorido e a riqueza da arte do mosaico espanhol. A sua forma redonda e a aten\u00e7\u00e3o ao detalhe nos motivos florais tornam-no um acess\u00f3rio perfeito para qualquer ambiente, adicionando um toque art\u00edstico e cultural.<\/p>\n","protected":false},"featured_media":9015,"template":"","meta":{"_acf_changed":false},"product_brand":[],"product_cat":[564],"product_tag":[515],"class_list":{"0":"post-26189","1":"product","2":"type-product","3":"status-publish","4":"has-post-thumbnail","6":"product_cat-cinzeiros","7":"product_tag-ceramica","8":"pa_motivo-flores","10":"first","11":"instock","12":"shipping-taxable","13":"product-type-simple"},"acf":[],"_links":{"self":[{"href":"https:\/\/olemosaic.com\/pt-pt\/wp-json\/wp\/v2\/product\/26189","targetHints":{"allow":["GET"]}}],"collection":[{"href":"https:\/\/olemosaic.com\/pt-pt\/wp-json\/wp\/v2\/product"}],"about":[{"href":"https:\/\/olemosaic.com\/pt-pt\/wp-json\/wp\/v2\/types\/product"}],"wp:featuredmedia":[{"embeddable":true,"href":"https:\/\/olemosaic.com\/pt-pt\/wp-json\/wp\/v2\/media\/9015"}],"wp:attachment":[{"href":"https:\/\/olemosaic.com\/pt-pt\/wp-json\/wp\/v2\/media?parent=26189"}],"wp:term":[{"taxonomy":"product_brand","embeddable":true,"href":"https:\/\/olemosaic.com\/pt-pt\/wp-json\/wp\/v2\/product_brand?post=26189"},{"taxonomy":"product_cat","embeddable":true,"href":"https:\/\/olemosaic.com\/pt-pt\/wp-json\/wp\/v2\/product_cat?post=26189"},{"taxonomy":"product_tag","embeddable":true,"href":"https:\/\/olemosaic.com\/pt-pt\/wp-json\/wp\/v2\/product_tag?post=26189"}],"curies":[{"name":"wp","href":"https:\/\/api.w.org\/{rel}","templated":true}]}}