{"id":26188,"date":"2025-02-20T23:28:07","date_gmt":"2025-02-20T22:28:07","guid":{"rendered":"http:\/\/olemosaic.com\/producto\/cenicero-de-ceramica-de-9-cm-salamandra-y-flores-mallorca-blanco\/"},"modified":"2025-07-25T19:26:43","modified_gmt":"2025-07-25T17:26:43","slug":"cinzeiro-de-ceramica-de-9-cm-salamandra-e-flores-maiorca-branco","status":"publish","type":"product","link":"https:\/\/olemosaic.com\/pt-pt\/produto\/cinzeiro-de-ceramica-de-9-cm-salamandra-e-flores-maiorca-branco\/","title":{"rendered":"Cinzeiro de cer\u00e2mica de 9 cm. Salamandra e flores. Maiorca. Branco"},"content":{"rendered":"<p>Cinzeiro de cer\u00e2mica decorado com uma vibrante salamandra e flores t\u00edpicas de Maiorca, um aut\u00eantico tesouro que captura a ess\u00eancia do estilo mediterr\u00e2nico. Com um di\u00e2metro de 9 cm, este atraente cinzeiro \u00e9 pintado \u00e0 m\u00e3o sobre um fundo branco que real\u00e7a as cores vivas e alegres das flores e da salamandra que o adornam. A salamandra, s\u00edmbolo da cultura local, apresenta-se num belo design que combina tons de verde e azul, enquanto as flores que a rodeiam, em vermelho e amarelo, evocam a flora da ilha. Al\u00e9m disso, o cinzeiro conta com um motivo de mosaico que evoca a arte popular de Maiorca, o que real\u00e7a a sua singularidade.<\/p>\n<p>Este produto n\u00e3o s\u00f3 \u00e9 funcional, como tamb\u00e9m serve como uma recorda\u00e7\u00e3o visual da beleza de Maiorca, pelo que merece um lugar especial em qualquer lar. Como souvenir, \u00e9 o presente ideal para turistas que procuram um peda\u00e7o da cultura maiorquina. Na Ol\u00e9 Mosaic, oferecemos cuidados souvenirs de cer\u00e2mica que refletem a autenticidade e a riqueza cultural da regi\u00e3o. Este cinzeiro \u00e9 uma excelente op\u00e7\u00e3o para lojas de presentes tur\u00edsticos que desejem oferecer artigos de qualidade, representativos e aut\u00eanticos, perfeitos para quem procura souvenirs \u00fanicos de Maiorca.<\/p>\n","protected":false},"excerpt":{"rendered":"<p>Cinzeiro de cer\u00e2mica de 9 cm, decorado com uma vibrante salamandra e flores t\u00edpicas de Maiorca. Este atraente cinzeiro apresenta um design artesanal, pintado \u00e0 m\u00e3o, sobre um fundo branco que real\u00e7a as cores vivas das flores e da salamandra. A decora\u00e7\u00e3o inclui um motivo de mosaico, que evoca a ess\u00eancia da arte local. Perfeito para adicionar um toque mediterr\u00e2nico a qualquer espa\u00e7o.<\/p>\n","protected":false},"featured_media":8025,"template":"","meta":{"_acf_changed":false},"product_brand":[],"product_cat":[564],"product_tag":[516,515],"class_list":{"0":"post-26188","1":"product","2":"type-product","3":"status-publish","4":"has-post-thumbnail","6":"product_cat-cinzeiros","7":"product_tag-animais","8":"product_tag-ceramica","9":"pa_ciudad-mallorca","10":"pa_motivo-salamandras","11":"pa_pais-espana","13":"first","14":"instock","15":"shipping-taxable","16":"product-type-simple"},"acf":[],"_links":{"self":[{"href":"https:\/\/olemosaic.com\/pt-pt\/wp-json\/wp\/v2\/product\/26188","targetHints":{"allow":["GET"]}}],"collection":[{"href":"https:\/\/olemosaic.com\/pt-pt\/wp-json\/wp\/v2\/product"}],"about":[{"href":"https:\/\/olemosaic.com\/pt-pt\/wp-json\/wp\/v2\/types\/product"}],"wp:featuredmedia":[{"embeddable":true,"href":"https:\/\/olemosaic.com\/pt-pt\/wp-json\/wp\/v2\/media\/8025"}],"wp:attachment":[{"href":"https:\/\/olemosaic.com\/pt-pt\/wp-json\/wp\/v2\/media?parent=26188"}],"wp:term":[{"taxonomy":"product_brand","embeddable":true,"href":"https:\/\/olemosaic.com\/pt-pt\/wp-json\/wp\/v2\/product_brand?post=26188"},{"taxonomy":"product_cat","embeddable":true,"href":"https:\/\/olemosaic.com\/pt-pt\/wp-json\/wp\/v2\/product_cat?post=26188"},{"taxonomy":"product_tag","embeddable":true,"href":"https:\/\/olemosaic.com\/pt-pt\/wp-json\/wp\/v2\/product_tag?post=26188"}],"curies":[{"name":"wp","href":"https:\/\/api.w.org\/{rel}","templated":true}]}}