{"id":26187,"date":"2025-02-20T22:28:07","date_gmt":"2025-02-20T22:28:07","guid":{"rendered":"http:\/\/olemosaic.com\/producto\/cenicero-de-ceramica-de-10-cm-mosaico-blanco\/"},"modified":"2025-07-25T19:50:00","modified_gmt":"2025-07-25T17:50:00","slug":"cinzeiro-de-ceramica-de-10-cm-mosaico-branco","status":"publish","type":"product","link":"https:\/\/olemosaic.com\/pt-pt\/produto\/cinzeiro-de-ceramica-de-10-cm-mosaico-branco\/","title":{"rendered":"Cinzeiro de cer\u00e2mica de 10 cm. Mosaico. Branco"},"content":{"rendered":"<p>Cinzeiro de cer\u00e2mica decorado com um vibrante mosaico em tons de azul, vermelho e laranja. Este encantador cinzeiro, de 10 cm de di\u00e2metro, destaca-se pelo seu design cativante, que combina uma base branca impoluta com intrincadas ilustra\u00e7\u00f5es que evocam a rica tradi\u00e7\u00e3o da arte cer\u00e2mica espanhola. No seu interior, um mosaico de formas geom\u00e9tricas e florais desdobra-se numa sinfonia de cores, que recorda a arquitetura e o folclore caracter\u00edsticos de diversas regi\u00f5es de Espanha, especialmente da Andaluzia.<\/p>\n<p>O cinzeiro n\u00e3o \u00e9 apenas um objeto pr\u00e1tico, mas tamb\u00e9m uma pe\u00e7a decorativa de grande valor cultural, ideal para qualquer canto da sua casa. Perfeito para interiores e exteriores, a sua est\u00e9tica adapta-se a diferentes estilos decorativos, real\u00e7ando a beleza do ambiente. Este produto \u00e9 um aut\u00eantico souvenir da cultura espanhola, que simboliza a mestria artesanal que perdura ao longo dos anos.<\/p>\n<p>Na Ol\u00e9 Mosaic, orgulhamo-nos de oferecer souvenirs aut\u00eanticos que refletem a ess\u00eancia de Espanha. Este cinzeiro de cer\u00e2mica \u00e9 uma excelente op\u00e7\u00e3o para turistas e lojas de presentes tur\u00edsticos que procuram um detalhe significativo e funcional, tornando-se uma recorda\u00e7\u00e3o ideal da riqueza cultural do pa\u00eds e uma representa\u00e7\u00e3o da arte cer\u00e2mica tradicional.<\/p>\n","protected":false},"excerpt":{"rendered":"<p>Cinzeiro de cer\u00e2mica de 10 cm, adornado com um vibrante design de mosaico em tons de azul, vermelho e laranja. Este elegante cinzeiro apresenta uma base branca com intrincadas ilustra\u00e7\u00f5es que evocam a riqueza da arte cer\u00e2mica espanhola. Ideal para qualquer canto da sua casa, combina a funcionalidade com uma est\u00e9tica decorativa, perfeito para quem aprecia o estilo tradicional e os elementos culturais do pa\u00eds.<\/p>\n","protected":false},"featured_media":8873,"template":"","meta":{"_acf_changed":false},"product_brand":[],"product_cat":[564],"product_tag":[515],"class_list":{"0":"post-26187","1":"product","2":"type-product","3":"status-publish","4":"has-post-thumbnail","6":"product_cat-cinzeiros","7":"product_tag-ceramica","8":"pa_motivo-mosaico","10":"first","11":"instock","12":"shipping-taxable","13":"product-type-simple"},"acf":[],"_links":{"self":[{"href":"https:\/\/olemosaic.com\/pt-pt\/wp-json\/wp\/v2\/product\/26187","targetHints":{"allow":["GET"]}}],"collection":[{"href":"https:\/\/olemosaic.com\/pt-pt\/wp-json\/wp\/v2\/product"}],"about":[{"href":"https:\/\/olemosaic.com\/pt-pt\/wp-json\/wp\/v2\/types\/product"}],"wp:featuredmedia":[{"embeddable":true,"href":"https:\/\/olemosaic.com\/pt-pt\/wp-json\/wp\/v2\/media\/8873"}],"wp:attachment":[{"href":"https:\/\/olemosaic.com\/pt-pt\/wp-json\/wp\/v2\/media?parent=26187"}],"wp:term":[{"taxonomy":"product_brand","embeddable":true,"href":"https:\/\/olemosaic.com\/pt-pt\/wp-json\/wp\/v2\/product_brand?post=26187"},{"taxonomy":"product_cat","embeddable":true,"href":"https:\/\/olemosaic.com\/pt-pt\/wp-json\/wp\/v2\/product_cat?post=26187"},{"taxonomy":"product_tag","embeddable":true,"href":"https:\/\/olemosaic.com\/pt-pt\/wp-json\/wp\/v2\/product_tag?post=26187"}],"curies":[{"name":"wp","href":"https:\/\/api.w.org\/{rel}","templated":true}]}}