{"id":26180,"date":"2025-02-20T22:28:07","date_gmt":"2025-02-20T22:28:07","guid":{"rendered":"http:\/\/olemosaic.com\/producto\/cenicero-de-ceramica-de-10-cm-valencia-blanco\/"},"modified":"2025-07-25T20:02:18","modified_gmt":"2025-07-25T18:02:18","slug":"cinzeiro-de-ceramica-de-10-cm-valencia-branco","status":"publish","type":"product","link":"https:\/\/olemosaic.com\/pt-pt\/produto\/cinzeiro-de-ceramica-de-10-cm-valencia-branco\/","title":{"rendered":"Cinzeiro de cer\u00e2mica de 10 cm. Val\u00eancia. Branco"},"content":{"rendered":"<p>Cinzeiro de cer\u00e2mica de Val\u00eancia, uma pe\u00e7a art\u00edstica de 10 cm que captura a ess\u00eancia vibrante desta magn\u00edfica cidade espanhola. Este atraente cinzeiro apresenta uma ilustra\u00e7\u00e3o colorida que destaca dois dos monumentos mais emblem\u00e1ticos de Val\u00eancia: a majestosa Catedral, com a sua inconfund\u00edvel torre, e o ic\u00f3nico edif\u00edcio da Cidade das Artes e das Ci\u00eancias, que evoca a modernidade e o engenho arquitet\u00f3nico da regi\u00e3o. O acabamento brilhante real\u00e7a os detalhes de cada monumento, enquanto um delicado design de mosaico em tons de branco, vermelho e azul adorna a sua base, conferindo-lhe uma est\u00e9tica \u00fanica e contempor\u00e2nea.<\/p>\n<p>O rebordo do cinzeiro est\u00e1 decorado com a palavra &#8220;Valencia&#8221; em letras multicoloridas, o que adiciona um toque festivo e atraente. Esta pe\u00e7a n\u00e3o s\u00f3 \u00e9 funcional, como tamb\u00e9m se assume como uma recorda\u00e7\u00e3o significativa da rica cultura e do patrim\u00f3nio de Val\u00eancia. Ideal para os turistas que procuram souvenirs aut\u00eanticos que contem uma hist\u00f3ria, este cinzeiro de cer\u00e2mica enriquecer\u00e1 qualquer lar com um fragmento da tradi\u00e7\u00e3o valenciana.<\/p>\n<p>Na Ol\u00e9 Mosaic, somos distribuidores de souvenirs por grosso, oferecendo produtos aut\u00eanticos que refletem a diversidade cultural de Espanha. Este cinzeiro \u00e9 uma excelente op\u00e7\u00e3o para lojas de presentes tur\u00edsticos que desejem oferecer uma pe\u00e7a representativa e de qualidade, perfeita para recordar a experi\u00eancia de descobrir Val\u00eancia.<\/p>\n","protected":false},"excerpt":{"rendered":"<p>Cinzeiro de cer\u00e2mica de 10 cm inspirado na vibrante cidade de Val\u00eancia. Este atraente cinzeiro apresenta uma ilustra\u00e7\u00e3o colorida com monumentos emblem\u00e1ticos como a Catedral de Val\u00eancia e a Cidade das Artes e das Ci\u00eancias, tudo com um acabamento brilhante. Decorado com um design de mosaico em tons de branco, vermelho e azul, o seu rebordo exibe a palavra &#8220;Valencia&#8221; em letras multicoloridas, capturando a ess\u00eancia cultural e art\u00edstica da regi\u00e3o.<\/p>\n","protected":false},"featured_media":9880,"template":"","meta":{"_acf_changed":false},"product_brand":[],"product_cat":[564],"product_tag":[515],"class_list":{"0":"post-26180","1":"product","2":"type-product","3":"status-publish","4":"has-post-thumbnail","6":"product_cat-cinzeiros","7":"product_tag-ceramica","8":"pa_ciudad-valencia","9":"pa_pais-espana","11":"first","12":"instock","13":"shipping-taxable","14":"product-type-simple"},"acf":[],"_links":{"self":[{"href":"https:\/\/olemosaic.com\/pt-pt\/wp-json\/wp\/v2\/product\/26180","targetHints":{"allow":["GET"]}}],"collection":[{"href":"https:\/\/olemosaic.com\/pt-pt\/wp-json\/wp\/v2\/product"}],"about":[{"href":"https:\/\/olemosaic.com\/pt-pt\/wp-json\/wp\/v2\/types\/product"}],"wp:featuredmedia":[{"embeddable":true,"href":"https:\/\/olemosaic.com\/pt-pt\/wp-json\/wp\/v2\/media\/9880"}],"wp:attachment":[{"href":"https:\/\/olemosaic.com\/pt-pt\/wp-json\/wp\/v2\/media?parent=26180"}],"wp:term":[{"taxonomy":"product_brand","embeddable":true,"href":"https:\/\/olemosaic.com\/pt-pt\/wp-json\/wp\/v2\/product_brand?post=26180"},{"taxonomy":"product_cat","embeddable":true,"href":"https:\/\/olemosaic.com\/pt-pt\/wp-json\/wp\/v2\/product_cat?post=26180"},{"taxonomy":"product_tag","embeddable":true,"href":"https:\/\/olemosaic.com\/pt-pt\/wp-json\/wp\/v2\/product_tag?post=26180"}],"curies":[{"name":"wp","href":"https:\/\/api.w.org\/{rel}","templated":true}]}}