{"id":26179,"date":"2025-02-20T22:28:06","date_gmt":"2025-02-20T22:28:06","guid":{"rendered":"http:\/\/olemosaic.com\/producto\/cenicero-de-ceramica-de-10-cm-sevilla-blanco\/"},"modified":"2025-07-25T18:38:44","modified_gmt":"2025-07-25T16:38:44","slug":"cinzeiro-de-ceramica-de-10-cm-sevilha-branco","status":"publish","type":"product","link":"https:\/\/olemosaic.com\/pt-pt\/produto\/cinzeiro-de-ceramica-de-10-cm-sevilha-branco\/","title":{"rendered":"Cinzeiro de cer\u00e2mica de 10 cm. Sevilha. Branco"},"content":{"rendered":"<p>Cinzeiro de cer\u00e2mica de Sevilha<\/p>\n<p>Descubra este encantador cinzeiro de cer\u00e2mica de 10 cm, magistralmente desenhado para capturar a vibrante ess\u00eancia de Sevilha. Esta pe\u00e7a decorativa, perfeita para quem aprecia a est\u00e9tica andaluza, apresenta uma ilustra\u00e7\u00e3o colorida dos monumentos mais emblem\u00e1ticos da cidade, como a impressionante Giralda e a majestosa Pra\u00e7a de Espanha. Com um acabamento em branco que real\u00e7a os brilhantes detalhes da obra, este cinzeiro \u00e9 tanto funcional como uma obra de arte que embeleza qualquer espa\u00e7o.<\/p>\n<p>O design inclui um delicado mosaico que evoca a rica tradi\u00e7\u00e3o cultural andaluza, rodeado por um entrela\u00e7ado que adiciona um toque de sofistica\u00e7\u00e3o. A inscri\u00e7\u00e3o &#8220;Sevilla&#8221;, plasmada numa tipografia atraente, complementa o conjunto e torna este cinzeiro numa excelente recorda\u00e7\u00e3o da cidade. \u00c9 ideal para turistas que desejem levar para casa um peda\u00e7o da hist\u00f3ria e da paisagem sevilhana.<\/p>\n<p>Na Ol\u00e9 Mosaic, dedicamo-nos \u00e0 distribui\u00e7\u00e3o de souvenirs por grosso, oferecendo produtos aut\u00eanticos que capturam a riqueza cultural de Espanha. Este cinzeiro de cer\u00e2mica n\u00e3o s\u00f3 \u00e9 um objeto decorativo, como tamb\u00e9m uma recorda\u00e7\u00e3o representativa que os amantes de Sevilha ir\u00e3o valorizar. Uma op\u00e7\u00e3o perfeita para lojas de presentes tur\u00edsticos \u00e0 procura de artigos \u00fanicos e aut\u00eanticos, este cinzeiro torna-se um imprescind\u00edvel para quem deseja recordar a sua viagem a esta encantadora cidade andaluza.<\/p>\n","protected":false},"excerpt":{"rendered":"<p>Cinzeiro de cer\u00e2mica de 10 cm com um design vibrante inspirado em Sevilha. Este elegante cinzeiro apresenta uma representa\u00e7\u00e3o colorida de monumentos emblem\u00e1ticos da cidade, como a Giralda e a Pra\u00e7a de Espanha, com um acabamento branco que real\u00e7a os detalhes. Decorado com um mosaico que evoca o estilo andaluz, inclui a inscri\u00e7\u00e3o &#8220;Sevilla&#8221; numa tipografia atraente, ideal para os amantes da cultura espanhola.<\/p>\n","protected":false},"featured_media":9938,"template":"","meta":{"_acf_changed":false},"product_brand":[],"product_cat":[564],"product_tag":[515],"class_list":{"0":"post-26179","1":"product","2":"type-product","3":"status-publish","4":"has-post-thumbnail","6":"product_cat-cinzeiros","7":"product_tag-ceramica","8":"pa_ciudad-sevilla","9":"pa_pais-espana","11":"first","12":"instock","13":"shipping-taxable","14":"product-type-simple"},"acf":[],"_links":{"self":[{"href":"https:\/\/olemosaic.com\/pt-pt\/wp-json\/wp\/v2\/product\/26179","targetHints":{"allow":["GET"]}}],"collection":[{"href":"https:\/\/olemosaic.com\/pt-pt\/wp-json\/wp\/v2\/product"}],"about":[{"href":"https:\/\/olemosaic.com\/pt-pt\/wp-json\/wp\/v2\/types\/product"}],"wp:featuredmedia":[{"embeddable":true,"href":"https:\/\/olemosaic.com\/pt-pt\/wp-json\/wp\/v2\/media\/9938"}],"wp:attachment":[{"href":"https:\/\/olemosaic.com\/pt-pt\/wp-json\/wp\/v2\/media?parent=26179"}],"wp:term":[{"taxonomy":"product_brand","embeddable":true,"href":"https:\/\/olemosaic.com\/pt-pt\/wp-json\/wp\/v2\/product_brand?post=26179"},{"taxonomy":"product_cat","embeddable":true,"href":"https:\/\/olemosaic.com\/pt-pt\/wp-json\/wp\/v2\/product_cat?post=26179"},{"taxonomy":"product_tag","embeddable":true,"href":"https:\/\/olemosaic.com\/pt-pt\/wp-json\/wp\/v2\/product_tag?post=26179"}],"curies":[{"name":"wp","href":"https:\/\/api.w.org\/{rel}","templated":true}]}}