{"id":26178,"date":"2025-02-20T23:28:06","date_gmt":"2025-02-20T22:28:06","guid":{"rendered":"http:\/\/olemosaic.com\/producto\/cenicero-de-ceramica-de-8-cm-valencia-blanco\/"},"modified":"2025-07-25T18:48:13","modified_gmt":"2025-07-25T16:48:13","slug":"cinzeiro-de-ceramica-de-8-cm-valencia-branco","status":"publish","type":"product","link":"https:\/\/olemosaic.com\/pt-pt\/produto\/cinzeiro-de-ceramica-de-8-cm-valencia-branco\/","title":{"rendered":"Cinzeiro de cer\u00e2mica de 8 cm. Val\u00eancia. Branco"},"content":{"rendered":"<p>Cinzeiro de cer\u00e2mica de 8 cm decorado com vistas ic\u00f3nicas de Val\u00eancia. Este elegante cinzeiro branco \u00e9 um artigo distintivo que representa a rica heran\u00e7a cultural da cidade. O seu design, pintado \u00e0 m\u00e3o, destaca a emblem\u00e1tica Catedral de Val\u00eancia, a impressionante Cidade das Artes e das Ci\u00eancias, e outros elementos arquitet\u00f3nicos que personificam a beleza e singularidade da regi\u00e3o.<\/p>\n<p>O fundo branco real\u00e7a as cores vivas das ilustra\u00e7\u00f5es, com tons vibrantes de vermelho, azul e amarelo, criando um contraste visual atraente. Cada detalhe dos monumentos foi cuidadosamente representado, conferindo profundidade e autenticidade \u00e0 pe\u00e7a. O cinzeiro apresenta um padr\u00e3o subtil que adiciona um toque elegante, tornando-o um exemplo completo do artesanato local.<\/p>\n<p>Este cinzeiro n\u00e3o s\u00f3 \u00e9 funcional, como tamb\u00e9m uma elegante recorda\u00e7\u00e3o que captura a ess\u00eancia de Val\u00eancia, ideal para colecionadores e amantes da decora\u00e7\u00e3o. Na Ol\u00e9 Mosaic, especializamo-nos na distribui\u00e7\u00e3o de souvenirs por grosso, oferecendo produtos aut\u00eanticos que refletem a cultura espanhola. Este cinzeiro de cer\u00e2mica \u00e9 uma op\u00e7\u00e3o perfeita para lojas de presentes tur\u00edsticos que procuram artigos de qualidade e significado cultural, tornando-se uma recorda\u00e7\u00e3o representativa da rica hist\u00f3ria e modernidade de Val\u00eancia.<\/p>\n","protected":false},"excerpt":{"rendered":"<p>Cinzeiro de cer\u00e2mica de 8 cm, decorado com vistas ic\u00f3nicas de Val\u00eancia. Este elegante cinzeiro branco apresenta um design artesanal, pintado \u00e0 m\u00e3o, que inclui a emblem\u00e1tica Catedral de Val\u00eancia, a impressionante Cidade das Artes e das Ci\u00eancias, e outros elementos arquitet\u00f3nicos destacados. Adornado com cores vibrantes e um subtil padr\u00e3o de fundo, \u00e9 o souvenir perfeito que captura a ess\u00eancia cultural da cidade, ideal para colecionadores e amantes da decora\u00e7\u00e3o.<\/p>\n","protected":false},"featured_media":9881,"template":"","meta":{"_acf_changed":false},"product_brand":[],"product_cat":[564],"product_tag":[515],"class_list":{"0":"post-26178","1":"product","2":"type-product","3":"status-publish","4":"has-post-thumbnail","6":"product_cat-cinzeiros","7":"product_tag-ceramica","8":"pa_ciudad-valencia","9":"pa_pais-espana","11":"first","12":"instock","13":"shipping-taxable","14":"product-type-simple"},"acf":[],"_links":{"self":[{"href":"https:\/\/olemosaic.com\/pt-pt\/wp-json\/wp\/v2\/product\/26178","targetHints":{"allow":["GET"]}}],"collection":[{"href":"https:\/\/olemosaic.com\/pt-pt\/wp-json\/wp\/v2\/product"}],"about":[{"href":"https:\/\/olemosaic.com\/pt-pt\/wp-json\/wp\/v2\/types\/product"}],"wp:featuredmedia":[{"embeddable":true,"href":"https:\/\/olemosaic.com\/pt-pt\/wp-json\/wp\/v2\/media\/9881"}],"wp:attachment":[{"href":"https:\/\/olemosaic.com\/pt-pt\/wp-json\/wp\/v2\/media?parent=26178"}],"wp:term":[{"taxonomy":"product_brand","embeddable":true,"href":"https:\/\/olemosaic.com\/pt-pt\/wp-json\/wp\/v2\/product_brand?post=26178"},{"taxonomy":"product_cat","embeddable":true,"href":"https:\/\/olemosaic.com\/pt-pt\/wp-json\/wp\/v2\/product_cat?post=26178"},{"taxonomy":"product_tag","embeddable":true,"href":"https:\/\/olemosaic.com\/pt-pt\/wp-json\/wp\/v2\/product_tag?post=26178"}],"curies":[{"name":"wp","href":"https:\/\/api.w.org\/{rel}","templated":true}]}}