{"id":26177,"date":"2025-02-20T23:28:06","date_gmt":"2025-02-20T22:28:06","guid":{"rendered":"http:\/\/olemosaic.com\/producto\/cenicero-de-ceramica-de-8-cm-panoramica-barcelona-beige\/"},"modified":"2025-07-25T18:48:13","modified_gmt":"2025-07-25T16:48:13","slug":"cinzeiro-de-ceramica-de-8-cm-panoramica-barcelona-bege","status":"publish","type":"product","link":"https:\/\/olemosaic.com\/pt-pt\/produto\/cinzeiro-de-ceramica-de-8-cm-panoramica-barcelona-bege\/","title":{"rendered":"Cinzeiro de cer\u00e2mica de 8 cm. Panor\u00e2mica. Barcelona. Bege"},"content":{"rendered":"<p>Cinzeiro de cer\u00e2mica de 8 cm com uma colorida panor\u00e2mica de Barcelona. Este atraente cinzeiro, com base bege e rebordo vermelho, apresenta uma ilustra\u00e7\u00e3o vibrante da ic\u00f3nica Sagrada Fam\u00edlia juntamente com outros monumentos emblem\u00e1ticos da cidade, num encantador estilo de mosaico que evoca as obras do c\u00e9lebre arquiteto Antoni Gaud\u00ed. Cada detalhe do design, criado e decorado \u00e0 m\u00e3o, real\u00e7a a diversidade e o esp\u00edrito \u00fanico de Barcelona, enfatizando a sua rica heran\u00e7a cultural. A palavra &#8220;Barcelona&#8221; \u00e9 desenhada com letras coloridas na parte superior, tornando este cinzeiro n\u00e3o apenas um objeto funcional, mas tamb\u00e9m uma atraente recorda\u00e7\u00e3o da beleza que esta cidade oferece aos seus visitantes.<\/p>\n<p>Este cinzeiro \u00e9 ideal para os amantes de Barcelona e um excelente souvenir para quem procura levar um peda\u00e7o da cultura catal\u00e3 para casa. A liga\u00e7\u00e3o cultural que apresenta, ao representar um dos destinos mais visitados de Espanha, torna-o um motivo perfeito para qualquer visita. Na Ol\u00e9 Mosaic, estamos comprometidos com a distribui\u00e7\u00e3o de souvenirs aut\u00eanticos, e este cinzeiro \u00e9 uma escolha excecional para as lojas de presentes tur\u00edsticos que procuram produtos distintivos que capturem a ess\u00eancia de Barcelona e a sua rica tradi\u00e7\u00e3o art\u00edstica. Como grossistas de cer\u00e2mica, oferecemos qualidade e autenticidade em cada pe\u00e7a, ideal para os turistas que desejam recordar a sua viagem de forma significativa.<\/p>\n","protected":false},"excerpt":{"rendered":"<p>Cinzeiro de cer\u00e2mica de 8 cm com uma colorida panor\u00e2mica de Barcelona. Este atraente cinzeiro, com base bege e rebordo vermelho, apresenta uma ilustra\u00e7\u00e3o vibrante da Sagrada Fam\u00edlia e outros monumentos emblem\u00e1ticos da cidade, num estilo de mosaico que recorda as obras de Gaud\u00ed. O design, decorado com estilo artesanal, inclui o texto &#8220;Barcelona&#8221;, ideal como recorda\u00e7\u00e3o para os amantes desta cidade ic\u00f3nica.<\/p>\n","protected":false},"featured_media":7770,"template":"","meta":{"_acf_changed":false},"product_brand":[],"product_cat":[564],"product_tag":[515],"class_list":{"0":"post-26177","1":"product","2":"type-product","3":"status-publish","4":"has-post-thumbnail","6":"product_cat-cinzeiros","7":"product_tag-ceramica","8":"pa_ciudad-barcelona","9":"pa_motivo-panoramas","10":"pa_pais-espana","12":"first","13":"instock","14":"shipping-taxable","15":"product-type-simple"},"acf":[],"_links":{"self":[{"href":"https:\/\/olemosaic.com\/pt-pt\/wp-json\/wp\/v2\/product\/26177","targetHints":{"allow":["GET"]}}],"collection":[{"href":"https:\/\/olemosaic.com\/pt-pt\/wp-json\/wp\/v2\/product"}],"about":[{"href":"https:\/\/olemosaic.com\/pt-pt\/wp-json\/wp\/v2\/types\/product"}],"wp:featuredmedia":[{"embeddable":true,"href":"https:\/\/olemosaic.com\/pt-pt\/wp-json\/wp\/v2\/media\/7770"}],"wp:attachment":[{"href":"https:\/\/olemosaic.com\/pt-pt\/wp-json\/wp\/v2\/media?parent=26177"}],"wp:term":[{"taxonomy":"product_brand","embeddable":true,"href":"https:\/\/olemosaic.com\/pt-pt\/wp-json\/wp\/v2\/product_brand?post=26177"},{"taxonomy":"product_cat","embeddable":true,"href":"https:\/\/olemosaic.com\/pt-pt\/wp-json\/wp\/v2\/product_cat?post=26177"},{"taxonomy":"product_tag","embeddable":true,"href":"https:\/\/olemosaic.com\/pt-pt\/wp-json\/wp\/v2\/product_tag?post=26177"}],"curies":[{"name":"wp","href":"https:\/\/api.w.org\/{rel}","templated":true}]}}