{"id":26176,"date":"2025-02-20T23:28:06","date_gmt":"2025-02-20T22:28:06","guid":{"rendered":"http:\/\/olemosaic.com\/producto\/cenicero-de-ceramica-de-13-cm-salamandra-mallorca-beige\/"},"modified":"2025-07-25T19:46:35","modified_gmt":"2025-07-25T17:46:35","slug":"cinzeiro-de-ceramica-de-13-cm-salamandra-maiorca-bege","status":"publish","type":"product","link":"https:\/\/olemosaic.com\/pt-pt\/produto\/cinzeiro-de-ceramica-de-13-cm-salamandra-maiorca-bege\/","title":{"rendered":"Cinzeiro de cer\u00e2mica de 13 cm. Salamandra. Maiorca. Bege"},"content":{"rendered":"<p>Cinzeiro de cer\u00e2mica de 13 cm decorado com salamandras cativantes, um s\u00edmbolo do folclore maiorquino. Este objeto singular combina a tradi\u00e7\u00e3o artesanal da ilha com um design vibrante e contempor\u00e2neo. A sua base, de uma suave cor bege, serve de tela perfeita adornada com flores chamativas em tons vivos, que evocam a diversidade floral caracter\u00edstica da regi\u00e3o. A palavra &#8220;MAIORCA&#8221;, apresentada em letras l\u00fadicas, refor\u00e7a a sua identidade como uma aut\u00eantica recorda\u00e7\u00e3o da ilha. A parte superior destaca-se pelo seu acabamento brilhante em laranja, conferindo um contraste vibrante que atrai todos os olhares.<\/p>\n<p>Pintado \u00e0 m\u00e3o, cada cinzeiro \u00e9 uma pe\u00e7a \u00fanica que reflete a arte e a paix\u00e3o dos artes\u00e3os locais. As salamandras, presentes na sua decora\u00e7\u00e3o, representam n\u00e3o s\u00f3 a fauna de Maiorca, mas tamb\u00e9m a sua rica cultura e tradi\u00e7\u00f5es. Este cinzeiro \u00e9 uma excelente op\u00e7\u00e3o para turistas que procuram um souvenir representativo e aut\u00eantico de Maiorca, ideal para levar um toque da ilha a qualquer lar. Na Ol\u00e9 Mosaic, especializamo-nos na distribui\u00e7\u00e3o de souvenirs por grosso, oferecendo produtos que se destacam pela sua qualidade e car\u00e1ter cultural. Este cinzeiro de cer\u00e2mica \u00e9 um presente perfeito para aqueles que desejam levar um fragmento da ess\u00eancia maiorquina, tornando-se um artigo que n\u00e3o s\u00f3 \u00e9 funcional, mas tamb\u00e9m uma recorda\u00e7\u00e3o memor\u00e1vel da sua visita.<\/p>\n","protected":false},"excerpt":{"rendered":"<p>Cinzeiro de cer\u00e2mica de 13 cm, decorado com salamandras chamativas que evocam o folclore maiorquino. A sua base, de uma suave cor bege, est\u00e1 adornada com flores de cores vivas e a palavra &#8220;MAIORCA&#8221; em letras alegres. A parte superior, com um acabamento brilhante em laranja, cria um contraste vibrante. Este artigo, de design artesanal, pintado \u00e0 m\u00e3o, une arte e funcionalidade, ideal para levar um toque da ilha a qualquer lar.<\/p>\n","protected":false},"featured_media":7733,"template":"","meta":{"_acf_changed":false},"product_brand":[],"product_cat":[564],"product_tag":[516,515],"class_list":{"0":"post-26176","1":"product","2":"type-product","3":"status-publish","4":"has-post-thumbnail","6":"product_cat-cinzeiros","7":"product_tag-animais","8":"product_tag-ceramica","9":"pa_ciudad-mallorca","10":"pa_motivo-salamandras","11":"pa_pais-espana","13":"first","14":"instock","15":"shipping-taxable","16":"product-type-simple"},"acf":[],"_links":{"self":[{"href":"https:\/\/olemosaic.com\/pt-pt\/wp-json\/wp\/v2\/product\/26176","targetHints":{"allow":["GET"]}}],"collection":[{"href":"https:\/\/olemosaic.com\/pt-pt\/wp-json\/wp\/v2\/product"}],"about":[{"href":"https:\/\/olemosaic.com\/pt-pt\/wp-json\/wp\/v2\/types\/product"}],"wp:featuredmedia":[{"embeddable":true,"href":"https:\/\/olemosaic.com\/pt-pt\/wp-json\/wp\/v2\/media\/7733"}],"wp:attachment":[{"href":"https:\/\/olemosaic.com\/pt-pt\/wp-json\/wp\/v2\/media?parent=26176"}],"wp:term":[{"taxonomy":"product_brand","embeddable":true,"href":"https:\/\/olemosaic.com\/pt-pt\/wp-json\/wp\/v2\/product_brand?post=26176"},{"taxonomy":"product_cat","embeddable":true,"href":"https:\/\/olemosaic.com\/pt-pt\/wp-json\/wp\/v2\/product_cat?post=26176"},{"taxonomy":"product_tag","embeddable":true,"href":"https:\/\/olemosaic.com\/pt-pt\/wp-json\/wp\/v2\/product_tag?post=26176"}],"curies":[{"name":"wp","href":"https:\/\/api.w.org\/{rel}","templated":true}]}}