{"id":26170,"date":"2025-02-20T23:28:06","date_gmt":"2025-02-20T22:28:06","guid":{"rendered":"http:\/\/olemosaic.com\/producto\/cenicero-de-ceramica-de-10-cm-patio-blanco\/"},"modified":"2025-07-25T18:33:32","modified_gmt":"2025-07-25T16:33:32","slug":"cinzeiro-de-ceramica-de-10-cm-patio-branco","status":"publish","type":"product","link":"https:\/\/olemosaic.com\/pt-pt\/produto\/cinzeiro-de-ceramica-de-10-cm-patio-branco\/","title":{"rendered":"Cinzeiro de cer\u00e2mica de 10 cm. P\u00e1tio andaluz. Branco"},"content":{"rendered":"<p>Cinzeiro de cer\u00e2mica de 10 cm. Este encantador cinzeiro apresenta uma vibrante cena de baile flamenco, capturando a ess\u00eancia do esp\u00edrito andaluz num design atrativo. A ilustra\u00e7\u00e3o mostra uma bailarina com um traje de bolas vermelhas, girando com gra\u00e7a e paix\u00e3o, acompanhada por um bailarino numa postura din\u00e2mica e festiva. O fundo, com um delicado padr\u00e3o de pedras, reflete a est\u00e9tica t\u00edpica de um p\u00e1tio espanhol adornado com flores e grades coloridas, evocando a cultura festiva de Espanha.<\/p>\n<p>Com 10 cm de di\u00e2metro, esta pe\u00e7a de cer\u00e2mica n\u00e3o s\u00f3 \u00e9 funcional, como tamb\u00e9m se torna um elemento decorativo que acrescenta um toque aut\u00eantico a qualquer lar. Os detalhes art\u00edsticos, como as flores vibrantes e a encantadora arquitetura do fundo, real\u00e7am a rica tradi\u00e7\u00e3o do flamenco e a sua liga\u00e7\u00e3o com as tradi\u00e7\u00f5es culturais andaluzas. Este cinzeiro \u00e9 um souvenir ideal para quem procura uma recorda\u00e7\u00e3o representativa da sua visita a Espanha, simbolizando a alegria e a eleg\u00e2ncia do baile flamenco. Na Ol\u00e9 Mosaic, oferecemos uma sele\u00e7\u00e3o de souvenirs de qualidade que se destacam pela sua autenticidade, tornando este cinzeiro uma excelente op\u00e7\u00e3o para lojas de presentes tur\u00edsticos e grossistas que apreciam o artesanato e o patrim\u00f3nio cultural espanhol.<\/p>\n","protected":false},"excerpt":{"rendered":"<p>Cinzeiro de cer\u00e2mica de 10 cm, decorado com uma vibrante cena de baile flamenco ambientada num encantador p\u00e1tio espanhol. Este design atrativo apresenta uma bailarina com um vestido de bolas vermelhas, acompanhada de um bailarino, rodeados de flores coloridas e um gradeamento que evoca o car\u00e1ter andaluz. O fundo, com um padr\u00e3o de pedras e elementos florais, real\u00e7a a cultura festiva de Espanha. Ideal para adicionar um toque aut\u00eantico ao seu lar.<\/p>\n","protected":false},"featured_media":8490,"template":"","meta":{"_acf_changed":false},"product_brand":[],"product_cat":[564],"product_tag":[515],"class_list":{"0":"post-26170","1":"product","2":"type-product","3":"status-publish","4":"has-post-thumbnail","6":"product_cat-cinzeiros","7":"product_tag-ceramica","8":"pa_motivo-patios","10":"first","11":"instock","12":"shipping-taxable","13":"product-type-simple"},"acf":[],"_links":{"self":[{"href":"https:\/\/olemosaic.com\/pt-pt\/wp-json\/wp\/v2\/product\/26170","targetHints":{"allow":["GET"]}}],"collection":[{"href":"https:\/\/olemosaic.com\/pt-pt\/wp-json\/wp\/v2\/product"}],"about":[{"href":"https:\/\/olemosaic.com\/pt-pt\/wp-json\/wp\/v2\/types\/product"}],"wp:featuredmedia":[{"embeddable":true,"href":"https:\/\/olemosaic.com\/pt-pt\/wp-json\/wp\/v2\/media\/8490"}],"wp:attachment":[{"href":"https:\/\/olemosaic.com\/pt-pt\/wp-json\/wp\/v2\/media?parent=26170"}],"wp:term":[{"taxonomy":"product_brand","embeddable":true,"href":"https:\/\/olemosaic.com\/pt-pt\/wp-json\/wp\/v2\/product_brand?post=26170"},{"taxonomy":"product_cat","embeddable":true,"href":"https:\/\/olemosaic.com\/pt-pt\/wp-json\/wp\/v2\/product_cat?post=26170"},{"taxonomy":"product_tag","embeddable":true,"href":"https:\/\/olemosaic.com\/pt-pt\/wp-json\/wp\/v2\/product_tag?post=26170"}],"curies":[{"name":"wp","href":"https:\/\/api.w.org\/{rel}","templated":true}]}}