{"id":26167,"date":"2025-02-20T23:28:06","date_gmt":"2025-02-20T22:28:06","guid":{"rendered":"http:\/\/olemosaic.com\/producto\/bol-de-coco-con-flores-salamandra-mallorca\/"},"modified":"2025-07-25T20:44:33","modified_gmt":"2025-07-25T18:44:33","slug":"taca-de-coco-com-flores-salamandra-maiorca","status":"publish","type":"product","link":"https:\/\/olemosaic.com\/pt-pt\/produto\/taca-de-coco-com-flores-salamandra-maiorca\/","title":{"rendered":"Ta\u00e7a de coco com flores. Salamandra. Maiorca."},"content":{"rendered":"<p>Ta\u00e7a de coco decorada com flores e uma salamandra, representativa de Maiorca. Esta encantadora ta\u00e7a, elaborada de forma artesanal por artes\u00e3os locais, \u00e9 um exemplo perfeito do folclore mediterr\u00e2nico que caracteriza a ilha. O seu design artesanal apresenta uma vibrante paleta de cores que inclui matizes de amarelo, rosa e azul, criando um contraste cheio de vida que reflete a beleza natural de Maiorca. No centro da ta\u00e7a, destaca-se uma detalhada salamandra, s\u00edmbolo da fauna local, que acrescenta um toque aut\u00eantico e representativo da regi\u00e3o.<\/p>\n<p>Os motivos florais, cuidadosamente pintados com t\u00e9cnicas tradicionais, rodeiam o lagarto, evocando as paisagens ensolaradas e coloridas que adornam esta bela ilha. Esta ta\u00e7a n\u00e3o s\u00f3 \u00e9 ideal para uso decorativo, como tamb\u00e9m pode servir como objeto funcional, perfeito para servir aperitivos ou para um centro de mesa atrativo.<\/p>\n<p>Como recorda\u00e7\u00e3o de Maiorca, esta ta\u00e7a de coco capta a ess\u00eancia cultural e art\u00edstica da ilha, tornando-se um presente perfeito para aqueles que desejam levar um pedacinho do seu esp\u00edrito. Na Ol\u00e9 Mosaic, somos distribuidores de recorda\u00e7\u00f5es aut\u00eanticas, e esta emblem\u00e1tica ta\u00e7a representa a qualidade e o esmero artesanal que procuramos oferecer \u00e0s nossas lojas de presentes tur\u00edsticos. Uma excelente op\u00e7\u00e3o para quem procura recorda\u00e7\u00f5es de Maiorca \u00fanicas e de relev\u00e2ncia cultural.<\/p>\n","protected":false},"excerpt":{"rendered":"<p>Ta\u00e7a de coco decorada com motivos florais coloridos e uma salamandra, representativa de Maiorca. Esta atrativa ta\u00e7a, feita \u00e0 m\u00e3o, apresenta um design artesanal com uma vibrante paleta de cores que inclui amarelos, rosas e azuis, com um encantador lagarto no centro. Ideal para uso decorativo ou funcional, esta ta\u00e7a capta a ess\u00eancia do folclore maiorquino, tornando-se um presente perfeito para os amantes da cultura mediterr\u00e2nica.<\/p>\n","protected":false},"featured_media":10328,"template":"","meta":{"_acf_changed":false},"product_brand":[],"product_cat":[513],"product_tag":[516],"class_list":{"0":"post-26167","1":"product","2":"type-product","3":"status-publish","4":"has-post-thumbnail","6":"product_cat-bols","7":"product_tag-animais","8":"pa_ciudad-mallorca","9":"pa_motivo-salamandras","10":"pa_pais-espana","12":"first","13":"instock","14":"shipping-taxable","15":"product-type-simple"},"acf":[],"_links":{"self":[{"href":"https:\/\/olemosaic.com\/pt-pt\/wp-json\/wp\/v2\/product\/26167","targetHints":{"allow":["GET"]}}],"collection":[{"href":"https:\/\/olemosaic.com\/pt-pt\/wp-json\/wp\/v2\/product"}],"about":[{"href":"https:\/\/olemosaic.com\/pt-pt\/wp-json\/wp\/v2\/types\/product"}],"wp:featuredmedia":[{"embeddable":true,"href":"https:\/\/olemosaic.com\/pt-pt\/wp-json\/wp\/v2\/media\/10328"}],"wp:attachment":[{"href":"https:\/\/olemosaic.com\/pt-pt\/wp-json\/wp\/v2\/media?parent=26167"}],"wp:term":[{"taxonomy":"product_brand","embeddable":true,"href":"https:\/\/olemosaic.com\/pt-pt\/wp-json\/wp\/v2\/product_brand?post=26167"},{"taxonomy":"product_cat","embeddable":true,"href":"https:\/\/olemosaic.com\/pt-pt\/wp-json\/wp\/v2\/product_cat?post=26167"},{"taxonomy":"product_tag","embeddable":true,"href":"https:\/\/olemosaic.com\/pt-pt\/wp-json\/wp\/v2\/product_tag?post=26167"}],"curies":[{"name":"wp","href":"https:\/\/api.w.org\/{rel}","templated":true}]}}