{"id":26166,"date":"2025-02-20T23:28:05","date_gmt":"2025-02-20T22:28:05","guid":{"rendered":"http:\/\/olemosaic.com\/producto\/botella-inox-500-ml-panoramica-bilbao\/"},"modified":"2025-07-25T19:15:26","modified_gmt":"2025-07-25T17:15:26","slug":"garrafa-inox-500-ml-panoramica-bilbau","status":"publish","type":"product","link":"https:\/\/olemosaic.com\/pt-pt\/produto\/garrafa-inox-500-ml-panoramica-bilbau\/","title":{"rendered":"Garrafa inox. 500 ml. Panor\u00e2mica. Bilbau."},"content":{"rendered":"<p>Garrafa de a\u00e7o inoxid\u00e1vel de 500 ml decorada com uma vibrante panor\u00e2mica de Bilbau. Este elegante e funcional souvenir real\u00e7a a ess\u00eancia cultural da cidade, mostrando no seu design a famosa estrutura da Ponte Suspensa, acompanhada pela emblem\u00e1tica arquitetura de Bilbau. Os detalhes art\u00edsticos foram elaborados com uma paleta de cores vivas que inclui azuis, amarelos e vermelhos chamativos, criando um efeito visual que capta a aten\u00e7\u00e3o e evoca a modernidade desta metr\u00f3pole basca.<\/p>\n<p>A garrafa n\u00e3o s\u00f3 \u00e9 perfeita para manter as suas bebidas frias, como tamb\u00e9m se apresenta numa caixa atrativa, o que a torna um presente ideal para os amantes da cultura e do design. A sua superf\u00edcie de a\u00e7o inoxid\u00e1vel garante durabilidade e um uso prolongado, enquanto o pr\u00e1tico design com fecho seguro permite transport\u00e1-la facilmente, fazendo desta garrafa uma op\u00e7\u00e3o perfeita para quem procura souvenirs aut\u00eanticos de Bilbau.<\/p>\n<p>Na Ol\u00e9 Mosaic, dedicamo-nos \u00e0 distribui\u00e7\u00e3o de souvenirs por grosso, e esta garrafa \u00e9 um exemplo excecional de como a funcionalidade se pode integrar com a representa\u00e7\u00e3o art\u00edstica de uma cidade. Ideal para lojas de presentes tur\u00edsticos que procuram oferecer produtos que cativem os visitantes, esta garrafa de Bilbau \u00e9 uma recorda\u00e7\u00e3o imprescind\u00edvel para aqueles que desejam levar consigo uma parte desta vibrante cidade.<\/p>\n","protected":false},"excerpt":{"rendered":"<p>Garrafa de a\u00e7o inoxid\u00e1vel de 500 ml, decorada com uma vibrante panor\u00e2mica de Bilbau. O seu design colorido apresenta a ic\u00f3nica Ponte Suspensa e a emblem\u00e1tica arquitetura da cidade, destacando detalhes art\u00edsticos em azul, amarelo e vermelho. Elegante e funcional, esta garrafa \u00e9 ideal para manter as suas bebidas frias, e a sua superf\u00edcie reflete a ess\u00eancia moderna e cultural de Bilbau. Vem apresentada numa elegante caixa, o que a torna um presente perfeito.<\/p>\n","protected":false},"featured_media":9682,"template":"","meta":{"_acf_changed":false},"product_brand":[],"product_cat":[786],"product_tag":[],"class_list":{"0":"post-26166","1":"product","2":"type-product","3":"status-publish","4":"has-post-thumbnail","6":"product_cat-garrafas-inox","7":"pa_ciudad-bilbao","8":"pa_motivo-panoramas","9":"pa_pais-espana","11":"first","12":"instock","13":"shipping-taxable","14":"product-type-simple"},"acf":[],"_links":{"self":[{"href":"https:\/\/olemosaic.com\/pt-pt\/wp-json\/wp\/v2\/product\/26166","targetHints":{"allow":["GET"]}}],"collection":[{"href":"https:\/\/olemosaic.com\/pt-pt\/wp-json\/wp\/v2\/product"}],"about":[{"href":"https:\/\/olemosaic.com\/pt-pt\/wp-json\/wp\/v2\/types\/product"}],"wp:featuredmedia":[{"embeddable":true,"href":"https:\/\/olemosaic.com\/pt-pt\/wp-json\/wp\/v2\/media\/9682"}],"wp:attachment":[{"href":"https:\/\/olemosaic.com\/pt-pt\/wp-json\/wp\/v2\/media?parent=26166"}],"wp:term":[{"taxonomy":"product_brand","embeddable":true,"href":"https:\/\/olemosaic.com\/pt-pt\/wp-json\/wp\/v2\/product_brand?post=26166"},{"taxonomy":"product_cat","embeddable":true,"href":"https:\/\/olemosaic.com\/pt-pt\/wp-json\/wp\/v2\/product_cat?post=26166"},{"taxonomy":"product_tag","embeddable":true,"href":"https:\/\/olemosaic.com\/pt-pt\/wp-json\/wp\/v2\/product_tag?post=26166"}],"curies":[{"name":"wp","href":"https:\/\/api.w.org\/{rel}","templated":true}]}}