{"id":26154,"date":"2025-02-20T23:28:05","date_gmt":"2025-02-20T22:28:05","guid":{"rendered":"http:\/\/olemosaic.com\/producto\/bola-de-navidad-con-caja-punt-de-trobada-barcelona\/"},"modified":"2025-07-25T19:53:01","modified_gmt":"2025-07-25T17:53:01","slug":"bola-de-natal-com-caixa-punt-de-trobada-barcelona-laco-roxo","status":"publish","type":"product","link":"https:\/\/olemosaic.com\/pt-pt\/produto\/bola-de-natal-com-caixa-punt-de-trobada-barcelona-laco-roxo\/","title":{"rendered":"Bola de Natal com caixa. Punt de trobada. Barcelona. La\u00e7o roxo."},"content":{"rendered":"<p>Bola de Natal decorativa que celebra o ic\u00f3nico estilo de Gaud\u00ed em Barcelona. Este atraente adorno apresenta um design vibrante inspirado nos mosaicos caracter\u00edsticos da arquitetura modernista da cidade, com cores azul, vermelho e amarelo que contrastam sobre um fundo branco, evocando a beleza e o significado cultural dos azulejos de estruturas emblem\u00e1ticas como o Park G\u00fcell. A bola, que inclui uma elegante caixa decorada com um la\u00e7o roxo, \u00e9 ideal para adornar a \u00e1rvore de Natal, conferindo um toque de arte e cultura \u00e0s suas celebra\u00e7\u00f5es de inverno. O seu design destaca-se pelos detalhes intrincados que prestam homenagem ao estilo singular de Gaud\u00ed, fundindo tradi\u00e7\u00e3o e modernidade numa pe\u00e7a que ser\u00e1 recordada. Esta recorda\u00e7\u00e3o n\u00e3o \u00e9 apenas um artigo decorativo, mas um s\u00edmbolo da rica heran\u00e7a cultural de Barcelona, tornando-se o presente perfeito para quem procura uma liga\u00e7\u00e3o mais profunda com a cidade. Na Ol\u00e9 Mosaic, orgulhamo-nos de oferecer recorda\u00e7\u00f5es aut\u00eanticas e representativas, como esta bola de Natal, ideais para lojas de presentes tur\u00edsticos que desejem apresentar produtos que celebrem a cultura e a arte locais.<\/p>\n","protected":false},"excerpt":{"rendered":"<p>Bola de Natal decorativa que celebra o ic\u00f3nico estilo de Gaud\u00ed em Barcelona. Apresenta um design vibrante inspirado em mosaicos, com cores azul, vermelho e amarelo sobre um fundo branco que recorda os intrincados azulejos da arquitetura modernista da cidade. \u00c9 apresentada numa elegante caixa com um la\u00e7o roxo, perfeita para adornar a \u00e1rvore de Natal e adicionar um toque cultural e art\u00edstico \u00e0s suas celebra\u00e7\u00f5es.<\/p>\n","protected":false},"featured_media":9762,"template":"","meta":{"_acf_changed":false},"product_brand":[],"product_cat":[652],"product_tag":[642],"class_list":{"0":"post-26154","1":"product","2":"type-product","3":"status-publish","4":"has-post-thumbnail","6":"product_cat-bolas-de-natal","7":"product_tag-natal","8":"pa_ciudad-barcelona","9":"pa_motivo-punt-de-trobada","10":"pa_pais-espana","12":"first","13":"instock","14":"shipping-taxable","15":"product-type-simple"},"acf":[],"_links":{"self":[{"href":"https:\/\/olemosaic.com\/pt-pt\/wp-json\/wp\/v2\/product\/26154","targetHints":{"allow":["GET"]}}],"collection":[{"href":"https:\/\/olemosaic.com\/pt-pt\/wp-json\/wp\/v2\/product"}],"about":[{"href":"https:\/\/olemosaic.com\/pt-pt\/wp-json\/wp\/v2\/types\/product"}],"wp:featuredmedia":[{"embeddable":true,"href":"https:\/\/olemosaic.com\/pt-pt\/wp-json\/wp\/v2\/media\/9762"}],"wp:attachment":[{"href":"https:\/\/olemosaic.com\/pt-pt\/wp-json\/wp\/v2\/media?parent=26154"}],"wp:term":[{"taxonomy":"product_brand","embeddable":true,"href":"https:\/\/olemosaic.com\/pt-pt\/wp-json\/wp\/v2\/product_brand?post=26154"},{"taxonomy":"product_cat","embeddable":true,"href":"https:\/\/olemosaic.com\/pt-pt\/wp-json\/wp\/v2\/product_cat?post=26154"},{"taxonomy":"product_tag","embeddable":true,"href":"https:\/\/olemosaic.com\/pt-pt\/wp-json\/wp\/v2\/product_tag?post=26154"}],"curies":[{"name":"wp","href":"https:\/\/api.w.org\/{rel}","templated":true}]}}