{"id":26153,"date":"2025-02-20T23:28:05","date_gmt":"2025-02-20T22:28:05","guid":{"rendered":"http:\/\/olemosaic.com\/producto\/bola-de-navidad-con-caja-panoramica-bilbao-2\/"},"modified":"2025-07-25T18:44:22","modified_gmt":"2025-07-25T16:44:22","slug":"bola-de-natal-com-caixa-panoramica-bilbau-laco-rosa","status":"publish","type":"product","link":"https:\/\/olemosaic.com\/pt-pt\/produto\/bola-de-natal-com-caixa-panoramica-bilbau-laco-rosa\/","title":{"rendered":"Bola de Natal com caixa. Panor\u00e2mica. Bilbau. La\u00e7o rosa."},"content":{"rendered":"<p>Bola de Natal decorativa panor\u00e2mica de Bilbau, apresentada numa elegante caixa, \u00e9 a recorda\u00e7\u00e3o perfeita para quem deseja levar consigo a ess\u00eancia desta vibrante cidade do norte de Espanha. Fabricada num material resistente, esta requintada bola captura a magia da \u00e9poca com uma ilustra\u00e7\u00e3o colorida que representa o ic\u00f3nico Pal\u00e1cio de Justi\u00e7a e o famoso Museu Guggenheim, ambos s\u00edmbolos arquitet\u00f3nicos de Bilbau. O design, com o seu variado mosaico de cores brilhantes, converte esta pe\u00e7a numa aut\u00eantica obra de arte que brilhar\u00e1 em qualquer \u00e1rvore de Natal.<\/p>\n<p>A bola conta com um delicado la\u00e7o cor-de-rosa na parte superior, que facilita a sua coloca\u00e7\u00e3o e adiciona um toque festivo \u00e0 decora\u00e7\u00e3o natal\u00edcia. Perfeita para quem procura souvenirs de Bilbau, esta bola de Natal n\u00e3o s\u00f3 embelezar\u00e1 a sua casa, como tamb\u00e9m evocar\u00e1 mem\u00f3rias da sua visita a esta maravilhosa cidade. Al\u00e9m disso, a liga\u00e7\u00e3o cultural que estabelece com Bilbau \u00e9 ineg\u00e1vel, pois representa a fus\u00e3o de tradi\u00e7\u00e3o e modernidade que caracteriza a sua oferta tur\u00edstica.<\/p>\n<p>Na Ol\u00e9 Mosaic, como distribuidores de souvenirs por grosso, oferecemos produtos que se destacam pela sua qualidade e autenticidade, ideais para lojas de presentes tur\u00edsticos que desejam apresentar aos seus clientes recorda\u00e7\u00f5es \u00fanicas da sua passagem por Espanha. Esta bola de Natal ser\u00e1 uma excelente escolha para quem procura um souvenir representativo de Bilbau, trazendo alegria e cultura \u00e0 celebra\u00e7\u00e3o natal\u00edcia.<\/p>\n","protected":false},"excerpt":{"rendered":"<p>Bola de Natal decorativa com design panor\u00e2mico de Bilbau, apresentada numa elegante caixa. Fabricada em material resistente, esta bola captura a ess\u00eancia da cidade com ilustra\u00e7\u00f5es do seu ic\u00f3nico Pal\u00e1cio de Justi\u00e7a e do colorido Museu Guggenheim. Com detalhes num mosaico de cores variadas, inclui um la\u00e7o cor-de-rosa para pendurar. Ideal para adicionar um toque festivo e cultural \u00e0 sua \u00e1rvore de Natal, celebrando a tradi\u00e7\u00e3o de Bilbau.<\/p>\n","protected":false},"featured_media":9856,"template":"","meta":{"_acf_changed":false},"product_brand":[],"product_cat":[652],"product_tag":[642],"class_list":{"0":"post-26153","1":"product","2":"type-product","3":"status-publish","4":"has-post-thumbnail","6":"product_cat-bolas-de-natal","7":"product_tag-natal","8":"pa_ciudad-bilbao","9":"pa_motivo-panoramas","10":"pa_pais-espana","12":"first","13":"instock","14":"shipping-taxable","15":"product-type-simple"},"acf":[],"_links":{"self":[{"href":"https:\/\/olemosaic.com\/pt-pt\/wp-json\/wp\/v2\/product\/26153","targetHints":{"allow":["GET"]}}],"collection":[{"href":"https:\/\/olemosaic.com\/pt-pt\/wp-json\/wp\/v2\/product"}],"about":[{"href":"https:\/\/olemosaic.com\/pt-pt\/wp-json\/wp\/v2\/types\/product"}],"wp:featuredmedia":[{"embeddable":true,"href":"https:\/\/olemosaic.com\/pt-pt\/wp-json\/wp\/v2\/media\/9856"}],"wp:attachment":[{"href":"https:\/\/olemosaic.com\/pt-pt\/wp-json\/wp\/v2\/media?parent=26153"}],"wp:term":[{"taxonomy":"product_brand","embeddable":true,"href":"https:\/\/olemosaic.com\/pt-pt\/wp-json\/wp\/v2\/product_brand?post=26153"},{"taxonomy":"product_cat","embeddable":true,"href":"https:\/\/olemosaic.com\/pt-pt\/wp-json\/wp\/v2\/product_cat?post=26153"},{"taxonomy":"product_tag","embeddable":true,"href":"https:\/\/olemosaic.com\/pt-pt\/wp-json\/wp\/v2\/product_tag?post=26153"}],"curies":[{"name":"wp","href":"https:\/\/api.w.org\/{rel}","templated":true}]}}