{"id":26152,"date":"2025-02-20T23:28:05","date_gmt":"2025-02-20T22:28:05","guid":{"rendered":"http:\/\/olemosaic.com\/producto\/bola-de-navidad-con-caja-panoramica-barcelona-multicolor-2\/"},"modified":"2025-07-25T18:39:10","modified_gmt":"2025-07-25T16:39:10","slug":"bola-de-natal-com-caixa-panoramica-barcelona-salamandra-multicolor","status":"publish","type":"product","link":"https:\/\/olemosaic.com\/pt-pt\/produto\/bola-de-natal-com-caixa-panoramica-barcelona-salamandra-multicolor\/","title":{"rendered":"Bola de Natal com caixa. Panor\u00e2mica. Barcelona. Salamandra. Multicolor."},"content":{"rendered":"<p>Bola de Natal decorativa inspirada na panor\u00e2mica de Barcelona, apresentada numa elegante caixa que a torna um presente perfeito. Este adorno multicolor destaca-se pelo seu design vibrante, que captura a ess\u00eancia do famoso Park G\u00fcell, onde a ic\u00f3nica salamandra de mosaico se mostra em todo o seu esplendor. A combina\u00e7\u00e3o de cores intensas, como o azul e o verde, cria um impacto visual cativante, enquanto os alegres detalhes art\u00edsticos evocam o estilo modernista caracter\u00edstico da cidade.<\/p>\n<p>Com um la\u00e7o cor-de-rosa que adiciona um toque festivo, esta bola \u00e9 ideal para embelezar a sua \u00e1rvore de Natal, conferindo um ar cultural e aut\u00eantico \u00e0s suas decora\u00e7\u00f5es. Este souvenir de Barcelona n\u00e3o \u00e9 apenas um adorno, mas tamb\u00e9m uma recorda\u00e7\u00e3o da rica arquitetura e do esp\u00edrito criativo que caracterizam a Cidade Condal.<\/p>\n<p>Perfeita para os turistas que procuram um souvenir representativo, esta bola de Natal \u00e9 uma excelente op\u00e7\u00e3o para lojas de presentes tur\u00edsticos que desejem oferecer pe\u00e7as \u00fanicas e de qualidade. Na Ol\u00e9 Mosaic, como grossista de souvenirs, garantimos a autenticidade e o design excecional de cada produto, fazendo deste adorno um presente inesquec\u00edvel para qualquer amante de Barcelona.<\/p>\n","protected":false},"excerpt":{"rendered":"<p>Bola de Natal decorativa apresentada numa elegante caixa, inspirada na panor\u00e2mica de Barcelona. Este colorido adorno exibe um design vibrante que inclui a ic\u00f3nica salamandra de mosaico do Park G\u00fcell, emoldurada por cores intensas como o azul e o verde. A bola incorpora detalhes art\u00edsticos que evocam o estilo modernista da cidade, al\u00e9m de um la\u00e7o cor-de-rosa que adiciona um toque festivo. Perfeita para decorar a sua \u00e1rvore de Natal com um toque cultural.<\/p>\n","protected":false},"featured_media":9755,"template":"","meta":{"_acf_changed":false},"product_brand":[],"product_cat":[652],"product_tag":[642],"class_list":{"0":"post-26152","1":"product","2":"type-product","3":"status-publish","4":"has-post-thumbnail","6":"product_cat-bolas-de-natal","7":"product_tag-natal","8":"pa_ciudad-barcelona","9":"pa_motivo-panoramas","10":"pa_pais-espana","12":"first","13":"instock","14":"shipping-taxable","15":"product-type-simple"},"acf":[],"_links":{"self":[{"href":"https:\/\/olemosaic.com\/pt-pt\/wp-json\/wp\/v2\/product\/26152","targetHints":{"allow":["GET"]}}],"collection":[{"href":"https:\/\/olemosaic.com\/pt-pt\/wp-json\/wp\/v2\/product"}],"about":[{"href":"https:\/\/olemosaic.com\/pt-pt\/wp-json\/wp\/v2\/types\/product"}],"wp:featuredmedia":[{"embeddable":true,"href":"https:\/\/olemosaic.com\/pt-pt\/wp-json\/wp\/v2\/media\/9755"}],"wp:attachment":[{"href":"https:\/\/olemosaic.com\/pt-pt\/wp-json\/wp\/v2\/media?parent=26152"}],"wp:term":[{"taxonomy":"product_brand","embeddable":true,"href":"https:\/\/olemosaic.com\/pt-pt\/wp-json\/wp\/v2\/product_brand?post=26152"},{"taxonomy":"product_cat","embeddable":true,"href":"https:\/\/olemosaic.com\/pt-pt\/wp-json\/wp\/v2\/product_cat?post=26152"},{"taxonomy":"product_tag","embeddable":true,"href":"https:\/\/olemosaic.com\/pt-pt\/wp-json\/wp\/v2\/product_tag?post=26152"}],"curies":[{"name":"wp","href":"https:\/\/api.w.org\/{rel}","templated":true}]}}