{"id":26151,"date":"2025-02-20T22:28:04","date_gmt":"2025-02-20T22:28:04","guid":{"rendered":"http:\/\/olemosaic.com\/producto\/bola-de-navidad-con-caja-buhos-fuerteventura\/"},"modified":"2025-07-25T19:42:59","modified_gmt":"2025-07-25T17:42:59","slug":"bola-de-natal-com-caixa-corujas-fuerteventura","status":"publish","type":"product","link":"https:\/\/olemosaic.com\/pt-pt\/produto\/bola-de-natal-com-caixa-corujas-fuerteventura\/","title":{"rendered":"Bola de Natal com caixa. Corujas. Fuerteventura."},"content":{"rendered":"<p>Bola de Natal decorativa inspirada na deslumbrante paisagem de Fuerteventura. Esta recorda\u00e7\u00e3o encantadora, apresentada numa elegante caixa, destaca-se pelo seu design vibrante de uma coruja, elaborada num estilo de mosaico que captura perfeitamente a fauna local das Ilhas Can\u00e1rias. A gama de cores exuberantes, com tons amarelos, verdes e vermelhos, confere a esta bola de Natal um car\u00e1cter festivo e alegre, perfeita para adornar qualquer \u00e1rvore durante as celebra\u00e7\u00f5es natal\u00edcias. A coruja, s\u00edmbolo de sabedoria e mist\u00e9rio, pousa sobre um ramo, oferecendo uma representa\u00e7\u00e3o encantadora da diversidade natural de Fuerteventura.<\/p>\n<p>A base da bola \u00e9 adornada com um padr\u00e3o que evoca as texturas e cores da natureza can\u00e1ria, criando uma liga\u00e7\u00e3o visual e emocional com a ilha. Al\u00e9m do seu apelo est\u00e9tico, inclui um la\u00e7o vermelho para pendurar, que facilita a sua coloca\u00e7\u00e3o e adiciona um elemento decorativo adicional. Este artigo n\u00e3o \u00e9 apenas uma recorda\u00e7\u00e3o representativa de Fuerteventura, mas tamb\u00e9m uma excelente ideia para turistas que procuram um souvenir aut\u00eantico e significativo. Na Ol\u00e9 Mosaic, somos distribuidores de souvenirs que celebram a cultura can\u00e1ria, e esta bola de Natal \u00e9 uma op\u00e7\u00e3o ideal para lojas de presentes tur\u00edsticos que desejem oferecer aos seus clientes produtos \u00fanicos e cheios de tradi\u00e7\u00e3o.<\/p>\n","protected":false},"excerpt":{"rendered":"<p>Bola de Natal decorativa apresentada numa elegante caixa, inspirada na famosa paisagem de Fuerteventura. Esta bola apresenta um design colorido de uma coruja, ao estilo mosaico, com tons vibrantes de amarelo, verde e vermelho, que representam a fauna local. A base da bola \u00e9 adornada com um padr\u00e3o que evoca texturas naturais e inclui um la\u00e7o vermelho para pendurar, tornando-a o presente perfeito para celebrar as festas com um toque can\u00e1rio.<\/p>\n","protected":false},"featured_media":13785,"template":"","meta":{"_acf_changed":false},"product_brand":[],"product_cat":[652],"product_tag":[516,642],"class_list":{"0":"post-26151","1":"product","2":"type-product","3":"status-publish","4":"has-post-thumbnail","6":"product_cat-bolas-de-natal","7":"product_tag-animais","8":"product_tag-natal","9":"pa_ciudad-fuerteventura","10":"pa_motivo-corujas","11":"pa_pais-espana","13":"first","14":"instock","15":"shipping-taxable","16":"product-type-simple"},"acf":[],"_links":{"self":[{"href":"https:\/\/olemosaic.com\/pt-pt\/wp-json\/wp\/v2\/product\/26151","targetHints":{"allow":["GET"]}}],"collection":[{"href":"https:\/\/olemosaic.com\/pt-pt\/wp-json\/wp\/v2\/product"}],"about":[{"href":"https:\/\/olemosaic.com\/pt-pt\/wp-json\/wp\/v2\/types\/product"}],"wp:featuredmedia":[{"embeddable":true,"href":"https:\/\/olemosaic.com\/pt-pt\/wp-json\/wp\/v2\/media\/13785"}],"wp:attachment":[{"href":"https:\/\/olemosaic.com\/pt-pt\/wp-json\/wp\/v2\/media?parent=26151"}],"wp:term":[{"taxonomy":"product_brand","embeddable":true,"href":"https:\/\/olemosaic.com\/pt-pt\/wp-json\/wp\/v2\/product_brand?post=26151"},{"taxonomy":"product_cat","embeddable":true,"href":"https:\/\/olemosaic.com\/pt-pt\/wp-json\/wp\/v2\/product_cat?post=26151"},{"taxonomy":"product_tag","embeddable":true,"href":"https:\/\/olemosaic.com\/pt-pt\/wp-json\/wp\/v2\/product_tag?post=26151"}],"curies":[{"name":"wp","href":"https:\/\/api.w.org\/{rel}","templated":true}]}}