{"id":26125,"date":"2025-02-20T23:28:04","date_gmt":"2025-02-20T22:28:04","guid":{"rendered":"http:\/\/olemosaic.com\/producto\/bola-de-navidad-con-caja-mosaico-2\/"},"modified":"2025-07-25T18:49:09","modified_gmt":"2025-07-25T16:49:09","slug":"bola-de-natal-com-caixa-mosaico-laco-rosa","status":"publish","type":"product","link":"https:\/\/olemosaic.com\/pt-pt\/produto\/bola-de-natal-com-caixa-mosaico-laco-rosa\/","title":{"rendered":"Bola de Natal com caixa. Mosaico. La\u00e7o rosa."},"content":{"rendered":"<p>Bola de Natal decorativa inspirada na bela arte do mosaico espanhol, perfeita para adicionar um toque cultural e festivo \u00e0 sua decora\u00e7\u00e3o natal\u00edcia. Esta bola destaca-se pelo seu design vibrante em tons azuis e verdes, evocando os intrincados padr\u00f5es da cer\u00e2mica andaluza, uma express\u00e3o art\u00edstica tradicional do sul de Espanha h\u00e1 s\u00e9culos. Elaborada com esmero, cada mosaico apresenta elegantes formas geom\u00e9tricas e motivos florais que prestam homenagem \u00e0 rica heran\u00e7a cultural do pa\u00eds. A bola \u00e9 apresentada numa caixa decorativa, o que a torna um presente ideal que celebra o encanto do patrim\u00f3nio espanhol.<\/p>\n<p>Esta pe\u00e7a n\u00e3o \u00e9 apenas um atraente elemento decorativo para a \u00e1rvore de Natal, mas tamb\u00e9m un s\u00edmbolo significativo da liga\u00e7\u00e3o com as tradi\u00e7\u00f5es espanholas. O delicado la\u00e7o rosa complementa o seu esplendor, adicionando um toque de eleg\u00e2ncia. Como recorda\u00e7\u00e3o de qualidade, esta bola de Natal \u00e9 uma excelente op\u00e7\u00e3o para os turistas que desejam recordar a sua visita a Espanha atrav\u00e9s de um objeto aut\u00eantico. Na Ol\u00e9 Mosaic, orgulhamo-nos de ser um distribuidor de souvenirs por grosso, oferecendo produtos \u00fanicos que representam a diversidade cultural e art\u00edstica de Espanha. Esta bola de Natal tornar-se-\u00e1 uma recorda\u00e7\u00e3o preciosa que evoca as cores vibrantes e os padr\u00f5es da tradi\u00e7\u00e3o espanhola.<\/p>\n","protected":false},"excerpt":{"rendered":"<p>Bola de Natal decorativa apresentada numa preciosa caixa, inspirada na arte do mosaico espanhol tradicional. Esta bola destaca-se pelo seu design vibrante em tons azuis e verdes, que evocam os intrincados padr\u00f5es t\u00edpicos da cer\u00e2mica andaluza. Com um delicado la\u00e7o rosa, \u00e9 ideal para adornar a sua \u00e1rvore e conferir um toque festivo e cultural \u00e0 decora\u00e7\u00e3o natal\u00edcia. Perfeita como presente que reflete o encanto do patrim\u00f3nio espanhol.<\/p>\n","protected":false},"featured_media":9831,"template":"","meta":{"_acf_changed":false},"product_brand":[],"product_cat":[652],"product_tag":[642],"class_list":{"0":"post-26125","1":"product","2":"type-product","3":"status-publish","4":"has-post-thumbnail","6":"product_cat-bolas-de-natal","7":"product_tag-natal","8":"pa_motivo-mosaico","10":"first","11":"instock","12":"shipping-taxable","13":"product-type-simple"},"acf":[],"_links":{"self":[{"href":"https:\/\/olemosaic.com\/pt-pt\/wp-json\/wp\/v2\/product\/26125","targetHints":{"allow":["GET"]}}],"collection":[{"href":"https:\/\/olemosaic.com\/pt-pt\/wp-json\/wp\/v2\/product"}],"about":[{"href":"https:\/\/olemosaic.com\/pt-pt\/wp-json\/wp\/v2\/types\/product"}],"wp:featuredmedia":[{"embeddable":true,"href":"https:\/\/olemosaic.com\/pt-pt\/wp-json\/wp\/v2\/media\/9831"}],"wp:attachment":[{"href":"https:\/\/olemosaic.com\/pt-pt\/wp-json\/wp\/v2\/media?parent=26125"}],"wp:term":[{"taxonomy":"product_brand","embeddable":true,"href":"https:\/\/olemosaic.com\/pt-pt\/wp-json\/wp\/v2\/product_brand?post=26125"},{"taxonomy":"product_cat","embeddable":true,"href":"https:\/\/olemosaic.com\/pt-pt\/wp-json\/wp\/v2\/product_cat?post=26125"},{"taxonomy":"product_tag","embeddable":true,"href":"https:\/\/olemosaic.com\/pt-pt\/wp-json\/wp\/v2\/product_tag?post=26125"}],"curies":[{"name":"wp","href":"https:\/\/api.w.org\/{rel}","templated":true}]}}