{"id":26124,"date":"2025-02-20T22:28:04","date_gmt":"2025-02-20T22:28:04","guid":{"rendered":"http:\/\/olemosaic.com\/producto\/bola-de-navidad-con-caja-gato-barcelona\/"},"modified":"2025-07-25T18:34:46","modified_gmt":"2025-07-25T16:34:46","slug":"bola-de-natal-com-caixa-gato-barcelona","status":"publish","type":"product","link":"https:\/\/olemosaic.com\/pt-pt\/produto\/bola-de-natal-com-caixa-gato-barcelona\/","title":{"rendered":"Bola de Natal com caixa. Gato. Barcelona."},"content":{"rendered":"<p>Bola de Natal decorativa de gatos inspirada na vibrante cultura de Barcelona. Esta encantadora pe\u00e7a destaca-se pelo seu design, cuidadosamente elaborado para evocar a famosa obra do arquiteto Antoni Gaud\u00ed. Com um colorido mosaico que captura a ess\u00eancia do modernismo catal\u00e3o, a bola apresenta dois gatos brincalh\u00f5es em tons brilhantes, sobre um fundo de trencad\u00eds que real\u00e7a a est\u00e9tica \u00fanica da cidade. O uso de cores vivas e intensas n\u00e3o s\u00f3 confere um toque festivo, como tamb\u00e9m celebra a criatividade e a inova\u00e7\u00e3o art\u00edstica de Barcelona.<\/p>\n<p>Cada bola de Natal \u00e9 apresentada numa elegante caixa com um la\u00e7o roxo, o que a torna um presente ideal, tanto para adornar a \u00e1rvore como para uma recorda\u00e7\u00e3o significativa de um dos destinos tur\u00edsticos mais emblem\u00e1ticos de Espanha. Este produto \u00e9 perfeito para quem deseja levar para casa um peda\u00e7o da cultura barcelonesa. Na Ol\u00e9 Mosaic, especializamo-nos na distribui\u00e7\u00e3o de souvenirs aut\u00eanticos, e esta bola de Natal de gatos \u00e9 uma op\u00e7\u00e3o excecional para lojas de presentes tur\u00edsticos que procurem artigos \u00fanicos e com uma forte liga\u00e7\u00e3o cultural. Garanta um stock deste encantador souvenir de Barcelona e ofere\u00e7a aos seus clientes uma pe\u00e7a que encapsula o esp\u00edrito natal\u00edcio e a magia da cidade.<\/p>\n","protected":false},"excerpt":{"rendered":"<p>Bola de Natal decorativa com design de gatos, inspirada na vibrante cultura de Barcelona. Esta encantadora pe\u00e7a apresenta um colorido mosaico que evoca a obra de Gaud\u00ed, com dois gatos brincalh\u00f5es em tons brilhantes sobre um fundo de trencad\u00eds. A bola inclui uma elegante caixa e um la\u00e7o roxo, perfeita para adornar a \u00e1rvore de Natal or como um presente especial que captura a ess\u00eancia da arte modernista barcelonesa.<\/p>\n","protected":false},"featured_media":9767,"template":"","meta":{"_acf_changed":false},"product_brand":[],"product_cat":[652],"product_tag":[516,642],"class_list":{"0":"post-26124","1":"product","2":"type-product","3":"status-publish","4":"has-post-thumbnail","6":"product_cat-bolas-de-natal","7":"product_tag-animais","8":"product_tag-natal","9":"pa_ciudad-barcelona","10":"pa_motivo-gatos","11":"pa_pais-espana","13":"first","14":"instock","15":"shipping-taxable","16":"product-type-simple"},"acf":[],"_links":{"self":[{"href":"https:\/\/olemosaic.com\/pt-pt\/wp-json\/wp\/v2\/product\/26124","targetHints":{"allow":["GET"]}}],"collection":[{"href":"https:\/\/olemosaic.com\/pt-pt\/wp-json\/wp\/v2\/product"}],"about":[{"href":"https:\/\/olemosaic.com\/pt-pt\/wp-json\/wp\/v2\/types\/product"}],"wp:featuredmedia":[{"embeddable":true,"href":"https:\/\/olemosaic.com\/pt-pt\/wp-json\/wp\/v2\/media\/9767"}],"wp:attachment":[{"href":"https:\/\/olemosaic.com\/pt-pt\/wp-json\/wp\/v2\/media?parent=26124"}],"wp:term":[{"taxonomy":"product_brand","embeddable":true,"href":"https:\/\/olemosaic.com\/pt-pt\/wp-json\/wp\/v2\/product_brand?post=26124"},{"taxonomy":"product_cat","embeddable":true,"href":"https:\/\/olemosaic.com\/pt-pt\/wp-json\/wp\/v2\/product_cat?post=26124"},{"taxonomy":"product_tag","embeddable":true,"href":"https:\/\/olemosaic.com\/pt-pt\/wp-json\/wp\/v2\/product_tag?post=26124"}],"curies":[{"name":"wp","href":"https:\/\/api.w.org\/{rel}","templated":true}]}}