{"id":26123,"date":"2025-02-20T22:28:04","date_gmt":"2025-02-20T22:28:04","guid":{"rendered":"http:\/\/olemosaic.com\/producto\/bola-de-navidad-con-caja-panoramica-bilbao\/"},"modified":"2025-07-25T19:00:44","modified_gmt":"2025-07-25T17:00:44","slug":"bola-de-natal-com-caixa-panoramica-bilbau","status":"publish","type":"product","link":"https:\/\/olemosaic.com\/pt-pt\/produto\/bola-de-natal-com-caixa-panoramica-bilbau\/","title":{"rendered":"Bola de Natal com caixa. Panor\u00e2mica. Bilbau."},"content":{"rendered":"<p>Bola de Natal decorativa com caixa inspirada na panor\u00e2mica de Bilbau. Este adorno natal\u00edcio exclusivo captura a ess\u00eancia arquitet\u00f3nica e cultural de Bilbau, destacando a ic\u00f3nica obra do Museu Guggenheim, famoso pelo seu design inovador e pela sua impressionante fachada. Fabricada em cer\u00e2mica de alta qualidade, a bola apresenta um design vibrante que inclui mosaicos coloridos, aludindo \u00e0 riqueza visual da cidade. Os detalhes art\u00edsticos que adornam a superf\u00edcie refletem a modernidade e a arte contempor\u00e2nea, caracter\u00edsticas que definem Bilbau no panorama global.<\/p>\n<p>A bola vem acompanhada de uma elegante fita roxa, que n\u00e3o s\u00f3 confere um toque festivo, mas tamb\u00e9m facilita a sua coloca\u00e7\u00e3o na \u00e1rvore de Natal. Esta recorda\u00e7\u00e3o n\u00e3o s\u00f3 embeleza a sua decora\u00e7\u00e3o natal\u00edcia, mas tamb\u00e9m atua como um lembrete das maravilhas arquitet\u00f3nicas de Bilbau, uma cidade que combina tradi\u00e7\u00e3o e modernidade.<\/p>\n<p>Ideal para quem procura recorda\u00e7\u00f5es de qualidade das suas viagens, esta bola de Natal \u00e9 um presente perfeito que simboliza a autenticidade e o valor cultural da regi\u00e3o. Na Ol\u00e9 Mosaic, orgulhamo-nos de ser grossistas de artigos \u00fanicos, oferecendo produtos que capturam a ess\u00eancia de locais emblem\u00e1ticos como Bilbau, ideais para lojas de presentes tur\u00edsticos.<\/p>\n","protected":false},"excerpt":{"rendered":"<p>Bola de Natal decorativa com caixa, inspirada na panor\u00e2mica de Bilbau. Este adorno apresenta um design vibrante que captura a ess\u00eancia arquitet\u00f3nica da cidade, destacando o ic\u00f3nico Guggenheim com mosaicos coloridos e detalhes art\u00edsticos. Fabricada em cer\u00e2mica, a bola \u00e9 adornada com uma fita roxa que adiciona um toque festivo. Perfeita para embelezar a sua \u00e1rvore de Natal e recordar a beleza de Bilbau durante as festas.<\/p>\n","protected":false},"featured_media":9857,"template":"","meta":{"_acf_changed":false},"product_brand":[],"product_cat":[652],"product_tag":[642],"class_list":{"0":"post-26123","1":"product","2":"type-product","3":"status-publish","4":"has-post-thumbnail","6":"product_cat-bolas-de-natal","7":"product_tag-natal","8":"pa_ciudad-bilbao","9":"pa_motivo-panoramas","10":"pa_pais-espana","12":"first","13":"instock","14":"shipping-taxable","15":"product-type-simple"},"acf":[],"_links":{"self":[{"href":"https:\/\/olemosaic.com\/pt-pt\/wp-json\/wp\/v2\/product\/26123","targetHints":{"allow":["GET"]}}],"collection":[{"href":"https:\/\/olemosaic.com\/pt-pt\/wp-json\/wp\/v2\/product"}],"about":[{"href":"https:\/\/olemosaic.com\/pt-pt\/wp-json\/wp\/v2\/types\/product"}],"wp:featuredmedia":[{"embeddable":true,"href":"https:\/\/olemosaic.com\/pt-pt\/wp-json\/wp\/v2\/media\/9857"}],"wp:attachment":[{"href":"https:\/\/olemosaic.com\/pt-pt\/wp-json\/wp\/v2\/media?parent=26123"}],"wp:term":[{"taxonomy":"product_brand","embeddable":true,"href":"https:\/\/olemosaic.com\/pt-pt\/wp-json\/wp\/v2\/product_brand?post=26123"},{"taxonomy":"product_cat","embeddable":true,"href":"https:\/\/olemosaic.com\/pt-pt\/wp-json\/wp\/v2\/product_cat?post=26123"},{"taxonomy":"product_tag","embeddable":true,"href":"https:\/\/olemosaic.com\/pt-pt\/wp-json\/wp\/v2\/product_tag?post=26123"}],"curies":[{"name":"wp","href":"https:\/\/api.w.org\/{rel}","templated":true}]}}